{"id":5076,"date":"2019-07-25T17:04:58","date_gmt":"2019-07-25T15:04:58","guid":{"rendered":"https:\/\/www.satmars.com\/produkte\/lokalizacja-pojazdu\/"},"modified":"2024-07-29T12:18:38","modified_gmt":"2024-07-29T10:18:38","slug":"fahrzeugortung","status":"publish","type":"page","link":"https:\/\/www.satmars.com\/pl\/produkte\/fahrzeugortung\/","title":{"rendered":"Monitorowanie pojazd\u00f3w"},"content":{"rendered":"<div id=\"cmsmasters_row_9r4tfwn0rp\" class=\"cmsmasters_row cmsmasters_color_scheme_default cmsmasters_row_top_default cmsmasters_row_bot_default cmsmasters_row_boxed\">\n<div class=\"cmsmasters_row_outer_parent\">\n<div class=\"cmsmasters_row_outer\">\n<div class=\"cmsmasters_row_inner\">\n<div class=\"cmsmasters_row_margin\">\n<div id=\"cmsmasters_column_a9m7py1l6\" class=\"cmsmasters_column one_first\">\n<div class=\"cmsmasters_column_inner\"><div id=\"cmsmasters_heading_52oje99k6c\" class=\"cmsmasters_heading_wrap cmsmasters_heading_align_left\">\n\t<h4 class=\"cmsmasters_heading\">Navigare necesse est! &#8211; Zasada naszej nawigacji pojazdu<\/h4>\n<\/div>\n<\/div><\/div>\n<\/div>\n<\/div>\n<\/div>\n<\/div>\n<\/div>\n<div id=\"cmsmasters_row_\" class=\"cmsmasters_row cmsmasters_color_scheme_default cmsmasters_row_top_default cmsmasters_row_bot_default cmsmasters_row_boxed\">\n<div class=\"cmsmasters_row_outer_parent\">\n<div class=\"cmsmasters_row_outer\">\n<div class=\"cmsmasters_row_inner\">\n<div class=\"cmsmasters_row_margin\">\n<div id=\"cmsmasters_column_\" class=\"cmsmasters_column one_first\">\n<div class=\"cmsmasters_column_inner\"><\/div><\/div>\n<\/div>\n<\/div>\n<\/div>\n<\/div>\n<\/div>\n<div id=\"cmsmasters_row_\" class=\"cmsmasters_row cmsmasters_color_scheme_default cmsmasters_row_top_default cmsmasters_row_bot_default cmsmasters_row_boxed\">\n<div class=\"cmsmasters_row_outer_parent\">\n<div class=\"cmsmasters_row_outer\">\n<div class=\"cmsmasters_row_inner\">\n<div class=\"cmsmasters_row_margin\">\n<div id=\"cmsmasters_column_hu7nimokjb\" class=\"cmsmasters_column one_first imagemargin-right5\">\n<div class=\"cmsmasters_column_inner\"><div class=\"cmsmasters_img  cmsmasters_image_l responsive\" data-animation=\"fadeIn\" data-delay=\"0\"><img decoding=\"async\" src=\"https:\/\/www.satmars.com\/wp-content\/uploads\/2019\/09\/angebot2.jpg\" \/><\/div><div class=\"cmsmasters_text\">\n<p class=\"p1\">Organizacja oraz kontrola proces\u00f3w logistycznych staj\u0105 si\u0119 coraz bardziej z\u0142o\u017cone. Tendencje takie jak globalizacja, ochrona \u015brodowiska i efektywno\u015b\u0107 kosztowa maj\u0105 znacz\u0105cy wp\u0142yw na przemys\u0142. Jednocze\u015bnie rosn\u0105cym problemem jest kradzie\u017c pojazd\u00f3w i ich \u0142adunku. Wed\u0142ug statystyk z policyjnej prewencji przest\u0119pczo\u015bci (ProPK) w ostatnich latach oko\u0142o 1\/6 europejskich kierowc\u00f3w ci\u0119\u017car\u00f3wek pad\u0142a ofiar\u0105 napadu.<\/p>\n<p>Nasze produkty mog\u0105 pom\u00f3c w utrzymaniu przegl\u0105du pojazd\u00f3w oraz w u\u017cytkowaniu i ochronie najcenniejszych samochod\u00f3w dostawczych i kierowc\u00f3w w optymalny spos\u00f3b.\u00a0Na przyk\u0142ad, zwi\u0119ksz ochron\u0119 swojego kierowcy za pomoc\u0105\u00a0<span style=\"color: #008000;\">SatFONE.smart <a href=\"https:\/\/www.satmars.com\/pl\/produkte\/ochrona-ludzi\/\" target=\"_blank\" rel=\"noopener noreferrer\"><img loading=\"lazy\" decoding=\"async\" class=\"alignnone wp-image-4989 size-full\" src=\"https:\/\/www.satmars.com\/wp-content\/uploads\/2020\/04\/Link-1.png\" alt=\"\" width=\"14\" height=\"14\" \/><\/a><\/span>, naszego mobilnego przycisku napadowego ze zintegrowan\u0105 lokalizacj\u0105 GPS, komunikacj\u0105 g\u0142osow\u0105 i czujnikiem upadku.<\/p>\n<p class=\"p1\">Niezale\u017cnie od tego, czy jest to czysta lokalizacja obiektu, czy wszechstronny pakiet bezpiecze\u0144stwa, ch\u0119tnie Ci doradzimy i udzielimy wsparcia.<\/p>\n<\/div>\n<\/div><\/div>\n<\/div>\n<\/div>\n<\/div>\n<\/div>\n<\/div>\n<div id=\"cmsmasters_row_01re6i4p9c\" class=\"cmsmasters_row cmsmasters_color_scheme_default cmsmasters_row_top_default cmsmasters_row_bot_default cmsmasters_row_boxed\">\n<div class=\"cmsmasters_row_outer_parent\">\n<div class=\"cmsmasters_row_outer\">\n<div class=\"cmsmasters_row_inner\">\n<div class=\"cmsmasters_row_margin\">\n<div id=\"cmsmasters_column_ddbyv6aars\" class=\"cmsmasters_column one_first\">\n<div class=\"cmsmasters_column_inner\"><div class=\"cmsmasters_tabs tabs_mode_tab\">\n<ul class=\"cmsmasters_tabs_list\">\n<li id=\"cmsmasters_tabs_list_item_b61hsw8kyj\" class=\"cmsmasters_tabs_list_item current_tab\">\n<a href=\"#\">\n<span>SatMOS\u00ae.tractor<\/span>\n<\/a>\n<\/li><li id=\"cmsmasters_tabs_list_item_teknftz8n4\" class=\"cmsmasters_tabs_list_item\">\n<a href=\"#\">\n<span>SatMOS\u00ae.car<\/span>\n<\/a>\n<\/li><li id=\"cmsmasters_tabs_list_item_os7334c84p\" class=\"cmsmasters_tabs_list_item\">\n<a href=\"#\">\n<span>SatMOS\u00ae.car-pro<\/span>\n<\/a>\n<\/li><li id=\"cmsmasters_tabs_list_item_iubwaco8v9\" class=\"cmsmasters_tabs_list_item\">\n<a href=\"#\">\n<span>SatMOS\u00ae.secure<\/span>\n<\/a>\n<\/li><\/ul>\n<div class=\"cmsmasters_dot\"><\/div>\n<div class=\"cmsmasters_tabs_wrap\">\n<div id=\"cmsmasters_tab_b61hsw8kyj\" class=\"cmsmasters_tab active_tab\">\n<div class=\"cmsmasters_tab_inner\">\n<h4><img loading=\"lazy\" decoding=\"async\" class=\"wp-image-9508 alignleft\" src=\"https:\/\/www.satmars.com\/wp-content\/uploads\/2024\/05\/SM.tractor-1.png\" alt=\"\" width=\"322\" height=\"227\" srcset=\"https:\/\/www.satmars.com\/wp-content\/uploads\/2024\/05\/SM.tractor-1.png 634w, https:\/\/www.satmars.com\/wp-content\/uploads\/2024\/05\/SM.tractor-1-300x212.png 300w, https:\/\/www.satmars.com\/wp-content\/uploads\/2024\/05\/SM.tractor-1-580x409.png 580w\" sizes=\"auto, (max-width: 322px) 100vw, 322px\" \/>Podstawowa lokalizacja obiekt\u00f3w zoptymalizowana pod k\u0105tem bezpiecze\u0144stwa<\/h4>\n<p><span style=\"color: #008000;\">SatMOS<sup>\u00ae<\/sup>.tractor <\/span>zosta\u0142 zaprojektowany jako podstawowe rozwi\u0105zanie do zabezpieczania i \u015bledzenia wszelkiego rodzaju pojazd\u00f3w. Wraz ze standardami bezpiecze\u0144stwa i mo\u017cliwo\u015bciami rozbudowy typowymi dla SatMARS, system spe\u0142nia wymagania kompletnego systemu bezpiecze\u0144stwa.<\/p>\n<p>Dzi\u0119ki zastosowaniu czujnik\u00f3w ruchu z rodziny <span style=\"color: #008000;\">SatSENS<\/span> w kabinie kierowcy i\/lub w przestrzeni \u0142adunkowej transportera mo\u017cna zapewni\u0107 kierowcy dodatkow\u0105 ochron\u0119 i zabezpieczy\u0107 towary przed kradzie\u017c\u0105. Dzi\u0119ki zmienno\u015bci systemu mo\u017cna go szybko zainstalowa\u0107 i ukry\u0107 w poje\u017adzie.<\/p>\n<p><a href=\"https:\/\/www.satmars.com\/wp-content\/uploads\/2024\/07\/SatMOS\u00ae.tractor-EN.pdf\" target=\"_blank\" rel=\"noopener noreferrer\">Arkusz danych<\/a><\/p>\n<\/div>\n<\/div><div id=\"cmsmasters_tab_teknftz8n4\" class=\"cmsmasters_tab\">\n<div class=\"cmsmasters_tab_inner\">\n<h4><img loading=\"lazy\" decoding=\"async\" class=\"wp-image-9809 alignleft\" src=\"https:\/\/www.satmars.com\/wp-content\/uploads\/2024\/07\/SM.car_.png\" alt=\"\" width=\"212\" height=\"184\" srcset=\"https:\/\/www.satmars.com\/wp-content\/uploads\/2024\/07\/SM.car_.png 402w, https:\/\/www.satmars.com\/wp-content\/uploads\/2024\/07\/SM.car_-300x260.png 300w, https:\/\/www.satmars.com\/wp-content\/uploads\/2024\/07\/SM.car_-400x348.png 400w\" sizes=\"auto, (max-width: 212px) 100vw, 212px\" \/>Urz\u0105dzenie ma\u0142e, ale skuteczne<\/h4>\n<p>Der <span style=\"color: #309601;\">SatMOS<sup>\u00ae<\/sup>.car<\/span> to kompaktowe, ultracienkie urz\u0105dzenie \u015bledz\u0105ce GPS, kt\u00f3re umo\u017cliwia ukryt\u0105 i \u0142atw\u0105 instalacj\u0119. Zosta\u0142o opracowane do r\u00f3\u017cnych zastosowa\u0144, takich jak Kup Tu Zap\u0142a\u0107 Tu (BHPH), wynajem i leasing pojazd\u00f3w, podstawowe zarz\u0105dzanie flot\u0105 i odzyskiwanie skradzionych pojazd\u00f3w.<\/p>\n<p><a href=\"https:\/\/www.satmars.com\/wp-content\/uploads\/2024\/07\/SatMOS\u00ae.car-EN.pdf\" target=\"_blank\" rel=\"noopener noreferrer\">Arkusz danych<\/a><\/p>\n<\/div>\n<\/div><div id=\"cmsmasters_tab_os7334c84p\" class=\"cmsmasters_tab\">\n<div class=\"cmsmasters_tab_inner\">\n<h4><img loading=\"lazy\" decoding=\"async\" class=\"wp-image-9810 alignleft\" src=\"https:\/\/www.satmars.com\/wp-content\/uploads\/2024\/07\/SM.car-pro-1024x772.png\" alt=\"\" width=\"236\" height=\"178\" srcset=\"https:\/\/www.satmars.com\/wp-content\/uploads\/2024\/07\/SM.car-pro-1024x772.png 1024w, https:\/\/www.satmars.com\/wp-content\/uploads\/2024\/07\/SM.car-pro-300x226.png 300w, https:\/\/www.satmars.com\/wp-content\/uploads\/2024\/07\/SM.car-pro-768x579.png 768w, https:\/\/www.satmars.com\/wp-content\/uploads\/2024\/07\/SM.car-pro-580x437.png 580w, https:\/\/www.satmars.com\/wp-content\/uploads\/2024\/07\/SM.car-pro-860x648.png 860w, https:\/\/www.satmars.com\/wp-content\/uploads\/2024\/07\/SM.car-pro.png 1121w\" sizes=\"auto, (max-width: 236px) 100vw, 236px\" \/>Wszechstronny lokalizator pojazd\u00f3w<\/h4>\n<p>Der <span style=\"color: #309601;\">SatMOS<sup>\u00ae<\/sup>.car-pro<\/span> to wszechstronny tracker pojazd\u00f3w z \u0142\u0105czno\u015bci\u0105 GNSS. Urz\u0105dzenie charakteryzuje si\u0119 elastyczno\u015bci\u0105 i mo\u017cliwo\u015bci\u0105 zastosowania w r\u00f3\u017cnych pojazdach ci\u0119\u017carowych i aplikacjach do zarz\u0105dzania flot\u0105.<\/p>\n<p><a href=\"https:\/\/www.satmars.com\/wp-content\/uploads\/2024\/07\/SatMOS\u00ae.car-pro-EN.pdf\" target=\"_blank\" rel=\"noopener noreferrer\">Arkusz danych<\/a><\/p>\n<\/div>\n<\/div><div id=\"cmsmasters_tab_iubwaco8v9\" class=\"cmsmasters_tab\">\n<div class=\"cmsmasters_tab_inner\">\n<h4>Podstawowy system dla r\u00f3\u017cnych zada\u0144 transportowych o wysokim poziomie bezpiecze\u0144stwa<\/h4>\n<p><span style=\"color: #309601;\">SatMOS<sup>\u00ae<\/sup>.secure <\/span>oferuje rozszerzon\u0105 platform\u0119 bezpiecze\u0144stwa, kt\u00f3ra umo\u017cliwia sterowanie kilkoma czujnikami w ci\u0105gniku siod\u0142owym i naczepie za pomoc\u0105 indywidualnie zaprogramowanych element\u00f3w steruj\u0105cych. <span style=\"color: #309601;\">SatMOS<sup>\u00ae<\/sup>.secure<\/span> udost\u0119pnia szerok\u0105 gam\u0119 opcji po\u0142\u0105cze\u0144 dla rodziny\u00a0<span style=\"color: #309601;\">SatSENS<\/span>. Oznacza to, \u017ce mo\u017cna nie tylko sygnalizowa\u0107 przycisk alarmowy w ci\u0105gniku siod\u0142owym, ale tak\u017ce kontrolowa\u0107 i sygnalizowa\u0107 dost\u0119p do przyczepy, nawet akustycznie, je\u015bli jest to wymagane, poprzez pod\u0142\u0105czenie syreny.<\/p>\n<p><a href=\"https:\/\/www.satmars.com\/wp-content\/uploads\/2024\/07\/SatMOS\u00ae.secure-EN.pdf\" target=\"_blank\" rel=\"noopener noreferrer\">Arkusz danych<\/a><\/p>\n<\/div>\n<\/div><\/div>\n<\/div>\n<\/div><\/div>\n<\/div>\n<\/div>\n<\/div>\n<\/div>\n<\/div>\n<div id=\"cmsmasters_row_fhep3spzr\" class=\"cmsmasters_row cmsmasters_color_scheme_default cmsmasters_row_top_default cmsmasters_row_bot_default cmsmasters_row_boxed\">\n<div class=\"cmsmasters_row_outer_parent\">\n<div class=\"cmsmasters_row_outer\">\n<div class=\"cmsmasters_row_inner\">\n<div class=\"cmsmasters_row_margin\">\n<div id=\"cmsmasters_column_pighnzs7y\" class=\"cmsmasters_column one_first\">\n<div class=\"cmsmasters_column_inner\">\n<div id=\"cmsmasters_divider_srm78nmdc\" class=\"cmsmasters_divider cmsmasters_dotted_row cmsmasters_divider_width_long cmsmasters_divider_pos_center\"><\/div>\n<div class=\"cmsmasters_text\">\n<h5 style=\"text-align: center;\"><span style=\"color: #d9252a;\">Je\u015bli masz jakie\u015b pytania? <a href=\"https:\/\/www.satmars.com\/pl\/kontakt\/\" target=\"_blank\" rel=\"noopener noreferrer\">Skontaktuj si\u0119 z nami.<\/a><\/span><\/h5>\n<\/div>\n<\/div><\/div>\n<\/div>\n<\/div>\n<\/div>\n<\/div>\n<\/div>\n\n","protected":false},"excerpt":{"rendered":"","protected":false},"author":1,"featured_media":0,"parent":4787,"menu_order":0,"comment_status":"closed","ping_status":"closed","template":"","meta":{"footnotes":""},"class_list":["post-5076","page","type-page","status-publish","hentry"],"yoast_head":"<!-- This site is optimized with the Yoast SEO plugin v24.6 - https:\/\/yoast.com\/wordpress\/plugins\/seo\/ -->\n<title>Monitorowanie pojazd\u00f3w - SatMARS<\/title>\n<meta name=\"robots\" content=\"index, follow, max-snippet:-1, max-image-preview:large, max-video-preview:-1\" \/>\n<link rel=\"canonical\" href=\"https:\/\/www.satmars.com\/pl\/produkte\/fahrzeugortung\/\" \/>\n<meta property=\"og:locale\" content=\"pl_PL\" \/>\n<meta property=\"og:type\" content=\"article\" \/>\n<meta property=\"og:title\" content=\"Monitorowanie pojazd\u00f3w - SatMARS\" \/>\n<meta property=\"og:url\" content=\"https:\/\/www.satmars.com\/produkte\/fahrzeugortung\/\" \/>\n<meta property=\"og:site_name\" content=\"SatMARS\" \/>\n<meta property=\"article:modified_time\" content=\"2024-07-29T10:18:38+00:00\" \/>\n<meta property=\"og:image\" content=\"https:\/\/www.satmars.com\/wp-content\/uploads\/2020\/04\/Link-1.png\" \/>\n<meta name=\"twitter:card\" content=\"summary_large_image\" \/>\n<meta name=\"twitter:label1\" content=\"Szacowany czas czytania\" \/>\n\t<meta name=\"twitter:data1\" content=\"5 minut\" \/>\n<script type=\"application\/ld+json\" class=\"yoast-schema-graph\">{\"@context\":\"https:\/\/schema.org\",\"@graph\":[{\"@type\":\"WebPage\",\"@id\":\"https:\/\/www.satmars.com\/produkte\/fahrzeugortung\/\",\"url\":\"https:\/\/www.satmars.com\/produkte\/fahrzeugortung\/\",\"name\":\"Monitorowanie pojazd\u00f3w - SatMARS\",\"isPartOf\":{\"@id\":\"https:\/\/www.satmars.com\/#website\"},\"primaryImageOfPage\":{\"@id\":\"https:\/\/www.satmars.com\/produkte\/fahrzeugortung\/#primaryimage\"},\"image\":{\"@id\":\"https:\/\/www.satmars.com\/produkte\/fahrzeugortung\/#primaryimage\"},\"thumbnailUrl\":\"https:\/\/www.satmars.com\/wp-content\/uploads\/2020\/04\/Link-1.png\",\"datePublished\":\"2019-07-25T15:04:58+00:00\",\"dateModified\":\"2024-07-29T10:18:38+00:00\",\"breadcrumb\":{\"@id\":\"https:\/\/www.satmars.com\/produkte\/fahrzeugortung\/#breadcrumb\"},\"inLanguage\":\"pl-PL\",\"potentialAction\":[{\"@type\":\"ReadAction\",\"target\":[\"https:\/\/www.satmars.com\/produkte\/fahrzeugortung\/\"]}]},{\"@type\":\"ImageObject\",\"inLanguage\":\"pl-PL\",\"@id\":\"https:\/\/www.satmars.com\/produkte\/fahrzeugortung\/#primaryimage\",\"url\":\"https:\/\/www.satmars.com\/wp-content\/uploads\/2020\/04\/Link-1.png\",\"contentUrl\":\"https:\/\/www.satmars.com\/wp-content\/uploads\/2020\/04\/Link-1.png\"},{\"@type\":\"BreadcrumbList\",\"@id\":\"https:\/\/www.satmars.com\/produkte\/fahrzeugortung\/#breadcrumb\",\"itemListElement\":[{\"@type\":\"ListItem\",\"position\":1,\"name\":\"Startseite\",\"item\":\"https:\/\/www.satmars.com\/pl\/\"},{\"@type\":\"ListItem\",\"position\":2,\"name\":\"Produkty\",\"item\":\"https:\/\/www.satmars.com\/pl\/produkte\/\"},{\"@type\":\"ListItem\",\"position\":3,\"name\":\"Monitorowanie pojazd\u00f3w\"}]},{\"@type\":\"WebSite\",\"@id\":\"https:\/\/www.satmars.com\/#website\",\"url\":\"https:\/\/www.satmars.com\/\",\"name\":\"SatMARS\",\"description\":\"Navigations- &amp; Kommunikationssysteme GmbH\",\"potentialAction\":[{\"@type\":\"SearchAction\",\"target\":{\"@type\":\"EntryPoint\",\"urlTemplate\":\"https:\/\/www.satmars.com\/?s={search_term_string}\"},\"query-input\":{\"@type\":\"PropertyValueSpecification\",\"valueRequired\":true,\"valueName\":\"search_term_string\"}}],\"inLanguage\":\"pl-PL\"}]}<\/script>\n<!-- \/ Yoast SEO plugin. -->","yoast_head_json":{"title":"Monitorowanie pojazd\u00f3w - SatMARS","robots":{"index":"index","follow":"follow","max-snippet":"max-snippet:-1","max-image-preview":"max-image-preview:large","max-video-preview":"max-video-preview:-1"},"canonical":"https:\/\/www.satmars.com\/pl\/produkte\/fahrzeugortung\/","og_locale":"pl_PL","og_type":"article","og_title":"Monitorowanie pojazd\u00f3w - SatMARS","og_url":"https:\/\/www.satmars.com\/produkte\/fahrzeugortung\/","og_site_name":"SatMARS","article_modified_time":"2024-07-29T10:18:38+00:00","og_image":[{"url":"https:\/\/www.satmars.com\/wp-content\/uploads\/2020\/04\/Link-1.png","type":"","width":"","height":""}],"twitter_card":"summary_large_image","twitter_misc":{"Szacowany czas czytania":"5 minut"},"schema":{"@context":"https:\/\/schema.org","@graph":[{"@type":"WebPage","@id":"https:\/\/www.satmars.com\/produkte\/fahrzeugortung\/","url":"https:\/\/www.satmars.com\/produkte\/fahrzeugortung\/","name":"Monitorowanie pojazd\u00f3w - SatMARS","isPartOf":{"@id":"https:\/\/www.satmars.com\/#website"},"primaryImageOfPage":{"@id":"https:\/\/www.satmars.com\/produkte\/fahrzeugortung\/#primaryimage"},"image":{"@id":"https:\/\/www.satmars.com\/produkte\/fahrzeugortung\/#primaryimage"},"thumbnailUrl":"https:\/\/www.satmars.com\/wp-content\/uploads\/2020\/04\/Link-1.png","datePublished":"2019-07-25T15:04:58+00:00","dateModified":"2024-07-29T10:18:38+00:00","breadcrumb":{"@id":"https:\/\/www.satmars.com\/produkte\/fahrzeugortung\/#breadcrumb"},"inLanguage":"pl-PL","potentialAction":[{"@type":"ReadAction","target":["https:\/\/www.satmars.com\/produkte\/fahrzeugortung\/"]}]},{"@type":"ImageObject","inLanguage":"pl-PL","@id":"https:\/\/www.satmars.com\/produkte\/fahrzeugortung\/#primaryimage","url":"https:\/\/www.satmars.com\/wp-content\/uploads\/2020\/04\/Link-1.png","contentUrl":"https:\/\/www.satmars.com\/wp-content\/uploads\/2020\/04\/Link-1.png"},{"@type":"BreadcrumbList","@id":"https:\/\/www.satmars.com\/produkte\/fahrzeugortung\/#breadcrumb","itemListElement":[{"@type":"ListItem","position":1,"name":"Startseite","item":"https:\/\/www.satmars.com\/pl\/"},{"@type":"ListItem","position":2,"name":"Produkty","item":"https:\/\/www.satmars.com\/pl\/produkte\/"},{"@type":"ListItem","position":3,"name":"Monitorowanie pojazd\u00f3w"}]},{"@type":"WebSite","@id":"https:\/\/www.satmars.com\/#website","url":"https:\/\/www.satmars.com\/","name":"SatMARS","description":"Navigations- &amp; Kommunikationssysteme GmbH","potentialAction":[{"@type":"SearchAction","target":{"@type":"EntryPoint","urlTemplate":"https:\/\/www.satmars.com\/?s={search_term_string}"},"query-input":{"@type":"PropertyValueSpecification","valueRequired":true,"valueName":"search_term_string"}}],"inLanguage":"pl-PL"}]}},"_links":{"self":[{"href":"https:\/\/www.satmars.com\/pl\/wp-json\/wp\/v2\/pages\/5076","targetHints":{"allow":["GET"]}}],"collection":[{"href":"https:\/\/www.satmars.com\/pl\/wp-json\/wp\/v2\/pages"}],"about":[{"href":"https:\/\/www.satmars.com\/pl\/wp-json\/wp\/v2\/types\/page"}],"author":[{"embeddable":true,"href":"https:\/\/www.satmars.com\/pl\/wp-json\/wp\/v2\/users\/1"}],"replies":[{"embeddable":true,"href":"https:\/\/www.satmars.com\/pl\/wp-json\/wp\/v2\/comments?post=5076"}],"version-history":[{"count":8,"href":"https:\/\/www.satmars.com\/pl\/wp-json\/wp\/v2\/pages\/5076\/revisions"}],"predecessor-version":[{"id":9979,"href":"https:\/\/www.satmars.com\/pl\/wp-json\/wp\/v2\/pages\/5076\/revisions\/9979"}],"up":[{"embeddable":true,"href":"https:\/\/www.satmars.com\/pl\/wp-json\/wp\/v2\/pages\/4787"}],"wp:attachment":[{"href":"https:\/\/www.satmars.com\/pl\/wp-json\/wp\/v2\/media?parent=5076"}],"curies":[{"name":"wp","href":"https:\/\/api.w.org\/{rel}","templated":true}]}}