{"id":5044,"date":"2019-07-25T17:10:06","date_gmt":"2019-07-25T15:10:06","guid":{"rendered":"https:\/\/www.satmars.com\/produkte\/zabezpieczenie-naczepy\/"},"modified":"2024-07-29T12:21:32","modified_gmt":"2024-07-29T10:21:32","slug":"aufliegersicherung","status":"publish","type":"page","link":"https:\/\/www.satmars.com\/pl\/produkte\/aufliegersicherung\/","title":{"rendered":"Zabezpieczenie przyczep"},"content":{"rendered":"<div id=\"cmsmasters_row_9r4tfwn0rp\" class=\"cmsmasters_row cmsmasters_color_scheme_default cmsmasters_row_top_default cmsmasters_row_bot_default cmsmasters_row_boxed\">\n<div class=\"cmsmasters_row_outer_parent\">\n<div class=\"cmsmasters_row_outer\">\n<div class=\"cmsmasters_row_inner\">\n<div class=\"cmsmasters_row_margin\">\n<div id=\"cmsmasters_column_a9m7py1l6\" class=\"cmsmasters_column one_first\">\n<div class=\"cmsmasters_column_inner\"><div id=\"cmsmasters_heading_52oje99k6c\" class=\"cmsmasters_heading_wrap cmsmasters_heading_align_left\">\n\t<h4 class=\"cmsmasters_heading\">Zabezpiecz sw\u00f3j \u0142adunek i naczepy przed kradzie\u017c\u0105! A b\u0119dziesz dok\u0142adnie wiedzie\u0107, gdzie w danym momencie znajduj\u0105 si\u0119 Twoje pojazdy!<\/h4>\n<\/div>\n<\/div><\/div>\n<\/div>\n<\/div>\n<\/div>\n<\/div>\n<\/div>\n<div id=\"cmsmasters_row_\" class=\"cmsmasters_row cmsmasters_color_scheme_default cmsmasters_row_top_default cmsmasters_row_bot_default cmsmasters_row_boxed\">\n<div class=\"cmsmasters_row_outer_parent\">\n<div class=\"cmsmasters_row_outer\">\n<div class=\"cmsmasters_row_inner\">\n<div class=\"cmsmasters_row_margin\">\n<div id=\"cmsmasters_column_\" class=\"cmsmasters_column one_first imagemargin-right5\">\n<div class=\"cmsmasters_column_inner\"><div class=\"cmsmasters_img  cmsmasters_image_l responsive\" data-animation=\"fadeIn\" data-delay=\"0\"><img decoding=\"async\" src=\"https:\/\/www.satmars.com\/wp-content\/uploads\/2019\/09\/angebot3.jpg\" \/><\/div><div class=\"cmsmasters_text\">\n<p>Kradzie\u017c naczepy lub innych nadwozi wymiennych wi\u0105\u017ce si\u0119 z wieloma problemami, stresem i prac\u0105. Ale to nie wszystko. Tracisz zam\u00f3wienia, poniewa\u017c naczepa by\u0142a cz\u0119\u015bci\u0105 planu logistycznego.<\/p>\n<p>Wed\u0142ug oblicze\u0144 niemieckiego stowarzyszenia spedycji i logistyki (DSLV) w Niemczech co 20 minut dochodzi do napadu na ci\u0119\u017car\u00f3wk\u0119 i jej \u0142adunku. W 2016 r. zarejestrowano niemal 26 000 przypadk\u00f3w. Wed\u0142ug stowarzyszenia spowodowa\u0142o to szkody o wysoko\u015bci 1,3 miliarda euro.<\/p>\n<p>Ostrze\u017cenie we w\u0142a\u015bciwym czasie jest niezb\u0119dne, aby m\u00f3c szybko podj\u0105\u0107 odpowiednie dzia\u0142ania, poniewa\u017c wiesz, gdzie znajduje si\u0119 Twoja w\u0142asno\u015b\u0107. Lub jeszcze lepiej, chro\u0144 towar, aby w og\u00f3le nie zosta\u0142 skradziony. Pocz\u0105wszy od dodatkowego urz\u0105dzenia blokuj\u0105cego, a\u017c po system bezpiecze\u0144stwa o wysokiej warto\u015bci &#8211; ch\u0119tnie Ci doradzimy.<\/p>\n<\/div>\n<\/div><\/div>\n<\/div>\n<\/div>\n<\/div>\n<\/div>\n<\/div>\n<div id=\"cmsmasters_row_01re6i4p9c\" class=\"cmsmasters_row cmsmasters_color_scheme_default cmsmasters_row_top_default cmsmasters_row_bot_default cmsmasters_row_boxed\">\n<div class=\"cmsmasters_row_outer_parent\">\n<div class=\"cmsmasters_row_outer\">\n<div class=\"cmsmasters_row_inner\">\n<div class=\"cmsmasters_row_margin\">\n<div id=\"cmsmasters_column_ddbyv6aars\" class=\"cmsmasters_column one_first\">\n<div class=\"cmsmasters_column_inner\"><div class=\"cmsmasters_tabs tabs_mode_tab\">\n<ul class=\"cmsmasters_tabs_list\">\n<li id=\"cmsmasters_tabs_list_item_iek3q4voac\" class=\"cmsmasters_tabs_list_item current_tab\">\n<a href=\"#\">\n<span>SatMOS\u00ae.box-enhanced<\/span>\n<\/a>\n<\/li><li id=\"cmsmasters_tabs_list_item_g7adweujim\" class=\"cmsmasters_tabs_list_item\">\n<a href=\"#\">\n<span>SatMOS\u00ae.secure<\/span>\n<\/a>\n<\/li><li id=\"cmsmasters_tabs_list_item_9lvyy5l9e\" class=\"cmsmasters_tabs_list_item\">\n<a href=\"#\">\n<span>SatMOS\u00ae.frigo<\/span>\n<\/a>\n<\/li><li id=\"cmsmasters_tabs_list_item_hjudtwsntb\" class=\"cmsmasters_tabs_list_item\">\n<a href=\"#\">\n<span>Systemy SatLOCK<\/span>\n<\/a>\n<\/li><\/ul>\n<div class=\"cmsmasters_dot\"><\/div>\n<div class=\"cmsmasters_tabs_wrap\">\n<div id=\"cmsmasters_tab_iek3q4voac\" class=\"cmsmasters_tab active_tab\">\n<div class=\"cmsmasters_tab_inner\">\n<h4><img loading=\"lazy\" decoding=\"async\" class=\"wp-image-9826 alignleft\" src=\"https:\/\/www.satmars.com\/wp-content\/uploads\/2024\/07\/SM.box-enhanced-freigestellt-1024x696.png\" alt=\"\" width=\"349\" height=\"237\" srcset=\"https:\/\/www.satmars.com\/wp-content\/uploads\/2024\/07\/SM.box-enhanced-freigestellt-1024x696.png 1024w, https:\/\/www.satmars.com\/wp-content\/uploads\/2024\/07\/SM.box-enhanced-freigestellt-300x204.png 300w, https:\/\/www.satmars.com\/wp-content\/uploads\/2024\/07\/SM.box-enhanced-freigestellt-768x522.png 768w, https:\/\/www.satmars.com\/wp-content\/uploads\/2024\/07\/SM.box-enhanced-freigestellt-1536x1044.png 1536w, https:\/\/www.satmars.com\/wp-content\/uploads\/2024\/07\/SM.box-enhanced-freigestellt-580x394.png 580w, https:\/\/www.satmars.com\/wp-content\/uploads\/2024\/07\/SM.box-enhanced-freigestellt-860x584.png 860w, https:\/\/www.satmars.com\/wp-content\/uploads\/2024\/07\/SM.box-enhanced-freigestellt-1160x788.png 1160w, https:\/\/www.satmars.com\/wp-content\/uploads\/2024\/07\/SM.box-enhanced-freigestellt.png 1653w\" sizes=\"auto, (max-width: 349px) 100vw, 349px\" \/>Solidne, trwa\u0142e i rozszerzalne. Nasze rozwi\u0105zanie do zoptymalizowanego pod k\u0105tem bezpiecze\u0144stwa \u015bledzenia obiekt\u00f3w.<\/h4>\n<p class=\"p1\"><span style=\"color: #008000;\">SatMOS<sup>\u00ae<\/sup>.box-enhanced <\/span>zosta\u0142 specjalnie opracowany do u\u017cytku w ci\u0119\u017ckich pojazdach, takich jak przyczepy, cysterny, ci\u0119\u017car\u00f3wki ch\u0142odnie i naczepy niskopodwoziowe. Wytrzyma\u0142a i wodoodporna konstrukcja zapewnia niezawodne dzia\u0142anie urz\u0105dzenia nawet w trudnych warunkach, np. podczas transportu paliwa i chemikali\u00f3w. Mo\u017ce dzia\u0142a\u0107 do trzech miesi\u0119cy bez zewn\u0119trznego zasilania, dzi\u0119ki czemu idealnie nadaje si\u0119 do lokalizowania naczep, nawet gdy nie s\u0105 one pod\u0142\u0105czone.<\/p>\n<p>Dzi\u0119ki wielu interfejsom i Bluetooth <span style=\"color: #008000;\">SatMOS<sup>\u00ae<\/sup>.box-enhanced<\/span> mo\u017cna \u0142atwo pod\u0142\u0105czy\u0107 zar\u00f3wno do akcesori\u00f3w zewn\u0119trznych, jak i bezprzewodowych.<\/p>\n<p><strong><a href=\"https:\/\/www.satmars.com\/wp-content\/uploads\/2024\/07\/SatMOS\u00ae.box-enhanced-EN.pdf\" target=\"_blank\" rel=\"noopener noreferrer\">Arkusz danych<\/a><\/strong><\/p>\n<\/div>\n<\/div><div id=\"cmsmasters_tab_g7adweujim\" class=\"cmsmasters_tab\">\n<div class=\"cmsmasters_tab_inner\">\n<h4>Podwy\u017cszone bezpiecze\u0144stwo pojazd\u00f3w u\u017cytkowych<\/h4>\n<p><span style=\"color: #008000;\">SatMOS<sup>\u00ae<\/sup>.secure <\/span>to platforma bezpiecze\u0144stwa, kt\u00f3ra umo\u017cliwia kontrolowanie naczepy za pomoc\u0105 indywidualnie zaprogramowanego sterowania kilkoma czujnikami w ci\u0105gniku siod\u0142owym. Zw\u0142aszcza w przypadku transportu cennych towar\u00f3w zwyk\u0142a lokalizacja floty ci\u0119\u017car\u00f3wek, jak\u0105 mo\u017cna osi\u0105gn\u0105\u0107 na przyk\u0142ad za pomoc\u0105 <span style=\"color: #008000;\">SatMOS<sup>\u00ae<\/sup>.box<\/span>, nie jest wystarczaj\u0105ca. Warto\u015b\u0107 \u0142adunku wymaga dodatkowych \u015brodk\u00f3w bezpiecze\u0144stwa.<\/p>\n<p>W tym miejscu do gry wkracza <span style=\"color: #008000;\">SatMOS<sup>\u00ae<\/sup>.secure<\/span> wraz z szerok\u0105 gam\u0105 opcji po\u0142\u0105cze\u0144 z rodziny <span style=\"color: #008000;\">SatSENS<\/span>.<\/p>\n<p>SatMOS\u00ae.secure zosta\u0142 specjalnie opracowany do transportu cennych towar\u00f3w i wykorzystuje jednostk\u0119 \u015bledz\u0105c\u0105 <span style=\"color: #008000;\">SatMOS<sup>\u00ae<\/sup>\u00a018<\/span>, kt\u00f3ra jest u\u017cywana w wielu certyfikowanych firmach transportowych o wysokim poziomie bezpiecze\u0144stwa i kt\u00f3re cz\u0119sto posiadaj\u0105 certyfikaty TAPA TSR-1 i BAT-V1 &#8211; jest to kamie\u0144 w\u0119gielny i wej\u015bcie do specjalnego sektora transportu.<\/p>\n<p><a href=\"https:\/\/www.satmars.com\/wp-content\/uploads\/2024\/07\/SatMOS\u00ae.secure-EN.pdf\" target=\"_blank\" rel=\"noopener noreferrer\">Arkusz danych<\/a><\/p>\n<\/div>\n<\/div><div id=\"cmsmasters_tab_9lvyy5l9e\" class=\"cmsmasters_tab\">\n<div class=\"cmsmasters_tab_inner\">\n<h4>Bezpieczne monitorowanie towar\u00f3w wra\u017cliwych na temperatur\u0119 podczas transportu<\/h4>\n<p>Monitorowanie towar\u00f3w wra\u017cliwych na temperatur\u0119 jest zawsze bardzo wa\u017cn\u0105 i delikatn\u0105 kwesti\u0105. Transport ch\u0142odniczy jest s\u0142usznie uwa\u017cany za &#8222;najwy\u017csz\u0105 dyscyplin\u0119&#8221; w logistyce. Aby chroni\u0107 wra\u017cliwe towary, nale\u017cy utrzymywa\u0107 optymalny \u0142a\u0144cuch ch\u0142odniczy. Je\u015bli tak si\u0119 nie stanie, towary zepsuj\u0105 si\u0119 w najgorszym przypadku.<\/p>\n<p>Mamy wieloletnie do\u015bwiadczenie w tej dziedzinie i oferujemy nasze rozwi\u0105zania do kontrolowania temperatury pokojowej w naczepie, przyczepie lub kontenerze.<\/p>\n<p><span style=\"color: #008000;\">SatMOS\u00ae.frigo<\/span> jest dost\u0119pny z systemami drukarek Euroscan i czujnikami ORBKOMM lub opcjonalnie z naszymi w\u0142asnymi czujnikami temperatury z rodziny produkt\u00f3w <span style=\"color: #008000;\">SatSENS<\/span>. Mo\u017cliwo\u015b\u0107 pod\u0142\u0105czenia do dziesi\u0119ciu niezale\u017cnych czujnik\u00f3w temperatury nie pozostawia nic do \u017cyczenia. Po po\u0142\u0105czeniu <span style=\"color: #008000;\">SatMOS\u00ae.frigo<\/span> z naszymi produktami <span style=\"color: #008000;\">SatLOCK<\/span> system\u00a0spe\u0142nia wymagania kompletnego systemu bezpiecze\u0144stwa,<\/p>\n<p><a href=\"https:\/\/www.satmars.com\/wp-content\/uploads\/2024\/07\/SatMOS\u00ae.frigo-EN.pdf\" target=\"_blank\" rel=\"noopener noreferrer\">Arkusz danych<\/a><\/p>\n<\/div>\n<\/div><div id=\"cmsmasters_tab_hjudtwsntb\" class=\"cmsmasters_tab\">\n<div class=\"cmsmasters_tab_inner\">\n<h4><img loading=\"lazy\" decoding=\"async\" class=\"wp-image-3778 alignleft\" src=\"https:\/\/www.satmars.com\/wp-content\/uploads\/2020\/03\/Bildschirmfoto-2020-02-20-um-11.13.30-300x168.png\" alt=\"\" width=\"167\" height=\"94\" srcset=\"https:\/\/www.satmars.com\/wp-content\/uploads\/2020\/03\/Bildschirmfoto-2020-02-20-um-11.13.30-300x168.png 300w, https:\/\/www.satmars.com\/wp-content\/uploads\/2020\/03\/Bildschirmfoto-2020-02-20-um-11.13.30-768x431.png 768w, https:\/\/www.satmars.com\/wp-content\/uploads\/2020\/03\/Bildschirmfoto-2020-02-20-um-11.13.30-580x326.png 580w, https:\/\/www.satmars.com\/wp-content\/uploads\/2020\/03\/Bildschirmfoto-2020-02-20-um-11.13.30.png 860w\" sizes=\"auto, (max-width: 167px) 100vw, 167px\" \/>Najwy\u017csza ochrona przed kradzie\u017c\u0105 i manipulacj\u0105 w transporcie kosztowno\u015bci<\/h4>\n<p>Zaufanie klient\u00f3w jest najcenniejszym zasobem. Zyskujesz je, gdy dostarczasz ich towary do miejsca przeznaczenia w stanie kompletnym, nienaruszonym i na czas. Transport towar\u00f3w o wysokiej warto\u015bci wymaga doskona\u0142ej logistyki i najwy\u017cszych standard\u00f3w bezpiecze\u0144stwa. Nasze rozwi\u0105zania <span style=\"color: #008000;\">SatLOCK<\/span> s\u0105 specjalnie dostosowane do tego obszaru i w niekt\u00f3rych przypadkach spe\u0142niaj\u0105 normy bezpiecze\u0144stwa, takie jak TAPA-TSR-1 lub nawet wy\u017csze certyfikaty, takie jak BAT-V1.<\/p>\n<p>Wersja Safety Level #1 oferuje maksymalne bezpiecze\u0144stwo. Sk\u0142ada si\u0119 ona nie tylko z systemu zamkni\u0119\u0107 <span style=\"color: #008000;\">SatLOCK<\/span> i systemu zdalnego monitorowania <span style=\"color: #008000;\">SatMOS<sup>\u00ae<\/sup><\/span>, ale tak\u017ce z mechanicznej konstrukcji ramy, kt\u00f3ra zwi\u0119ksza ochron\u0119 przed w\u0142amaniem. Rozwi\u0105zanie uzupe\u0142niaj\u0105 czujniki z rodziny <span style=\"color: #008000;\">SatSENS<\/span>, kt\u00f3re umo\u017cliwiaj\u0105 monitorowanie wn\u0119trza i otoczenia.<\/p>\n<p><span style=\"color: #008000;\">SatLOCK.soft<\/span>: Nasze rozwi\u0105zanie dla samochod\u00f3w dostawczych. <a href=\"https:\/\/www.satmars.com\/wp-content\/uploads\/2024\/07\/SatLOCK.soft-EN.pdf\" target=\"_blank\" rel=\"noopener noreferrer\">Arkusz danych<\/a><\/p>\n<p><span style=\"color: #008000;\">SatLOCK.easy-safe: <\/span>Prosty i ekonomiczny system blokuj\u0105cy, kt\u00f3ry oferuje r\u00f3wnie\u017c opcj\u0119 \u015bledzenia pojazdu i zdalnego sterowania elektronicznym systemem blokuj\u0105cym. <a href=\"https:\/\/www.satmars.com\/wp-content\/uploads\/2024\/07\/SatLOCK.easy-safe-EN.pdf\" target=\"_blank\" rel=\"noopener noreferrer\">Arkusz danych<\/a><\/p>\n<p><span style=\"color: #008000;\">SatLOCK.frame safety-Level #2:<span style=\"color: #333333;\"><span style=\"color: #808080;\"> Opr\u00f3cz zaawansowanego blokowania i zdalnego monitorowania, rama SatLOCK High-Value zapewnia dodatkow\u0105 ochron\u0119 dzi\u0119ki solidnej, mechanicznej konstrukcji ramy z trzema sta\u0142ymi ryglami na drzwi i dwoma ruchomymi ryglami w prawych drzwiach, kt\u00f3re skutecznie zapobiegaj\u0105 w\u0142amaniom. <a href=\"https:\/\/www.satmars.com\/wp-content\/uploads\/2024\/07\/SatLOCK.frame-SL2-EN.pdf\" target=\"_blank\" rel=\"noopener noreferrer\">Arkusz danych<\/a><\/span><\/span><\/span><\/p>\n<p><span style=\"color: #008000;\">SatLOCK.frame safety-Level #1: <\/span>Nasza wersja poziomu bezpiecze\u0144stwa #1 gwarantuje maksymalne bezpiecze\u0144stwo. Rozwi\u0105zanie to, opracowane specjalnie z my\u015bl\u0105 o transporcie produkt\u00f3w farmaceutycznych lub tytoniowych, spe\u0142nia najwy\u017csze wymogi bezpiecze\u0144stwa, w tym certyfikaty TAPA-TSR-1 i BAT-V1. <a href=\"https:\/\/www.satmars.com\/wp-content\/uploads\/2024\/07\/SatLOCK.frame-SL1-EN.pdf\" target=\"_blank\" rel=\"noopener noreferrer\">Arkusz danych<\/a><\/p>\n<p>&nbsp;<\/p>\n<p>&nbsp;<\/p>\n<\/div>\n<\/div><\/div>\n<\/div>\n<div id=\"cmsmasters_divider_e35ay40hcp\" class=\"cmsmasters_divider cmsmasters_dotted_row cmsmasters_divider_width_long cmsmasters_divider_pos_center\"><\/div>\n<\/div><\/div>\n<\/div>\n<\/div>\n<\/div>\n<\/div>\n<\/div>\n<div id=\"cmsmasters_row_cnc610of4d\" class=\"cmsmasters_row cmsmasters_color_scheme_default cmsmasters_row_top_default cmsmasters_row_bot_default cmsmasters_row_boxed\">\n<div class=\"cmsmasters_row_outer_parent\">\n<div class=\"cmsmasters_row_outer\">\n<div class=\"cmsmasters_row_inner\">\n<div class=\"cmsmasters_row_margin\">\n<div id=\"cmsmasters_column_mbihlq35qi\" class=\"cmsmasters_column one_first\">\n<div class=\"cmsmasters_column_inner\"><div class=\"cmsmasters_text\">\n<p>Dzi\u0119ki r\u00f3\u017cnorodnym opcjom po\u0142\u0105cze\u0144, np. z produktami z rodziny <span style=\"color: #008000;\">SatSENS<\/span>, mo\u017cna rozszerzy\u0107 wspomniane systemy do wy\u017cszego standardu bezpiecze\u0144stwa lub do specjalnych transport\u00f3w.<\/p>\n<\/div>\n<div class=\"cmsmasters_text\">\n<p>Przyk\u0142adem takiego rozwi\u0105zania w zakresie us\u0142ug jest <span style=\"color: #008000;\">SatMOS<sup>\u00ae<\/sup>.frigo<\/span>, kt\u00f3ry w po\u0142\u0105czeniu z produktami z rodziny <span style=\"color: #008000;\">SatLOCK <\/span>spe\u0142nia wymagania oczekiwane np. w bran\u017cy farmaceutycznej.<\/p>\n<\/div>\n<\/div><\/div>\n<\/div>\n<\/div>\n<\/div>\n<\/div>\n<\/div>\n<div id=\"cmsmasters_row_fhep3spzr\" class=\"cmsmasters_row cmsmasters_color_scheme_default cmsmasters_row_top_default cmsmasters_row_bot_default cmsmasters_row_boxed\">\n<div class=\"cmsmasters_row_outer_parent\">\n<div class=\"cmsmasters_row_outer\">\n<div class=\"cmsmasters_row_inner\">\n<div class=\"cmsmasters_row_margin\">\n<div id=\"cmsmasters_column_pighnzs7y\" class=\"cmsmasters_column one_first\">\n<div class=\"cmsmasters_column_inner\">\n<div id=\"cmsmasters_divider_srm78nmdc\" class=\"cmsmasters_divider cmsmasters_dotted_row cmsmasters_divider_width_long cmsmasters_divider_pos_center\"><\/div>\n<div class=\"cmsmasters_text\">\n<h5 style=\"text-align: center;\"><span style=\"color: #d9252a;\">Je\u015bli masz jakie\u015b pytania? <a href=\"https:\/\/www.satmars.com\/pl\/kontakt\/\" target=\"_blank\" rel=\"noopener noreferrer\">Skontaktuj si\u0119 z nami.<\/a><\/span><\/h5>\n<\/div>\n<\/div><\/div>\n<\/div>\n<\/div>\n<\/div>\n<\/div>\n<\/div>\n\n","protected":false},"excerpt":{"rendered":"","protected":false},"author":1,"featured_media":0,"parent":4787,"menu_order":0,"comment_status":"closed","ping_status":"closed","template":"","meta":{"footnotes":""},"class_list":["post-5044","page","type-page","status-publish","hentry"],"yoast_head":"<!-- This site is optimized with the Yoast SEO plugin v24.6 - https:\/\/yoast.com\/wordpress\/plugins\/seo\/ -->\n<title>Zabezpieczenie przyczep - SatMARS<\/title>\n<meta name=\"robots\" content=\"index, follow, max-snippet:-1, max-image-preview:large, max-video-preview:-1\" \/>\n<link rel=\"canonical\" href=\"https:\/\/www.satmars.com\/pl\/produkte\/aufliegersicherung\/\" \/>\n<meta property=\"og:locale\" content=\"pl_PL\" \/>\n<meta property=\"og:type\" content=\"article\" \/>\n<meta property=\"og:title\" content=\"Zabezpieczenie przyczep - SatMARS\" \/>\n<meta property=\"og:url\" content=\"https:\/\/www.satmars.com\/produkte\/aufliegersicherung\/\" \/>\n<meta property=\"og:site_name\" content=\"SatMARS\" \/>\n<meta property=\"article:modified_time\" content=\"2024-07-29T10:21:32+00:00\" \/>\n<meta property=\"og:image\" content=\"https:\/\/www.satmars.com\/wp-content\/uploads\/2024\/07\/SM.box-enhanced-freigestellt-1024x696.png\" \/>\n<meta name=\"twitter:card\" content=\"summary_large_image\" \/>\n<meta name=\"twitter:label1\" content=\"Szacowany czas czytania\" \/>\n\t<meta name=\"twitter:data1\" content=\"7 minut\" \/>\n<script type=\"application\/ld+json\" class=\"yoast-schema-graph\">{\"@context\":\"https:\/\/schema.org\",\"@graph\":[{\"@type\":\"WebPage\",\"@id\":\"https:\/\/www.satmars.com\/produkte\/aufliegersicherung\/\",\"url\":\"https:\/\/www.satmars.com\/produkte\/aufliegersicherung\/\",\"name\":\"Zabezpieczenie przyczep - SatMARS\",\"isPartOf\":{\"@id\":\"https:\/\/www.satmars.com\/#website\"},\"primaryImageOfPage\":{\"@id\":\"https:\/\/www.satmars.com\/produkte\/aufliegersicherung\/#primaryimage\"},\"image\":{\"@id\":\"https:\/\/www.satmars.com\/produkte\/aufliegersicherung\/#primaryimage\"},\"thumbnailUrl\":\"https:\/\/www.satmars.com\/wp-content\/uploads\/2024\/07\/SM.box-enhanced-freigestellt-1024x696.png\",\"datePublished\":\"2019-07-25T15:10:06+00:00\",\"dateModified\":\"2024-07-29T10:21:32+00:00\",\"breadcrumb\":{\"@id\":\"https:\/\/www.satmars.com\/produkte\/aufliegersicherung\/#breadcrumb\"},\"inLanguage\":\"pl-PL\",\"potentialAction\":[{\"@type\":\"ReadAction\",\"target\":[\"https:\/\/www.satmars.com\/produkte\/aufliegersicherung\/\"]}]},{\"@type\":\"ImageObject\",\"inLanguage\":\"pl-PL\",\"@id\":\"https:\/\/www.satmars.com\/produkte\/aufliegersicherung\/#primaryimage\",\"url\":\"https:\/\/www.satmars.com\/wp-content\/uploads\/2024\/07\/SM.box-enhanced-freigestellt-1024x696.png\",\"contentUrl\":\"https:\/\/www.satmars.com\/wp-content\/uploads\/2024\/07\/SM.box-enhanced-freigestellt-1024x696.png\"},{\"@type\":\"BreadcrumbList\",\"@id\":\"https:\/\/www.satmars.com\/produkte\/aufliegersicherung\/#breadcrumb\",\"itemListElement\":[{\"@type\":\"ListItem\",\"position\":1,\"name\":\"Startseite\",\"item\":\"https:\/\/www.satmars.com\/pl\/\"},{\"@type\":\"ListItem\",\"position\":2,\"name\":\"Produkty\",\"item\":\"https:\/\/www.satmars.com\/pl\/produkte\/\"},{\"@type\":\"ListItem\",\"position\":3,\"name\":\"Zabezpieczenie przyczep\"}]},{\"@type\":\"WebSite\",\"@id\":\"https:\/\/www.satmars.com\/#website\",\"url\":\"https:\/\/www.satmars.com\/\",\"name\":\"SatMARS\",\"description\":\"Navigations- &amp; Kommunikationssysteme GmbH\",\"potentialAction\":[{\"@type\":\"SearchAction\",\"target\":{\"@type\":\"EntryPoint\",\"urlTemplate\":\"https:\/\/www.satmars.com\/?s={search_term_string}\"},\"query-input\":{\"@type\":\"PropertyValueSpecification\",\"valueRequired\":true,\"valueName\":\"search_term_string\"}}],\"inLanguage\":\"pl-PL\"}]}<\/script>\n<!-- \/ Yoast SEO plugin. -->","yoast_head_json":{"title":"Zabezpieczenie przyczep - SatMARS","robots":{"index":"index","follow":"follow","max-snippet":"max-snippet:-1","max-image-preview":"max-image-preview:large","max-video-preview":"max-video-preview:-1"},"canonical":"https:\/\/www.satmars.com\/pl\/produkte\/aufliegersicherung\/","og_locale":"pl_PL","og_type":"article","og_title":"Zabezpieczenie przyczep - SatMARS","og_url":"https:\/\/www.satmars.com\/produkte\/aufliegersicherung\/","og_site_name":"SatMARS","article_modified_time":"2024-07-29T10:21:32+00:00","og_image":[{"url":"https:\/\/www.satmars.com\/wp-content\/uploads\/2024\/07\/SM.box-enhanced-freigestellt-1024x696.png","type":"","width":"","height":""}],"twitter_card":"summary_large_image","twitter_misc":{"Szacowany czas czytania":"7 minut"},"schema":{"@context":"https:\/\/schema.org","@graph":[{"@type":"WebPage","@id":"https:\/\/www.satmars.com\/produkte\/aufliegersicherung\/","url":"https:\/\/www.satmars.com\/produkte\/aufliegersicherung\/","name":"Zabezpieczenie przyczep - SatMARS","isPartOf":{"@id":"https:\/\/www.satmars.com\/#website"},"primaryImageOfPage":{"@id":"https:\/\/www.satmars.com\/produkte\/aufliegersicherung\/#primaryimage"},"image":{"@id":"https:\/\/www.satmars.com\/produkte\/aufliegersicherung\/#primaryimage"},"thumbnailUrl":"https:\/\/www.satmars.com\/wp-content\/uploads\/2024\/07\/SM.box-enhanced-freigestellt-1024x696.png","datePublished":"2019-07-25T15:10:06+00:00","dateModified":"2024-07-29T10:21:32+00:00","breadcrumb":{"@id":"https:\/\/www.satmars.com\/produkte\/aufliegersicherung\/#breadcrumb"},"inLanguage":"pl-PL","potentialAction":[{"@type":"ReadAction","target":["https:\/\/www.satmars.com\/produkte\/aufliegersicherung\/"]}]},{"@type":"ImageObject","inLanguage":"pl-PL","@id":"https:\/\/www.satmars.com\/produkte\/aufliegersicherung\/#primaryimage","url":"https:\/\/www.satmars.com\/wp-content\/uploads\/2024\/07\/SM.box-enhanced-freigestellt-1024x696.png","contentUrl":"https:\/\/www.satmars.com\/wp-content\/uploads\/2024\/07\/SM.box-enhanced-freigestellt-1024x696.png"},{"@type":"BreadcrumbList","@id":"https:\/\/www.satmars.com\/produkte\/aufliegersicherung\/#breadcrumb","itemListElement":[{"@type":"ListItem","position":1,"name":"Startseite","item":"https:\/\/www.satmars.com\/pl\/"},{"@type":"ListItem","position":2,"name":"Produkty","item":"https:\/\/www.satmars.com\/pl\/produkte\/"},{"@type":"ListItem","position":3,"name":"Zabezpieczenie przyczep"}]},{"@type":"WebSite","@id":"https:\/\/www.satmars.com\/#website","url":"https:\/\/www.satmars.com\/","name":"SatMARS","description":"Navigations- &amp; Kommunikationssysteme GmbH","potentialAction":[{"@type":"SearchAction","target":{"@type":"EntryPoint","urlTemplate":"https:\/\/www.satmars.com\/?s={search_term_string}"},"query-input":{"@type":"PropertyValueSpecification","valueRequired":true,"valueName":"search_term_string"}}],"inLanguage":"pl-PL"}]}},"_links":{"self":[{"href":"https:\/\/www.satmars.com\/pl\/wp-json\/wp\/v2\/pages\/5044","targetHints":{"allow":["GET"]}}],"collection":[{"href":"https:\/\/www.satmars.com\/pl\/wp-json\/wp\/v2\/pages"}],"about":[{"href":"https:\/\/www.satmars.com\/pl\/wp-json\/wp\/v2\/types\/page"}],"author":[{"embeddable":true,"href":"https:\/\/www.satmars.com\/pl\/wp-json\/wp\/v2\/users\/1"}],"replies":[{"embeddable":true,"href":"https:\/\/www.satmars.com\/pl\/wp-json\/wp\/v2\/comments?post=5044"}],"version-history":[{"count":14,"href":"https:\/\/www.satmars.com\/pl\/wp-json\/wp\/v2\/pages\/5044\/revisions"}],"predecessor-version":[{"id":9980,"href":"https:\/\/www.satmars.com\/pl\/wp-json\/wp\/v2\/pages\/5044\/revisions\/9980"}],"up":[{"embeddable":true,"href":"https:\/\/www.satmars.com\/pl\/wp-json\/wp\/v2\/pages\/4787"}],"wp:attachment":[{"href":"https:\/\/www.satmars.com\/pl\/wp-json\/wp\/v2\/media?parent=5044"}],"curies":[{"name":"wp","href":"https:\/\/api.w.org\/{rel}","templated":true}]}}