{"id":5010,"date":"2020-06-23T14:27:36","date_gmt":"2020-06-23T12:27:36","guid":{"rendered":"https:\/\/www.satmars.com\/produkte\/rozwiazania-programowe\/"},"modified":"2024-07-19T08:47:38","modified_gmt":"2024-07-19T06:47:38","slug":"rozwiazania-programowe","status":"publish","type":"page","link":"https:\/\/www.satmars.com\/pl\/produkte\/rozwiazania-programowe\/","title":{"rendered":"Rozwi\u0105zania programowe"},"content":{"rendered":"<div id=\"cmsmasters_row_9r4tfwn0rp\" class=\"cmsmasters_row cmsmasters_color_scheme_default cmsmasters_row_top_default cmsmasters_row_bot_default cmsmasters_row_boxed\">\n<div class=\"cmsmasters_row_outer_parent\">\n<div class=\"cmsmasters_row_outer\">\n<div class=\"cmsmasters_row_inner\">\n<div class=\"cmsmasters_row_margin\">\n<div id=\"cmsmasters_column_a9m7py1l6\" class=\"cmsmasters_column one_first\">\n<div class=\"cmsmasters_column_inner\"><div id=\"cmsmasters_heading_52oje99k6c\" class=\"cmsmasters_heading_wrap cmsmasters_heading_align_left\">\n\t<h4 class=\"cmsmasters_heading\">Nasze rozwi\u0105zania programowe &#8211; Niezb\u0119dna cz\u0119\u015b\u0107 naszego konceptu bezpiecze\u0144stwa<\/h4>\n<\/div>\n<\/div><\/div>\n<\/div>\n<\/div>\n<\/div>\n<\/div>\n<\/div>\n<div id=\"cmsmasters_row_\" class=\"cmsmasters_row cmsmasters_color_scheme_default imagemargin-right5 cmsmasters_row_top_default cmsmasters_row_bot_default cmsmasters_row_boxed\">\n<div class=\"cmsmasters_row_outer_parent\">\n<div class=\"cmsmasters_row_outer\">\n<div class=\"cmsmasters_row_inner\">\n<div class=\"cmsmasters_row_margin\">\n<div id=\"cmsmasters_column_\" class=\"cmsmasters_column one_first\">\n<div class=\"cmsmasters_column_inner\"><div class=\"cmsmasters_img  cmsmasters_image_l responsive\" data-animation=\"fadeIn\" data-delay=\"0\"><img decoding=\"async\" src=\"https:\/\/www.satmars.com\/wp-content\/uploads\/2019\/09\/angebot6.jpg\" \/><\/div><div class=\"cmsmasters_text\">\n<p>Dzi\u0119ki wewn\u0119trznemu rozwojowi oprogramowania oferujemy wysoki poziom bezpiecze\u0144stwa i stabilno\u015bci, ale tak\u017ce kompatybilno\u015b\u0107 i elastyczno\u015b\u0107.\u00a0Nasze rozwi\u0105zania s\u0105 specjalnie zaprojektowane, aby uwzgl\u0119dni\u0107 bezpiecze\u0144stwo i zwi\u0105zany z tym transport cennych towar\u00f3w.<\/p>\n<p>Dzi\u0119ki naszemu portalowi SatWEB.online otrzymasz mo\u017cliwo\u015b\u0107 kontrolowania i monitorowania ca\u0142ej Twojej floty. R\u00f3\u017cnorodne us\u0142ugi automatyczne odbywaj\u0105ce sie w tle wykonuj\u0105 procesy zwi\u0119kszaj\u0105ce bezpiecze\u0144stwo, aby\u015b nie musia\u0142 si\u0119 niczym martwi\u0107.<\/p>\n<p class=\"p1\">Mo\u017cesz przekaza\u0107 dane telematyczne naszych system\u00f3w <span style=\"color: #008000;\">SatMOS<sup>\u00ae<\/sup> Systeme <a href=\"https:\/\/www.satmars.com\/pl\/produkte\/zabezpieczenie-naczepy\/\" target=\"_blank\" rel=\"noopener noreferrer\"><img loading=\"lazy\" decoding=\"async\" class=\"alignnone wp-image-4989\" src=\"https:\/\/www.satmars.com\/wp-content\/uploads\/2020\/04\/Link-1.png\" alt=\"\" width=\"14\" height=\"14\" \/><\/a> <\/span>do rozwi\u0105za\u0144 zarz\u0105dzania flot\u0105 i innych us\u0142ug zewn\u0119trznych. Astrata i Project44 (dawniej Gatehouse) to tylko dwa przyk\u0142ady naszych partner\u00f3w, z kt\u00f3rymi wsp\u00f3\u0142pracujemy.<\/p>\n<\/div>\n<\/div><\/div>\n<\/div>\n<\/div>\n<\/div>\n<\/div>\n<\/div>\n<div id=\"cmsmasters_row_01re6i4p9c\" class=\"cmsmasters_row cmsmasters_color_scheme_default cmsmasters_row_top_default cmsmasters_row_bot_default cmsmasters_row_boxed\">\n<div class=\"cmsmasters_row_outer_parent\">\n<div class=\"cmsmasters_row_outer\">\n<div class=\"cmsmasters_row_inner\">\n<div class=\"cmsmasters_row_margin\">\n<div id=\"cmsmasters_column_ddbyv6aars\" class=\"cmsmasters_column one_first\">\n<div class=\"cmsmasters_column_inner\"><div class=\"cmsmasters_tabs tabs_mode_tab\">\n<ul class=\"cmsmasters_tabs_list\">\n<li id=\"cmsmasters_tabs_list_item_ltm9htig2r\" class=\"cmsmasters_tabs_list_item current_tab\">\n<a href=\"#\">\n<span>SatWEB.online<\/span>\n<\/a>\n<\/li><li id=\"cmsmasters_tabs_list_item_px5ly8gsp\" class=\"cmsmasters_tabs_list_item\">\n<a href=\"#\">\n<span>Horizon Suite<\/span>\n<\/a>\n<\/li><\/ul>\n<div class=\"cmsmasters_dot\"><\/div>\n<div class=\"cmsmasters_tabs_wrap\">\n<div id=\"cmsmasters_tab_ltm9htig2r\" class=\"cmsmasters_tab active_tab\">\n<div class=\"cmsmasters_tab_inner\">\n<h4>Nasz portal internetowy do sterowania i monitorowania system\u00f3w telematycznych<\/h4>\n<p>Dzi\u0119ki naszemu portalowi <span style=\"color: #008000;\">SatWEB.online<\/span> kontrolujesz i monitorujesz ca\u0142\u0105 Twoj\u0105 flot\u0119. Oferujemy nie tylko integracj\u0119 naszych system\u00f3w <span style=\"color: #008000;\">SatMOS<sup>\u00ae<\/sup><\/span>, ale r\u00f3wnie\u017c mo\u017cesz \u0142atwo \u015bledzi\u0107 i kontrolowa\u0107 na naszym portalu inne systemy, takie jak Trimble, ATROM i Safeguard. Zapytaj o pe\u0142n\u0105 list\u0119 kompatybilno\u015bci. Skorzystaj z us\u0142ug naszych partner\u00f3w bezpiecze\u0144stwa, nawet je\u015bli nie posiadasz \u017cadnego z naszych urz\u0105dze\u0144 lub preferujesz r\u00f3\u017cnorodnych operator\u00f3w.<\/p>\n<p>&nbsp;<\/p>\n<p><strong>Twoje korzy\u015bci w skr\u00f3cie:<\/strong><\/p>\n<ul>\n<li>Kontrola wszystkich system\u00f3w <span style=\"color: #008000;\">SatMOS<sup>\u00ae<\/sup><\/span> i system\u00f3w obcych firm<\/li>\n<li>Pod\u0142\u0105czenie pod interwencje i monitoring 24\/7 za po\u015brednictwem centr\u00f3w bezpiecze\u0144stwa SECompanion, TCS lub G4S<\/li>\n<li>Uci\u0105\u017cliwe us\u0142ugi serwisowe oraz wsparcie techniczne dost\u0119pne online<\/li>\n<li>Funkcje bezpiecze\u0144stwa: lokalizacja kom\u00f3rkowa, obszary alarmowe, \u015bledzenie trasy<\/li>\n<li>Skierowanie danych za po\u015brednictwem bezpiecznych kana\u0142\u00f3w komunikacji<\/li>\n<\/ul>\n<p>Z przyjemno\u015bci\u0105 zapewnimy Ci dost\u0119p do wersji demonstracyjnej lub zorganizujemy wsp\u00f3ln\u0105 prezentacj\u0119 online, w kt\u00f3rej szczeg\u00f3\u0142owo przedstawimy wszystkie funkcje. <a href=\"https:\/\/www.satmars.com\/pl\/kontakt\/\" target=\"_blank\" rel=\"noopener noreferrer\">Skontaktuj si\u0119 z nami<\/a>.<\/p>\n<\/div>\n<\/div><div id=\"cmsmasters_tab_px5ly8gsp\" class=\"cmsmasters_tab\">\n<div class=\"cmsmasters_tab_inner\">\n<h4><img loading=\"lazy\" decoding=\"async\" class=\" wp-image-3818 alignleft\" src=\"https:\/\/www.satmars.com\/wp-content\/uploads\/2020\/03\/HorizonSuit-300x285.png\" alt=\"\" width=\"220\" height=\"209\" srcset=\"https:\/\/www.satmars.com\/wp-content\/uploads\/2020\/03\/HorizonSuit-300x285.png 300w, https:\/\/www.satmars.com\/wp-content\/uploads\/2020\/03\/HorizonSuit-1024x972.png 1024w, https:\/\/www.satmars.com\/wp-content\/uploads\/2020\/03\/HorizonSuit-768x729.png 768w, https:\/\/www.satmars.com\/wp-content\/uploads\/2020\/03\/HorizonSuit-1536x1459.png 1536w, https:\/\/www.satmars.com\/wp-content\/uploads\/2020\/03\/HorizonSuit-580x551.png 580w, https:\/\/www.satmars.com\/wp-content\/uploads\/2020\/03\/HorizonSuit-860x817.png 860w, https:\/\/www.satmars.com\/wp-content\/uploads\/2020\/03\/HorizonSuit-1160x1101.png 1160w, https:\/\/www.satmars.com\/wp-content\/uploads\/2020\/03\/HorizonSuit.png 1685w\" sizes=\"auto, (max-width: 220px) 100vw, 220px\" \/>Planowanie trasy, rozliczanie kierowc\u00f3w, zarz\u0105dzanie kosztami<\/h4>\n<p>Wraz z firm\u0105 <span style=\"color: #008000;\">Melton Technologies <a href=\"http:\/\/www.meltontechnologies.com\/\" target=\"_blank\" rel=\"noopener noreferrer\"><img loading=\"lazy\" decoding=\"async\" class=\"alignnone wp-image-4989 size-full\" src=\"https:\/\/www.satmars.com\/wp-content\/uploads\/2020\/04\/Link-1.png\" alt=\"\" width=\"14\" height=\"14\" \/><\/a> <\/span>oferujemy kompletne rozwi\u0105zanie na obszarze rachunk\u00f3w kierowc\u00f3w, op\u0142at drogowych i planowania. Opr\u00f3cz portalu <span style=\"color: #008000;\">HorizonWeb <\/span>pakiet programu zawiera tak\u017ce aplikacj\u0119 <span style=\"color: #008000;\">HorizonGo<\/span>.<\/p>\n<p>Dzi\u0119ki <span style=\"color: #008000;\">HorizonWeb<\/span> mo\u017cesz nie tylko korzysta\u0107 z naszych system\u00f3w <span style=\"color: #008000;\">SatMOS<sup>\u00ae<\/sup><\/span>\u00a0<a href=\"https:\/\/www.satmars.com\/pl\/produkte\/zabezpieczenie-naczepy\/\" target=\"_blank\" rel=\"noopener noreferrer\"><img loading=\"lazy\" decoding=\"async\" class=\"alignnone wp-image-4989 size-full\" src=\"https:\/\/www.satmars.com\/wp-content\/uploads\/2020\/04\/Link-1.png\" alt=\"\" width=\"14\" height=\"14\" \/><\/a>, aby zabezpieczy\u0107 swoje pojazdy i towary, ale tak\u017ce wygodnie i wyra\u017anie planowa\u0107 trasy i kalkulowa\u0107 koszty. Dzi\u0119ki aplikacji <span style=\"color: #008000;\">HorizonGo <a href=\"\/\/www.youtube.com\/embed\/fWWHKQZepbk\"><img loading=\"lazy\" decoding=\"async\" class=\"alignnone wp-image-4989 size-full\" src=\"https:\/\/www.satmars.com\/wp-content\/uploads\/2020\/04\/Link-1.png\" alt=\"\" width=\"14\" height=\"14\" \/><\/a><\/span> \u00a0mo\u017cesz w ka\u017cdej chwili komunikowa\u0107 si\u0119 ze swoim kierowc\u0105 i je\u015bli to konieczne, zaanga\u017cowa\u0107 go do planowania trasy. Stwarza to zaufanie i przejrzysto\u015b\u0107, ale mo\u017ce r\u00f3wnie\u017c umo\u017cliwi\u0107 skuteczne planowanie trasy.<\/p>\n<p>&nbsp;<\/p>\n<p><strong>Twoje korzy\u015bci w skr\u00f3cie:<\/strong><\/p>\n<ul>\n<li>Kontrola wszystkich system\u00f3w <span style=\"color: #008000;\">SatMOS<sup>\u00ae<\/sup><\/span>\u00a0<a href=\"https:\/\/www.satmars.com\/pl\/produkte\/zabezpieczenie-naczepy\/\" target=\"_blank\" rel=\"noopener noreferrer\"><img loading=\"lazy\" decoding=\"async\" class=\"alignnone wp-image-4989 size-full\" src=\"https:\/\/www.satmars.com\/wp-content\/uploads\/2020\/04\/Link-1.png\" alt=\"\" width=\"14\" height=\"14\" \/><\/a> i system\u00f3w innych firm<\/li>\n<li>Dost\u0119pne s\u0105 wszystkie wa\u017cne funkcje planowania trasy<\/li>\n<li>Fakturowanie kierowc\u00f3w, przejechanych kilometr\u00f3w, op\u0142aty drogowe i koszty paliwa<\/li>\n<li>Darmowa komunikacja z kierowc\u0105 za po\u015brednictwem aplikacji <span style=\"color: #008000;\">HorizonGo<\/span> na smartfona kierowcy<\/li>\n<\/ul>\n<p>Dalsze informacje znajduj\u0105 si\u0119 na <a href=\"https:\/\/www.satmars.com\/wp-content\/uploads\/2020\/03\/HorizonSoftware-Suite-2-1.pdf\" target=\"_blank\" rel=\"noopener noreferrer\">arkuszu danych<\/a> lub kliknij <a href=\"https:\/\/www.youtube.com\/watch?v=CSBHfj1Ku3k\" target=\"_blank\" rel=\"noopener noreferrer\">tutaj<\/a>, aby dowiedzie\u0107 si\u0119 wi\u0119cej o Melton Technologies i pakiecie programu Horizon.<\/p>\n<p>Je\u015bli masz jakie\u015b pytania, <a href=\"https:\/\/www.satmars.com\/pl\/kontakt\/\" target=\"_blank\" rel=\"noopener noreferrer\">skontaktuj si\u0119 z nami<\/a>.<\/p>\n<\/div>\n<\/div><\/div>\n<\/div>\n<\/div><\/div>\n<\/div>\n<\/div>\n<\/div>\n<\/div>\n<\/div>\n<div id=\"cmsmasters_row_fhep3spzr\" class=\"cmsmasters_row cmsmasters_color_scheme_default cmsmasters_row_top_default cmsmasters_row_bot_default cmsmasters_row_boxed\">\n<div class=\"cmsmasters_row_outer_parent\">\n<div class=\"cmsmasters_row_outer\">\n<div class=\"cmsmasters_row_inner\">\n<div class=\"cmsmasters_row_margin\">\n<div id=\"cmsmasters_column_pighnzs7y\" class=\"cmsmasters_column one_first\">\n<div class=\"cmsmasters_column_inner\">\n<div id=\"cmsmasters_divider_srm78nmdc\" class=\"cmsmasters_divider cmsmasters_dotted_row cmsmasters_divider_width_long cmsmasters_divider_pos_center\"><\/div>\n<div class=\"cmsmasters_text\">\n<h5 style=\"text-align: center;\"><span style=\"color: #d9252a;\">W razie pyta\u0144, <a href=\"https:\/\/www.satmars.com\/pl\/kontakt\/\" target=\"_blank\" rel=\"noopener noreferrer\">skontaktuj si\u0119 z nami<\/a>.<\/span><\/h5>\n<\/div>\n<\/div><\/div>\n<\/div>\n<\/div>\n<\/div>\n<\/div>\n<\/div>\n\n","protected":false},"excerpt":{"rendered":"","protected":false},"author":1,"featured_media":0,"parent":4787,"menu_order":0,"comment_status":"closed","ping_status":"closed","template":"","meta":{"footnotes":""},"class_list":["post-5010","page","type-page","status-publish","hentry"],"yoast_head":"<!-- This site is optimized with the Yoast SEO plugin v24.6 - https:\/\/yoast.com\/wordpress\/plugins\/seo\/ -->\n<title>Rozwi\u0105zania programowe - SatMARS<\/title>\n<meta name=\"robots\" content=\"index, follow, max-snippet:-1, max-image-preview:large, max-video-preview:-1\" \/>\n<link rel=\"canonical\" href=\"https:\/\/www.satmars.com\/pl\/produkte\/software\/\" \/>\n<meta property=\"og:locale\" content=\"pl_PL\" \/>\n<meta property=\"og:type\" content=\"article\" \/>\n<meta property=\"og:title\" content=\"Rozwi\u0105zania programowe - SatMARS\" \/>\n<meta property=\"og:url\" content=\"https:\/\/www.satmars.com\/produkte\/software\/\" \/>\n<meta property=\"og:site_name\" content=\"SatMARS\" \/>\n<meta property=\"article:modified_time\" content=\"2024-07-19T06:47:38+00:00\" \/>\n<meta property=\"og:image\" content=\"https:\/\/www.satmars.com\/wp-content\/uploads\/2020\/04\/Link-1.png\" \/>\n<meta name=\"twitter:card\" content=\"summary_large_image\" \/>\n<meta name=\"twitter:label1\" content=\"Szacowany czas czytania\" \/>\n\t<meta name=\"twitter:data1\" content=\"5 minut\" \/>\n<script type=\"application\/ld+json\" class=\"yoast-schema-graph\">{\"@context\":\"https:\/\/schema.org\",\"@graph\":[{\"@type\":\"WebPage\",\"@id\":\"https:\/\/www.satmars.com\/produkte\/software\/\",\"url\":\"https:\/\/www.satmars.com\/produkte\/software\/\",\"name\":\"Rozwi\u0105zania programowe - SatMARS\",\"isPartOf\":{\"@id\":\"https:\/\/www.satmars.com\/#website\"},\"primaryImageOfPage\":{\"@id\":\"https:\/\/www.satmars.com\/produkte\/software\/#primaryimage\"},\"image\":{\"@id\":\"https:\/\/www.satmars.com\/produkte\/software\/#primaryimage\"},\"thumbnailUrl\":\"https:\/\/www.satmars.com\/wp-content\/uploads\/2020\/04\/Link-1.png\",\"datePublished\":\"2020-06-23T12:27:36+00:00\",\"dateModified\":\"2024-07-19T06:47:38+00:00\",\"breadcrumb\":{\"@id\":\"https:\/\/www.satmars.com\/produkte\/software\/#breadcrumb\"},\"inLanguage\":\"pl-PL\",\"potentialAction\":[{\"@type\":\"ReadAction\",\"target\":[\"https:\/\/www.satmars.com\/produkte\/software\/\"]}]},{\"@type\":\"ImageObject\",\"inLanguage\":\"pl-PL\",\"@id\":\"https:\/\/www.satmars.com\/produkte\/software\/#primaryimage\",\"url\":\"https:\/\/www.satmars.com\/wp-content\/uploads\/2020\/04\/Link-1.png\",\"contentUrl\":\"https:\/\/www.satmars.com\/wp-content\/uploads\/2020\/04\/Link-1.png\"},{\"@type\":\"BreadcrumbList\",\"@id\":\"https:\/\/www.satmars.com\/produkte\/software\/#breadcrumb\",\"itemListElement\":[{\"@type\":\"ListItem\",\"position\":1,\"name\":\"Startseite\",\"item\":\"https:\/\/www.satmars.com\/pl\/\"},{\"@type\":\"ListItem\",\"position\":2,\"name\":\"Produkty\",\"item\":\"https:\/\/www.satmars.com\/pl\/produkte\/\"},{\"@type\":\"ListItem\",\"position\":3,\"name\":\"Rozwi\u0105zania programowe\"}]},{\"@type\":\"WebSite\",\"@id\":\"https:\/\/www.satmars.com\/#website\",\"url\":\"https:\/\/www.satmars.com\/\",\"name\":\"SatMARS\",\"description\":\"Navigations- &amp; Kommunikationssysteme GmbH\",\"potentialAction\":[{\"@type\":\"SearchAction\",\"target\":{\"@type\":\"EntryPoint\",\"urlTemplate\":\"https:\/\/www.satmars.com\/?s={search_term_string}\"},\"query-input\":{\"@type\":\"PropertyValueSpecification\",\"valueRequired\":true,\"valueName\":\"search_term_string\"}}],\"inLanguage\":\"pl-PL\"}]}<\/script>\n<!-- \/ Yoast SEO plugin. -->","yoast_head_json":{"title":"Rozwi\u0105zania programowe - SatMARS","robots":{"index":"index","follow":"follow","max-snippet":"max-snippet:-1","max-image-preview":"max-image-preview:large","max-video-preview":"max-video-preview:-1"},"canonical":"https:\/\/www.satmars.com\/pl\/produkte\/software\/","og_locale":"pl_PL","og_type":"article","og_title":"Rozwi\u0105zania programowe - SatMARS","og_url":"https:\/\/www.satmars.com\/produkte\/software\/","og_site_name":"SatMARS","article_modified_time":"2024-07-19T06:47:38+00:00","og_image":[{"url":"https:\/\/www.satmars.com\/wp-content\/uploads\/2020\/04\/Link-1.png","type":"","width":"","height":""}],"twitter_card":"summary_large_image","twitter_misc":{"Szacowany czas czytania":"5 minut"},"schema":{"@context":"https:\/\/schema.org","@graph":[{"@type":"WebPage","@id":"https:\/\/www.satmars.com\/produkte\/software\/","url":"https:\/\/www.satmars.com\/produkte\/software\/","name":"Rozwi\u0105zania programowe - SatMARS","isPartOf":{"@id":"https:\/\/www.satmars.com\/#website"},"primaryImageOfPage":{"@id":"https:\/\/www.satmars.com\/produkte\/software\/#primaryimage"},"image":{"@id":"https:\/\/www.satmars.com\/produkte\/software\/#primaryimage"},"thumbnailUrl":"https:\/\/www.satmars.com\/wp-content\/uploads\/2020\/04\/Link-1.png","datePublished":"2020-06-23T12:27:36+00:00","dateModified":"2024-07-19T06:47:38+00:00","breadcrumb":{"@id":"https:\/\/www.satmars.com\/produkte\/software\/#breadcrumb"},"inLanguage":"pl-PL","potentialAction":[{"@type":"ReadAction","target":["https:\/\/www.satmars.com\/produkte\/software\/"]}]},{"@type":"ImageObject","inLanguage":"pl-PL","@id":"https:\/\/www.satmars.com\/produkte\/software\/#primaryimage","url":"https:\/\/www.satmars.com\/wp-content\/uploads\/2020\/04\/Link-1.png","contentUrl":"https:\/\/www.satmars.com\/wp-content\/uploads\/2020\/04\/Link-1.png"},{"@type":"BreadcrumbList","@id":"https:\/\/www.satmars.com\/produkte\/software\/#breadcrumb","itemListElement":[{"@type":"ListItem","position":1,"name":"Startseite","item":"https:\/\/www.satmars.com\/pl\/"},{"@type":"ListItem","position":2,"name":"Produkty","item":"https:\/\/www.satmars.com\/pl\/produkte\/"},{"@type":"ListItem","position":3,"name":"Rozwi\u0105zania programowe"}]},{"@type":"WebSite","@id":"https:\/\/www.satmars.com\/#website","url":"https:\/\/www.satmars.com\/","name":"SatMARS","description":"Navigations- &amp; Kommunikationssysteme GmbH","potentialAction":[{"@type":"SearchAction","target":{"@type":"EntryPoint","urlTemplate":"https:\/\/www.satmars.com\/?s={search_term_string}"},"query-input":{"@type":"PropertyValueSpecification","valueRequired":true,"valueName":"search_term_string"}}],"inLanguage":"pl-PL"}]}},"_links":{"self":[{"href":"https:\/\/www.satmars.com\/pl\/wp-json\/wp\/v2\/pages\/5010","targetHints":{"allow":["GET"]}}],"collection":[{"href":"https:\/\/www.satmars.com\/pl\/wp-json\/wp\/v2\/pages"}],"about":[{"href":"https:\/\/www.satmars.com\/pl\/wp-json\/wp\/v2\/types\/page"}],"author":[{"embeddable":true,"href":"https:\/\/www.satmars.com\/pl\/wp-json\/wp\/v2\/users\/1"}],"replies":[{"embeddable":true,"href":"https:\/\/www.satmars.com\/pl\/wp-json\/wp\/v2\/comments?post=5010"}],"version-history":[{"count":6,"href":"https:\/\/www.satmars.com\/pl\/wp-json\/wp\/v2\/pages\/5010\/revisions"}],"predecessor-version":[{"id":9726,"href":"https:\/\/www.satmars.com\/pl\/wp-json\/wp\/v2\/pages\/5010\/revisions\/9726"}],"up":[{"embeddable":true,"href":"https:\/\/www.satmars.com\/pl\/wp-json\/wp\/v2\/pages\/4787"}],"wp:attachment":[{"href":"https:\/\/www.satmars.com\/pl\/wp-json\/wp\/v2\/media?parent=5010"}],"curies":[{"name":"wp","href":"https:\/\/api.w.org\/{rel}","templated":true}]}}