{"id":4930,"date":"2020-06-23T14:25:52","date_gmt":"2020-06-23T12:25:52","guid":{"rendered":"https:\/\/www.satmars.com\/produkte\/ochrona-ludzi\/"},"modified":"2025-03-06T12:44:36","modified_gmt":"2025-03-06T11:44:36","slug":"ochrona-ludzi","status":"publish","type":"page","link":"https:\/\/www.satmars.com\/pl\/produkte\/ochrona-ludzi\/","title":{"rendered":"Bezpiecze\u0144stwo pracownik\u00f3w samotnych"},"content":{"rendered":"<div id=\"cmsmasters_row_\" class=\"cmsmasters_row cmsmasters_color_scheme_default cmsmasters_row_top_default cmsmasters_row_bot_default cmsmasters_row_boxed\">\n<div class=\"cmsmasters_row_outer_parent\">\n<div class=\"cmsmasters_row_outer\">\n<div class=\"cmsmasters_row_inner\">\n<div class=\"cmsmasters_row_margin\">\n<div id=\"cmsmasters_column_hu7nimokjb\" class=\"cmsmasters_column one_first imagemargin-right5\">\n<div class=\"cmsmasters_column_inner\"><div class=\"cmsmasters_img  cmsmasters_image_l responsive\" data-animation=\"fadeIn\" data-delay=\"100\"><img decoding=\"async\" src=\"https:\/\/www.satmars.com\/wp-content\/uploads\/2019\/09\/angebot1.jpg\" \/><\/div><div class=\"cmsmasters_text\">\n<h4><\/h4>\n<h4 class=\"p1\">Bezpiecze\u0144stwo pracownik\u00f3w,<br \/>\nkt\u00f3rzy pracuj\u0105 samemu w niebezpiecznym \u015brodowisku<\/h4>\n<p class=\"p1\">Wielu pracownik\u00f3w w r\u00f3\u017cnych bran\u017cach pracuje samotnie lub w \u015brodowiskach wysokiego ryzyka. Nadaj priorytet ich bezpiecze\u0144stwu za pomoc\u0105 urz\u0105dzenia zabezpieczaj\u0105cego dla samotnych pracownik\u00f3w. Dzi\u0119ki naszemu wieloletniemu do\u015bwiadczeniu i wsp\u00f3\u0142pracy ze znanymi firmami z przyjemno\u015bci\u0105 doradzimy.<\/p>\n<\/div>\n<div id=\"cmsmasters_button_lo5si3zydp\" class=\"button_wrap\"><a href=\"\/pl\/kontakt\/\" class=\"cmsmasters_button cmsmasters_but_clear_styles cmsmasters_but_icon cmsmasters-icon-custom-arrow-circled\" target=\"_blank\"><span>Z przyjemno\u015bci\u0105 doradzimy<\/span><\/a><\/div>\n<\/div><\/div>\n<\/div>\n<\/div>\n<\/div>\n<\/div>\n<\/div>\n<div id=\"cmsmasters_row_09do8zdq0f\" class=\"cmsmasters_row cmsmasters_color_scheme_default cmsmasters_row_top_default cmsmasters_row_bot_default cmsmasters_row_boxed\">\n<div class=\"cmsmasters_row_outer_parent\">\n<div class=\"cmsmasters_row_outer\">\n<div class=\"cmsmasters_row_inner\">\n<div class=\"cmsmasters_row_margin\">\n<div id=\"cmsmasters_column_0wthhube74\" class=\"cmsmasters_column one_half\">\n<div class=\"cmsmasters_column_inner\"><div class=\"cmsmasters_text\">\n<h4 class=\"p1\">Ryzyko<\/h4>\n<hr \/>\n<ul>\n<li class=\"p1\">Wykonywanie zada\u0144 wysokiego ryzyka<\/li>\n<li class=\"p1\">Obs\u0142uga ostrych przedmiot\u00f3w<\/li>\n<li class=\"p1\">Praca na wysoko\u015bci i mo\u017cliwo\u015b\u0107 upadku<\/li>\n<li class=\"p1\">Praca z ci\u0119\u017ckimi i niebezpiecznymi maszynami<\/li>\n<li class=\"p1\">Praca w du\u017cych magazynach &#8211; spadaj\u0105ce przedmioty<\/li>\n<li class=\"p1\">Praca w strefach zagro\u017conych wybuchem<\/li>\n<li class=\"p1\">Nara\u017cenie na ekstremalne warunki pogodowe<\/li>\n<\/ul>\n<\/div>\n<\/div><\/div>\n<div id=\"cmsmasters_column_8pg7o6vjj\" class=\"cmsmasters_column one_half\">\n<div class=\"cmsmasters_column_inner\"><div class=\"cmsmasters_img  cmsmasters_image_r responsive\" data-animation=\"fadeIn\" data-delay=\"100\"><img decoding=\"async\" src=\"https:\/\/www.satmars.com\/wp-content\/uploads\/2025\/03\/Alleinarbeiter-Ohnmacht.jpg\" \/><\/div>\n<\/div><\/div>\n<\/div>\n<\/div>\n<\/div>\n<\/div>\n<\/div>\n<div id=\"cmsmasters_row_96g3kwxg7q\" class=\"cmsmasters_row cmsmasters_color_scheme_default cmsmasters_row_top_default cmsmasters_row_bot_default cmsmasters_row_boxed\">\n<div class=\"cmsmasters_row_outer_parent\">\n<div class=\"cmsmasters_row_outer\">\n<div class=\"cmsmasters_row_inner\">\n<div class=\"cmsmasters_row_margin\">\n<div id=\"cmsmasters_column_gajde0zys\" class=\"cmsmasters_column one_half\">\n<div class=\"cmsmasters_column_inner\"><div class=\"aligncenter\"><div class=\"cmsmasters_img  cmsmasters_image_c responsive\" data-animation=\"fadeIn\" data-delay=\"100\"><img decoding=\"async\" src=\"https:\/\/www.satmars.com\/wp-content\/uploads\/2025\/03\/PNG-Alleinarbeiter-Lo\u0308sungen-2.jpg\" \/><\/div><\/div>\n<\/div><\/div>\n<div id=\"cmsmasters_column_pbysg5ktft\" class=\"cmsmasters_column one_half\">\n<div class=\"cmsmasters_column_inner\"><div class=\"cmsmasters_text\">\n<h4 class=\"p1\">Nasze rozwi\u0105zanie<\/h4>\n<hr \/>\n<p>Nasze mobilne urz\u0105dzenia bezpiecze\u0144stwa osobistego towarzysz\u0105 swoim w\u0142a\u015bcicielom gdziekolwiek si\u0119 udaj\u0105 i s\u0105 zawsze pod r\u0119k\u0105 dzi\u0119ki praktycznym opcjom przenoszenia i mocowania. Czy to na nadgarstku, czy na pasku, urz\u0105dzenia mo\u017cna nosi\u0107 w taki spos\u00f3b, aby by\u0142y szybko dost\u0119pne w sytuacji awaryjnej. Wyra\u017any i \u0142atwy w u\u017cyciu przycisk SOS oraz mo\u017cliwo\u015b\u0107 zlokalizowania w\u0142a\u015bciciela sprawiaj\u0105, \u017ce urz\u0105dzenia te s\u0105 skutecznymi urz\u0105dzeniami bezpiecze\u0144stwa. Je\u015bli w\u0142a\u015bciciel nie jest w stanie wezwa\u0107 pomocy, inteligentne czujniki uruchamiaj\u0105 po\u0142\u0105czenie alarmowe.<\/p>\n<\/div>\n<\/div><\/div>\n<\/div>\n<\/div>\n<\/div>\n<\/div>\n<\/div>\n<div id=\"cmsmasters_row_wt53n4pifg\" class=\"cmsmasters_row cmsmasters_color_scheme_default cmsmasters_row_top_default cmsmasters_row_bot_default cmsmasters_row_boxed\">\n<div class=\"cmsmasters_row_outer_parent\">\n<div class=\"cmsmasters_row_outer\">\n<div class=\"cmsmasters_row_inner\">\n<div class=\"cmsmasters_row_margin\">\n<div id=\"cmsmasters_column_fu82edz5xb\" class=\"cmsmasters_column one_half\">\n<div class=\"cmsmasters_column_inner\"><div class=\"cmsmasters_text\">\n<h4 class=\"p1\">Zalety<\/h4>\n<hr \/>\n<ul>\n<li>Niezale\u017cne wyzwalanie po\u0142\u0105czenia alarmowego za pomoc\u0105 przycisku SOS<\/li>\n<li>Wykrywanie upadku i automatyczne po\u0142\u0105czenie alarmowe dzi\u0119ki technologii czujnik\u00f3w<\/li>\n<li>Mo\u017cliwo\u015b\u0107 pod\u0142\u0105czenia do 4 kontakt\u00f3w alarmowych<\/li>\n<li>Komunikacja g\u0142osowa &#8211; mo\u017cliwo\u015b\u0107 wykonywania po\u0142\u0105cze\u0144 telefonicznych za pomoc\u0105 urz\u0105dzenia<\/li>\n<li>Lokalizacja GPS, np. je\u015bli dana osoba nie mo\u017ce si\u0119 ju\u017c komunikowa\u0107<\/li>\n<li>Opcja po\u0142\u0105czenia g\u0142osowego w sytuacjach awaryjnych, np. w przypadku napadu<\/li>\n<li>Funkcje ID, dzi\u0119ki kt\u00f3rym w\u0142a\u015bciciel mo\u017ce si\u0119 zidentyfikowa\u0107 i zalogowa\u0107<\/li>\n<\/ul>\n<p>&nbsp;<\/p>\n<\/div>\n<\/div><\/div>\n<div id=\"cmsmasters_column_d5n5zgrc3h\" class=\"cmsmasters_column one_half\">\n<div class=\"cmsmasters_column_inner\"><div class=\"aligncenter\"><div class=\"cmsmasters_img  cmsmasters_image_c responsive\" data-animation=\"fadeIn\" data-delay=\"100\"><img decoding=\"async\" src=\"https:\/\/www.satmars.com\/wp-content\/uploads\/2025\/03\/PNG-Alleinarbeiter-Feuer.jpg\" \/><\/div><\/div>\n<\/div><\/div>\n<\/div>\n<\/div>\n<\/div>\n<\/div>\n<\/div>\n<div id=\"cmsmasters_row_01re6i4p9c\" class=\"cmsmasters_row cmsmasters_color_scheme_default cmsmasters_row_top_default cmsmasters_row_bot_default cmsmasters_row_boxed\">\n<div class=\"cmsmasters_row_outer_parent\">\n<div class=\"cmsmasters_row_outer\">\n<div class=\"cmsmasters_row_inner\">\n<div class=\"cmsmasters_row_margin\">\n<div id=\"cmsmasters_column_ddbyv6aars\" class=\"cmsmasters_column one_first\">\n<div class=\"cmsmasters_column_inner\">\n<div id=\"cmsmasters_divider_s5hflloubm\" class=\"cmsmasters_divider cmsmasters_divider_width_long cmsmasters_divider_pos_center\"><\/div>\n<\/div><\/div>\n<\/div>\n<\/div>\n<\/div>\n<\/div>\n<\/div>\n<div id=\"cmsmasters_row_3cwkrpnqo2\" class=\"cmsmasters_row cmsmasters_color_scheme_default cmsmasters_row_top_default cmsmasters_row_bot_default cmsmasters_row_boxed\">\n<div class=\"cmsmasters_row_outer_parent\">\n<div class=\"cmsmasters_row_outer\">\n<div class=\"cmsmasters_row_inner\">\n<div class=\"cmsmasters_row_margin\">\n<div id=\"cmsmasters_column_pjbjak31x\" class=\"cmsmasters_column one_fourth\">\n<div class=\"cmsmasters_column_inner\"><div id=\"cmsmasters_heading_nix9kh0ikf\" class=\"cmsmasters_heading_wrap cmsmasters_heading_align_left\">\n\t<h2 class=\"cmsmasters_heading\">TWIG Neo<\/h2>\n<\/div>\n<div id=\"cmsmasters_divider_s5hflloubm\" class=\"cmsmasters_divider cmsmasters_divider_width_long cmsmasters_divider_pos_center\"><\/div>\n<div class=\"cmsmasters_text\">\n<p class=\"p1\" style=\"text-align: left;\">Kompaktowy TWIG Neo jest idealny dla pracownik\u00f3w w laboratoriach, konserwacji i s\u0142u\u017cbie zdrowia.<\/p>\n<\/div>\n\n<div id=\"cmsmasters_divider_ykgvgjtxpm\" class=\"cl\"><\/div>\n<div id=\"cmsmasters_button_soxgfeyt2u\" class=\"button_wrap\"><a href=\"https:\/\/www.satmars.com\/wp-content\/uploads\/2025\/03\/TWIG-Neo-Datasheet-EZ6700-EN.pdf\" class=\"cmsmasters_button cmsmasters_but_clear_styles cmsmasters_but_icon cmsmasters-icon-custom-arrow-circled\" target=\"_blank\"><span>READ MORE<\/span><\/a><\/div>\n<\/div><\/div>\n<div id=\"cmsmasters_column_x0vplhl7xp\" class=\"cmsmasters_column one_fourth\">\n<div class=\"cmsmasters_column_inner\"><div id=\"cmsmasters_heading_xqs2j5ucuo\" class=\"cmsmasters_heading_wrap cmsmasters_heading_align_left\">\n\t<h2 class=\"cmsmasters_heading\">TWIG One<\/h2>\n<\/div>\n<div id=\"cmsmasters_divider_akjzvbv7m\" class=\"cmsmasters_divider cmsmasters_divider_width_long cmsmasters_divider_pos_center\"><\/div>\n<div class=\"cmsmasters_text\">\n<p class=\"p1\">Zoptymalizowany dla pracownik\u00f3w w ha\u0142a\u015bliwym i niebezpiecznym \u015brodowisku.<\/p>\n<\/div>\n\n<div id=\"cmsmasters_divider_1vpvqbd8j\" class=\"cl\"><\/div>\n<div id=\"cmsmasters_button_88h22p89pr\" class=\"button_wrap\"><a href=\"https:\/\/www.satmars.com\/wp-content\/uploads\/2025\/03\/TWIG-One-Datasheet-EZ6800-EN.pdf\" class=\"cmsmasters_button cmsmasters_but_clear_styles cmsmasters_but_icon cmsmasters-icon-custom-arrow-circled\" target=\"_blank\"><span>READ MORE<\/span><\/a><\/div>\n<\/div><\/div>\n<div id=\"cmsmasters_column_2ehg9sqnnr\" class=\"cmsmasters_column one_fourth\">\n<div class=\"cmsmasters_column_inner\"><div id=\"cmsmasters_heading_zltdnskdea\" class=\"cmsmasters_heading_wrap cmsmasters_heading_align_left\">\n\t<h2 class=\"cmsmasters_heading\">TWIG One Ex<\/h2>\n<\/div>\n<div id=\"cmsmasters_divider_inth8viyo\" class=\"cmsmasters_divider cmsmasters_divider_width_long cmsmasters_divider_pos_center\"><\/div>\n<div class=\"cmsmasters_text\">\n<p class=\"p1\">Wytrzyma\u0142y TWIG One Ex jest przeznaczony dla pracownik\u00f3w w niebezpiecznych \u015brodowiskach ATEX.<\/p>\n<\/div>\n\n<div id=\"cmsmasters_divider_ym2iq9hd4g\" class=\"cl\"><\/div>\n<div id=\"cmsmasters_button_4ii5g8f30h\" class=\"button_wrap\"><a href=\"https:\/\/www.satmars.com\/wp-content\/uploads\/2025\/03\/TWIG-One-Ex-Datasheet-EZ6900-EN.pdf\" class=\"cmsmasters_button cmsmasters_but_clear_styles cmsmasters_but_icon cmsmasters-icon-custom-arrow-circled\" target=\"_blank\"><span>READ MORE<\/span><\/a><\/div>\n<\/div><\/div>\n<div id=\"cmsmasters_column_lx6a1tsmhp\" class=\"cmsmasters_column one_fourth\">\n<div class=\"cmsmasters_column_inner\"><div id=\"cmsmasters_heading_1pefh8lbe\" class=\"cmsmasters_heading_wrap cmsmasters_heading_align_left\">\n\t<h2 class=\"cmsmasters_heading\">Safe Tracker<\/h2>\n<\/div>\n<div id=\"cmsmasters_divider_5wyfy2aoow\" class=\"cmsmasters_divider cmsmasters_divider_width_long cmsmasters_divider_pos_center\"><\/div>\n<div class=\"cmsmasters_text\">\n<p class=\"p1\">Safe Tracker jest kompaktowy i por\u0119czny. Idealny do u\u017cytku w niebezpiecznych sytuacjach.<\/p>\n<\/div>\n\n<div id=\"cmsmasters_divider_gmm48t9iq\" class=\"cl\"><\/div>\n<div id=\"cmsmasters_button_xnfwpd4ngk\" class=\"button_wrap\"><a href=\"https:\/\/www.satmars.com\/wp-content\/uploads\/2025\/03\/SafeTracker-EN.pdf\" class=\"cmsmasters_button cmsmasters_but_clear_styles cmsmasters_but_icon cmsmasters-icon-custom-arrow-circled\" target=\"_blank\"><span>READ MORE<\/span><\/a><\/div>\n<\/div><\/div>\n<\/div>\n<\/div>\n<\/div>\n<\/div>\n<\/div>\n<div id=\"cmsmasters_row_cnc610of4d\" class=\"cmsmasters_row cmsmasters_color_scheme_default cmsmasters_row_top_default cmsmasters_row_bot_default cmsmasters_row_boxed\">\n<div class=\"cmsmasters_row_outer_parent\">\n<div class=\"cmsmasters_row_outer\">\n<div class=\"cmsmasters_row_inner\">\n<div class=\"cmsmasters_row_margin\">\n<div id=\"cmsmasters_column_mbihlq35qi\" class=\"cmsmasters_column one_first\">\n<div class=\"cmsmasters_column_inner\"><div class=\"cmsmasters_text\">\n<p><sup>Wszystkie systemy alarmowe SatMARS maj\u0105 funkcj\u0119 lokalizacji i mo\u017cna je dostosowa\u0107 do sta\u0142ych, zdefiniowanych osobi\u015bcie numer\u00f3w telefon\u00f3w.<\/sup><br \/>\n<sup>Niezale\u017cnie wyzwalane alarmy i po\u0142\u0105czenia g\u0142osowe umo\u017cliwiaj\u0105 niezawodne zdalne sterowanie procesami roboczymi, tzn. komunikacja jest mo\u017cliwa za po\u015brednictwem po\u0142\u0105czenia g\u0142osowego.<\/sup><\/p>\n<\/div>\n<\/div><\/div>\n<\/div>\n<\/div>\n<\/div>\n<\/div>\n<\/div>\n<div id=\"cmsmasters_row_fgbrgontts\" class=\"cmsmasters_row cmsmasters_color_scheme_default cmsmasters_row_top_default cmsmasters_row_bot_default cmsmasters_row_boxed\">\n<div class=\"cmsmasters_row_outer_parent\">\n<div class=\"cmsmasters_row_outer\">\n<div class=\"cmsmasters_row_inner\">\n<div class=\"cmsmasters_row_margin\">\n<div id=\"cmsmasters_column_i3nww66ixn\" class=\"cmsmasters_column one_first\">\n<div class=\"cmsmasters_column_inner\">\n<div id=\"cmsmasters_divider_mccnntx5t\" class=\"cmsmasters_divider cmsmasters_divider_width_long cmsmasters_divider_pos_center\"><\/div>\n<\/div><\/div>\n<\/div>\n<\/div>\n<\/div>\n<\/div>\n<\/div>\n<div id=\"cmsmasters_row_fhep3spzr\" class=\"cmsmasters_row cmsmasters_color_scheme_default cmsmasters_row_top_default cmsmasters_row_bot_default cmsmasters_row_boxed\">\n<div class=\"cmsmasters_row_outer_parent\">\n<div class=\"cmsmasters_row_outer\">\n<div class=\"cmsmasters_row_inner\">\n<div class=\"cmsmasters_row_margin\">\n<div id=\"cmsmasters_column_pighnzs7y\" class=\"cmsmasters_column one_first\">\n<div class=\"cmsmasters_column_inner\"><div class=\"cmsmasters_text\">\n<h5 style=\"text-align: center;\"><span style=\"color: #d9252a;\">Masz jakie\u015b pytania? <a href=\"https:\/\/www.satmars.com\/pl\/kontakt\/\">Skontaktuj si\u0119 z nami<\/a>.<\/span><\/h5>\n<\/div>\n<\/div><\/div>\n<\/div>\n<\/div>\n<\/div>\n<\/div>\n<\/div>\n\n","protected":false},"excerpt":{"rendered":"","protected":false},"author":1,"featured_media":0,"parent":4787,"menu_order":0,"comment_status":"closed","ping_status":"closed","template":"","meta":{"footnotes":""},"class_list":["post-4930","page","type-page","status-publish","hentry"],"yoast_head":"<!-- This site is optimized with the Yoast SEO plugin v24.6 - https:\/\/yoast.com\/wordpress\/plugins\/seo\/ -->\n<title>Bezpiecze\u0144stwo pracownik\u00f3w samotnych - SatMARS<\/title>\n<meta name=\"robots\" content=\"index, follow, max-snippet:-1, max-image-preview:large, max-video-preview:-1\" \/>\n<link rel=\"canonical\" href=\"https:\/\/www.satmars.com\/pl\/produkte\/personenschutz\/\" \/>\n<meta property=\"og:locale\" content=\"pl_PL\" \/>\n<meta property=\"og:type\" content=\"article\" \/>\n<meta property=\"og:title\" content=\"Bezpiecze\u0144stwo pracownik\u00f3w samotnych - SatMARS\" \/>\n<meta property=\"og:url\" content=\"https:\/\/www.satmars.com\/produkte\/personenschutz\/\" \/>\n<meta property=\"og:site_name\" content=\"SatMARS\" \/>\n<meta property=\"article:modified_time\" content=\"2025-03-06T11:44:36+00:00\" \/>\n<meta name=\"twitter:card\" content=\"summary_large_image\" \/>\n<meta name=\"twitter:label1\" content=\"Szacowany czas czytania\" \/>\n\t<meta name=\"twitter:data1\" content=\"12 minut\" \/>\n<script type=\"application\/ld+json\" class=\"yoast-schema-graph\">{\"@context\":\"https:\/\/schema.org\",\"@graph\":[{\"@type\":\"WebPage\",\"@id\":\"https:\/\/www.satmars.com\/produkte\/personenschutz\/\",\"url\":\"https:\/\/www.satmars.com\/produkte\/personenschutz\/\",\"name\":\"Bezpiecze\u0144stwo pracownik\u00f3w samotnych - SatMARS\",\"isPartOf\":{\"@id\":\"https:\/\/www.satmars.com\/#website\"},\"datePublished\":\"2020-06-23T12:25:52+00:00\",\"dateModified\":\"2025-03-06T11:44:36+00:00\",\"breadcrumb\":{\"@id\":\"https:\/\/www.satmars.com\/produkte\/personenschutz\/#breadcrumb\"},\"inLanguage\":\"pl-PL\",\"potentialAction\":[{\"@type\":\"ReadAction\",\"target\":[\"https:\/\/www.satmars.com\/produkte\/personenschutz\/\"]}]},{\"@type\":\"BreadcrumbList\",\"@id\":\"https:\/\/www.satmars.com\/produkte\/personenschutz\/#breadcrumb\",\"itemListElement\":[{\"@type\":\"ListItem\",\"position\":1,\"name\":\"Startseite\",\"item\":\"https:\/\/www.satmars.com\/pl\/\"},{\"@type\":\"ListItem\",\"position\":2,\"name\":\"Produkty\",\"item\":\"https:\/\/www.satmars.com\/pl\/produkte\/\"},{\"@type\":\"ListItem\",\"position\":3,\"name\":\"Bezpiecze\u0144stwo pracownik\u00f3w samotnych\"}]},{\"@type\":\"WebSite\",\"@id\":\"https:\/\/www.satmars.com\/#website\",\"url\":\"https:\/\/www.satmars.com\/\",\"name\":\"SatMARS\",\"description\":\"Navigations- &amp; Kommunikationssysteme GmbH\",\"potentialAction\":[{\"@type\":\"SearchAction\",\"target\":{\"@type\":\"EntryPoint\",\"urlTemplate\":\"https:\/\/www.satmars.com\/?s={search_term_string}\"},\"query-input\":{\"@type\":\"PropertyValueSpecification\",\"valueRequired\":true,\"valueName\":\"search_term_string\"}}],\"inLanguage\":\"pl-PL\"}]}<\/script>\n<!-- \/ Yoast SEO plugin. -->","yoast_head_json":{"title":"Bezpiecze\u0144stwo pracownik\u00f3w samotnych - SatMARS","robots":{"index":"index","follow":"follow","max-snippet":"max-snippet:-1","max-image-preview":"max-image-preview:large","max-video-preview":"max-video-preview:-1"},"canonical":"https:\/\/www.satmars.com\/pl\/produkte\/personenschutz\/","og_locale":"pl_PL","og_type":"article","og_title":"Bezpiecze\u0144stwo pracownik\u00f3w samotnych - SatMARS","og_url":"https:\/\/www.satmars.com\/produkte\/personenschutz\/","og_site_name":"SatMARS","article_modified_time":"2025-03-06T11:44:36+00:00","twitter_card":"summary_large_image","twitter_misc":{"Szacowany czas czytania":"12 minut"},"schema":{"@context":"https:\/\/schema.org","@graph":[{"@type":"WebPage","@id":"https:\/\/www.satmars.com\/produkte\/personenschutz\/","url":"https:\/\/www.satmars.com\/produkte\/personenschutz\/","name":"Bezpiecze\u0144stwo pracownik\u00f3w samotnych - SatMARS","isPartOf":{"@id":"https:\/\/www.satmars.com\/#website"},"datePublished":"2020-06-23T12:25:52+00:00","dateModified":"2025-03-06T11:44:36+00:00","breadcrumb":{"@id":"https:\/\/www.satmars.com\/produkte\/personenschutz\/#breadcrumb"},"inLanguage":"pl-PL","potentialAction":[{"@type":"ReadAction","target":["https:\/\/www.satmars.com\/produkte\/personenschutz\/"]}]},{"@type":"BreadcrumbList","@id":"https:\/\/www.satmars.com\/produkte\/personenschutz\/#breadcrumb","itemListElement":[{"@type":"ListItem","position":1,"name":"Startseite","item":"https:\/\/www.satmars.com\/pl\/"},{"@type":"ListItem","position":2,"name":"Produkty","item":"https:\/\/www.satmars.com\/pl\/produkte\/"},{"@type":"ListItem","position":3,"name":"Bezpiecze\u0144stwo pracownik\u00f3w samotnych"}]},{"@type":"WebSite","@id":"https:\/\/www.satmars.com\/#website","url":"https:\/\/www.satmars.com\/","name":"SatMARS","description":"Navigations- &amp; Kommunikationssysteme GmbH","potentialAction":[{"@type":"SearchAction","target":{"@type":"EntryPoint","urlTemplate":"https:\/\/www.satmars.com\/?s={search_term_string}"},"query-input":{"@type":"PropertyValueSpecification","valueRequired":true,"valueName":"search_term_string"}}],"inLanguage":"pl-PL"}]}},"_links":{"self":[{"href":"https:\/\/www.satmars.com\/pl\/wp-json\/wp\/v2\/pages\/4930","targetHints":{"allow":["GET"]}}],"collection":[{"href":"https:\/\/www.satmars.com\/pl\/wp-json\/wp\/v2\/pages"}],"about":[{"href":"https:\/\/www.satmars.com\/pl\/wp-json\/wp\/v2\/types\/page"}],"author":[{"embeddable":true,"href":"https:\/\/www.satmars.com\/pl\/wp-json\/wp\/v2\/users\/1"}],"replies":[{"embeddable":true,"href":"https:\/\/www.satmars.com\/pl\/wp-json\/wp\/v2\/comments?post=4930"}],"version-history":[{"count":20,"href":"https:\/\/www.satmars.com\/pl\/wp-json\/wp\/v2\/pages\/4930\/revisions"}],"predecessor-version":[{"id":10640,"href":"https:\/\/www.satmars.com\/pl\/wp-json\/wp\/v2\/pages\/4930\/revisions\/10640"}],"up":[{"embeddable":true,"href":"https:\/\/www.satmars.com\/pl\/wp-json\/wp\/v2\/pages\/4787"}],"wp:attachment":[{"href":"https:\/\/www.satmars.com\/pl\/wp-json\/wp\/v2\/media?parent=4930"}],"curies":[{"name":"wp","href":"https:\/\/api.w.org\/{rel}","templated":true}]}}