{"id":4850,"date":"2020-06-23T14:23:14","date_gmt":"2020-06-23T12:23:14","guid":{"rendered":"https:\/\/www.satmars.com\/uslugi-serwisowe\/"},"modified":"2020-07-01T14:31:25","modified_gmt":"2020-07-01T12:31:25","slug":"uslugi-serwisowe","status":"publish","type":"page","link":"https:\/\/www.satmars.com\/pl\/uslugi-serwisowe\/","title":{"rendered":"Us\u0142ugi serwisowe"},"content":{"rendered":"<div id=\"cmsmasters_row_ng4enn4syg\" class=\"cmsmasters_row cmsmasters_color_scheme_default cmsmasters_row_top_default cmsmasters_row_bot_default cmsmasters_row_boxed\">\n<div class=\"cmsmasters_row_outer_parent\">\n<div class=\"cmsmasters_row_outer\">\n<div class=\"cmsmasters_row_inner\">\n<div class=\"cmsmasters_row_margin\">\n<div id=\"cmsmasters_column_dwvpdvpzro\" class=\"cmsmasters_column one_first\">\n<div class=\"cmsmasters_column_inner\">\n<div id=\"cmsmasters_divider_fw36v84dc\" class=\"cl\"><\/div>\n<\/div><\/div>\n<\/div>\n<\/div>\n<\/div>\n<\/div>\n<\/div>\n<div id=\"cmsmasters_row_n3p6oitd4b\" class=\"cmsmasters_row cmsmasters_color_scheme_default cmsmasters_row_top_default cmsmasters_row_bot_default cmsmasters_row_boxed\">\n<div class=\"cmsmasters_row_outer_parent\">\n<div class=\"cmsmasters_row_outer\">\n<div class=\"cmsmasters_row_inner\">\n<div class=\"cmsmasters_row_margin\">\n<div id=\"cmsmasters_column_afn5iv4xcu\" class=\"cmsmasters_column one_first\">\n<div class=\"cmsmasters_column_inner\"><\/div><\/div>\n<\/div>\n<\/div>\n<\/div>\n<\/div>\n<\/div>\n<div id=\"cmsmasters_row_xo7avcga5\" class=\"cmsmasters_row cmsmasters_color_scheme_default cmsmasters_row_top_default cmsmasters_row_bot_default cmsmasters_row_boxed\">\n<div class=\"cmsmasters_row_outer_parent\">\n<div class=\"cmsmasters_row_outer\">\n<div class=\"cmsmasters_row_inner\">\n<div class=\"cmsmasters_row_margin\">\n<div id=\"cmsmasters_column_i6qoqy3pah\" class=\"cmsmasters_column one_first\">\n<div class=\"cmsmasters_column_inner\"><div id=\"cmsmasters_heading_md2ybmip3v\" class=\"cmsmasters_heading_wrap cmsmasters_heading_align_left\">\n\t<h2 class=\"cmsmasters_heading\"> Nasze us\u0142ugi<\/h2>\n<\/div>\n<\/div><\/div>\n<\/div>\n<\/div>\n<\/div>\n<\/div>\n<\/div>\n<div id=\"cmsmasters_row_5cdubbmhi\" class=\"cmsmasters_row cmsmasters_color_scheme_default cmsmasters_row_top_default cmsmasters_row_bot_default cmsmasters_row_boxed\">\n<div class=\"cmsmasters_row_outer_parent\">\n<div class=\"cmsmasters_row_outer\">\n<div class=\"cmsmasters_row_inner cmsmasters_row_no_margin\">\n<div class=\"cmsmasters_row_margin cmsmasters_row_columns_behavior\">\n<div id=\"cmsmasters_column_9grxk89pfs\" class=\"cmsmasters_column one_first\">\n<div class=\"cmsmasters_column_inner\"><div id=\"cmsmasters_icon_box_skrps4vuuc\" class=\"cmsmasters_icon_box cmsmasters_icon_box_left_top box_icon_type_icon cmsmasters-icon-custom-insurance\">\n<div class=\"icon_box_inner\">\n<h5 class=\"icon_box_heading\">Plug\u2032n\u2032Secure<\/h5>\n<div class=\"icon_box_text\">\n<p>Oferujemy nasze rozwi\u0105zania lokalizacyjne, skonfigurowane zgodnie z Twoimi \u017cyczeniami i wymaganiami. Zawsze otrzymasz fabrycznie zainstalowan\u0105 kart\u0119 SIM do Twojego systemu bezpiecze\u0144stwa, kt\u00f3ra zapewnia komunikacj\u0119 w najlepszej jako\u015bci i najni\u017cszej cenie. Dzi\u0119ki temu masz pewno\u015b\u0107, \u017ce zawsze b\u0119dziesz cieszy\u0107 si\u0119 najlepszym odbiorem, poniewa\u017c karta SIM stale \u0142\u0105czy si\u0119 automatycznie z najlepsz\u0105 sieci\u0105.<\/p>\n<\/div>\n<\/div>\n<\/div>\n<\/div><\/div>\n<\/div>\n<\/div>\n<\/div>\n<\/div>\n<\/div>\n<div id=\"cmsmasters_row_tg250lkhzp\" class=\"cmsmasters_row cmsmasters_color_scheme_default cmsmasters_row_top_default cmsmasters_row_bot_default cmsmasters_row_boxed\">\n<div class=\"cmsmasters_row_outer_parent\">\n<div class=\"cmsmasters_row_outer\">\n<div class=\"cmsmasters_row_inner\">\n<div class=\"cmsmasters_row_margin\">\n<div id=\"cmsmasters_column_n82y357v0g\" class=\"cmsmasters_column one_first\">\n<div class=\"cmsmasters_column_inner\"><div id=\"cmsmasters_fb_wdhcmiwfqi\" class=\"cmsmasters_featured_block\">\n<div class=\"featured_block_inner\">\n<div class=\"featured_block_text\"><\/div>\n<\/div>\n<\/div>\n<\/div><\/div>\n<\/div>\n<\/div>\n<\/div>\n<\/div>\n<\/div>\n<div id=\"cmsmasters_row_skl8kdc7ig\" class=\"cmsmasters_row cmsmasters_color_scheme_default cmsmasters_row_top_default cmsmasters_row_bot_default cmsmasters_row_boxed\">\n<div class=\"cmsmasters_row_outer_parent\">\n<div class=\"cmsmasters_row_outer\">\n<div class=\"cmsmasters_row_inner cmsmasters_row_no_margin\">\n<div class=\"cmsmasters_row_margin cmsmasters_row_columns_behavior\">\n<div id=\"cmsmasters_column_bbyvvmrcmv\" class=\"cmsmasters_column one_first\">\n<div class=\"cmsmasters_column_inner\"><div id=\"cmsmasters_icon_box_0uwsgyswxa\" class=\"cmsmasters_icon_box cmsmasters_icon_box_left_top box_icon_type_icon cmsmasters-icon-custom-team\">\n<div class=\"icon_box_inner\">\n<h5 class=\"icon_box_heading\">Instalacja i szkolenie<\/h5>\n<div class=\"icon_box_text\">\n<p>Profesjonalnie \u0142\u0105czymy Tw\u00f3j system z naszym rozwi\u0105zaniem bezpiecze\u0144stwa, w naszej siedzibie lub w certyfikowanym warsztacie. Zapewnia to wysoki poziom niezawodno\u015bci i jednocze\u015bnie kompleksow\u0105 ochron\u0119 przed manipulacj\u0105 lub usuwaniem system\u00f3w, na przyk\u0142ad w razie napadu. Aby\u015b Ty i Twoi pracownicy bezpiecznie dysponowali, planowali i monitorowani, oferujemy jednorazowe oraz regularne szkolenia odno\u015bnie naszych system\u00f3w z certyfikatem uczestnictwa. Tak masz pewno\u015b\u0107, \u017ce Tw\u00f3j system bezpiecze\u0144stwa dzia\u0142a optymalnie.<\/p>\n<\/div>\n<\/div>\n<\/div>\n<\/div><\/div>\n<\/div>\n<\/div>\n<\/div>\n<\/div>\n<\/div>\n<div id=\"cmsmasters_row_p2lsbzlzc\" class=\"cmsmasters_row cmsmasters_color_scheme_default cmsmasters_row_top_default cmsmasters_row_bot_default cmsmasters_row_boxed\">\n<div class=\"cmsmasters_row_outer_parent\">\n<div class=\"cmsmasters_row_outer\">\n<div class=\"cmsmasters_row_inner\">\n<div class=\"cmsmasters_row_margin\">\n<div id=\"cmsmasters_column_7asuwu6ai\" class=\"cmsmasters_column one_first\">\n<div class=\"cmsmasters_column_inner\"><div id=\"cmsmasters_fb_c0tc6pnxh\" class=\"cmsmasters_featured_block\">\n<div class=\"featured_block_inner\">\n<div class=\"featured_block_text\"><\/div>\n<\/div>\n<\/div>\n<\/div><\/div>\n<\/div>\n<\/div>\n<\/div>\n<\/div>\n<\/div>\n<div id=\"cmsmasters_row_z7vm0nyrt\" class=\"cmsmasters_row cmsmasters_color_scheme_default cmsmasters_row_top_default cmsmasters_row_bot_default cmsmasters_row_boxed\">\n<div class=\"cmsmasters_row_outer_parent\">\n<div class=\"cmsmasters_row_outer\">\n<div class=\"cmsmasters_row_inner cmsmasters_row_no_margin\">\n<div class=\"cmsmasters_row_margin cmsmasters_row_columns_behavior\">\n<div id=\"cmsmasters_column_adwad1hw2\" class=\"cmsmasters_column one_first\">\n<div class=\"cmsmasters_column_inner\"><div id=\"cmsmasters_icon_box_x21qatvd43\" class=\"cmsmasters_icon_box cmsmasters_icon_box_left_top box_icon_type_icon cmsmasters-icon-custom-development\">\n<div class=\"icon_box_inner\">\n<h5 class=\"icon_box_heading\">Us\u0142ugi online<\/h5>\n<div class=\"icon_box_text\">\n<p><strong>SatWEB.online<\/strong><br \/>\nKorzystaj\u0105c z naszego portalu internetowego <span style=\"color: #008000;\">SatWEB.online <a href=\"https:\/\/www.satmars.com\/pl\/produkte\/rozwiazania-programowe\/\" target=\"_blank\" rel=\"noopener noreferrer\"><img loading=\"lazy\" decoding=\"async\" class=\"alignnone wp-image-5536 size-full\" src=\"https:\/\/www.satmars.com\/wp-content\/uploads\/2020\/06\/Link-1.png\" alt=\"\" width=\"14\" height=\"14\" \/><\/a><\/span>, do\u015bwiadczasz w najlepszy spos\u00f3b obs\u0142ug\u0119 i wy\u015bwietlenie Twoich urz\u0105dze\u0144. Masz mo\u017cliwo\u015b\u0107 przeniesienia wszystkich danych do istniej\u0105cej infrastruktury, ale tak\u017ce importu danych stron trzecich na nasz\u0105 stron\u0119 <span style=\"color: #008000;\">SatWEB.online<\/span>. Tak mo\u017cesz \u0142\u0105czy\u0107 r\u00f3\u017cnych operator\u00f3w system\u00f3w lokalizacyjnych w jednym puncie monitoringu.<\/p>\n<p><strong>Pakiet programu Horizon<\/strong><br \/>\nWraz z Melton Technologies oferujemy kompletne rozwi\u0105zanie dotycz\u0105cego op\u0142aty kierowc\u00f3w, dr\u00f3g i planowania trasy. <span style=\"color: #008000;\">HorizonWeb<\/span> <a href=\"https:\/\/www.satmars.com\/pl\/produkte\/rozwiazania-programowe\/\" target=\"_blank\" rel=\"noopener noreferrer\"><img loading=\"lazy\" decoding=\"async\" class=\"alignnone wp-image-5536 size-full\" src=\"https:\/\/www.satmars.com\/wp-content\/uploads\/2020\/06\/Link-1.png\" alt=\"\" width=\"14\" height=\"14\" \/><\/a> oferuje Ci mo\u017cliwo\u015b\u0107 \u0142atwego i wyra\u017anego planowania oraz zarz\u0105dzania tras\u0105. Dzi\u0119ki aplikacji <span style=\"color: #008000;\">HorizonGo<\/span> <a href=\"https:\/\/www.youtube.com\/embed\/fWWHKQZepbk\" target=\"_blank\" rel=\"noopener noreferrer\"><img loading=\"lazy\" decoding=\"async\" class=\"alignnone wp-image-5536 size-full\" src=\"https:\/\/www.satmars.com\/wp-content\/uploads\/2020\/06\/Link-1.png\" alt=\"\" width=\"14\" height=\"14\" \/><\/a> kierowca ma dost\u0119p do wszystkich istotnych informacji i w razie potrzeby mo\u017ce zosta\u0107 uwzgl\u0119dniony w planowaniu trasy.<\/p>\n<\/div>\n<\/div>\n<\/div>\n<\/div><\/div>\n<\/div>\n<\/div>\n<\/div>\n<\/div>\n<\/div>\n<div id=\"cmsmasters_row_5bsk7bhm6g\" class=\"cmsmasters_row cmsmasters_color_scheme_default cmsmasters_row_top_default cmsmasters_row_bot_default cmsmasters_row_boxed\">\n<div class=\"cmsmasters_row_outer_parent\">\n<div class=\"cmsmasters_row_outer\">\n<div class=\"cmsmasters_row_inner\">\n<div class=\"cmsmasters_row_margin\">\n<div id=\"cmsmasters_column_nu4amxbsja\" class=\"cmsmasters_column one_first\">\n<div class=\"cmsmasters_column_inner\"><div id=\"cmsmasters_fb_9zkwdp92h3\" class=\"cmsmasters_featured_block\">\n<div class=\"featured_block_inner\">\n<div class=\"featured_block_text\"><\/div>\n<\/div>\n<\/div>\n<\/div><\/div>\n<\/div>\n<\/div>\n<\/div>\n<\/div>\n<\/div>\n<div id=\"cmsmasters_row_ye3bz14zgb\" class=\"cmsmasters_row cmsmasters_color_scheme_default cmsmasters_row_top_default cmsmasters_row_bot_default cmsmasters_row_boxed\">\n<div class=\"cmsmasters_row_outer_parent\">\n<div class=\"cmsmasters_row_outer\">\n<div class=\"cmsmasters_row_inner cmsmasters_row_no_margin\">\n<div class=\"cmsmasters_row_margin cmsmasters_row_columns_behavior\">\n<div id=\"cmsmasters_column_a2yc15uxk\" class=\"cmsmasters_column one_first\">\n<div class=\"cmsmasters_column_inner\"><div id=\"cmsmasters_icon_box_xi7y8vl9di\" class=\"cmsmasters_icon_box cmsmasters_icon_box_left_top box_icon_type_icon cmsmasters-icon-custom-skills\">\n<div class=\"icon_box_inner\">\n<h5 class=\"icon_box_heading\">Sie\u0107 i aplikacje<\/h5>\n<div class=\"icon_box_text\">\n<p><strong>Aplikacje, rozwi\u0105zania stacji roboczych<\/strong><br \/>\nOpr\u00f3cz klasycznej aplikacji do smartfon\u00f3w oferujemy r\u00f3wnie\u017c unikaln\u0105 na rynku telematyki opcj\u0119 wykonywania wszystkich kontroli i operacji za pomoc\u0105 program\u00f3w Windows. Zwi\u0119ksza to \u0142atwo\u015b\u0107 obs\u0142ugi i zapewnia jeszcze lepszy przegl\u0105d i wi\u0119ksze bezpiecze\u0144stwo w codziennej pracy i monitorowaniu.<\/p>\n<p><strong>Samowystarczalna sie\u0107<\/strong><br \/>\nPrzenie\u015b wszystkie dane urz\u0105dzenia do domu i \u017cyj w samowystarczalnej sieci. Oferujemy r\u00f3wnie\u017c mo\u017cliwo\u015b\u0107 skonfigurowania kompletnej infrastruktury serwer\u00f3w.<\/p>\n<\/div>\n<\/div>\n<\/div>\n<\/div><\/div>\n<\/div>\n<\/div>\n<\/div>\n<\/div>\n<\/div>\n<div id=\"cmsmasters_row_rduopre8eh\" class=\"cmsmasters_row cmsmasters_color_scheme_default cmsmasters_row_top_default cmsmasters_row_bot_default cmsmasters_row_boxed\">\n<div class=\"cmsmasters_row_outer_parent\">\n<div class=\"cmsmasters_row_outer\">\n<div class=\"cmsmasters_row_inner\">\n<div class=\"cmsmasters_row_margin\">\n<div id=\"cmsmasters_column_7hcj8s4x2e\" class=\"cmsmasters_column one_first\">\n<div class=\"cmsmasters_column_inner\"><div id=\"cmsmasters_fb_3g10t4206l\" class=\"cmsmasters_featured_block\">\n<div class=\"featured_block_inner\">\n<div class=\"featured_block_text\"><\/div>\n<\/div>\n<\/div>\n<\/div><\/div>\n<\/div>\n<\/div>\n<\/div>\n<\/div>\n<\/div>\n<div id=\"cmsmasters_row_knv8jw7gjm\" class=\"cmsmasters_row cmsmasters_color_scheme_default cmsmasters_row_top_default cmsmasters_row_bot_default cmsmasters_row_boxed\">\n<div class=\"cmsmasters_row_outer_parent\">\n<div class=\"cmsmasters_row_outer\">\n<div class=\"cmsmasters_row_inner cmsmasters_row_no_margin\">\n<div class=\"cmsmasters_row_margin cmsmasters_row_columns_behavior\">\n<div id=\"cmsmasters_column_apeeqm5nn4\" class=\"cmsmasters_column one_first\">\n<div class=\"cmsmasters_column_inner\"><div id=\"cmsmasters_icon_box_qebkgoexhq\" class=\"cmsmasters_icon_box cmsmasters_icon_box_left_top box_icon_type_icon cmsmasters-icon-custom-shedule\">\n<div class=\"icon_box_inner\">\n<h5 class=\"icon_box_heading\">24\/7 - monitorowanie i us\u0142ugi serwisowe<\/h5>\n<div class=\"icon_box_text\">\n<p><strong>Jeste\u015bmy do Twojej dyspozycji!<\/strong><br \/>\nW ramach umowy serwisu 24\/7 jeste\u015bmy osi\u0105galni! I to 24 godziny na dob\u0119, 7 dni w tygodniu, 365 dni w roku. Zostaniesz natychmiast poinformowany o wszelkich nieprawid\u0142owo\u015bciach lub problemach. Potrzebujesz pomocy lub wsparcia w obs\u0142udze naszych urz\u0105dze\u0144 i \/ lub us\u0142ug? Je\u015bli masz specyficzne wymagania bezpiecze\u0144stwa, z przyjemno\u015bci\u0105 przejmiemy monitorowanie i interwencj\u0119 wraz z naszymi partnerami interwencyjnymi CSM , TCS i G4S.<\/p>\n<p>&nbsp;<\/p>\n<\/div>\n<\/div>\n<\/div>\n<\/div><\/div>\n<\/div>\n<\/div>\n<\/div>\n<\/div>\n<\/div>\n<div id=\"cmsmasters_row_pn3lpsjq0l\" class=\"cmsmasters_row cmsmasters_color_scheme_default cmsmasters_row_top_default cmsmasters_row_bot_default cmsmasters_row_boxed\">\n<div class=\"cmsmasters_row_outer_parent\">\n<div class=\"cmsmasters_row_outer\">\n<div class=\"cmsmasters_row_inner\">\n<div class=\"cmsmasters_row_margin\">\n<div id=\"cmsmasters_column_o484h3g6fi\" class=\"cmsmasters_column one_first\">\n<div class=\"cmsmasters_column_inner\">\n<div id=\"cmsmasters_divider_d38u7ab4dj\" class=\"cmsmasters_divider cmsmasters_dotted_row cmsmasters_divider_width_long cmsmasters_divider_pos_center\"><\/div>\n<\/div><\/div>\n<\/div>\n<\/div>\n<\/div>\n<\/div>\n<\/div>\n<div id=\"cmsmasters_row_ezwgtrg2t\" class=\"cmsmasters_row cmsmasters_color_scheme_second cmsmasters_row_top_default cmsmasters_row_bot_default cmsmasters_row_boxed\">\n<div class=\"cmsmasters_row_outer_parent\">\n<div class=\"cmsmasters_row_outer\">\n<div class=\"cmsmasters_row_inner\">\n<div class=\"cmsmasters_row_margin\">\n<div id=\"cmsmasters_column_y2e0vf492g\" class=\"cmsmasters_column one_first\">\n<div class=\"cmsmasters_column_inner\"><div id=\"cmsmasters_fb_3ee6ik4b8j\" class=\"cmsmasters_featured_block\">\n<div class=\"featured_block_inner\">\n<div class=\"featured_block_text\">\n<div id=\"cmsmasters_heading_jqky0xgxg\" class=\"cmsmasters_heading_wrap cmsmasters_heading_align_left\">\n\t<h2 class=\"cmsmasters_heading\">Skontaktuj si\u0119 z nami!<\/h2>\n<\/div>\n\n<\/div>\n<\/div>\n<\/div>\n<\/div><\/div>\n<\/div>\n<\/div>\n<div class=\"cmsmasters_row_inner\">\n<div class=\"cmsmasters_row_margin\">\n<div id=\"cmsmasters_column_opx5r1c0ro\" class=\"cmsmasters_column one_first\">\n<div class=\"cmsmasters_column_inner\"><div id=\"cmsmasters_fb_fash8q8fkb\" class=\"cmsmasters_featured_block\">\n<div class=\"featured_block_inner\">\n<div class=\"featured_block_text\">\n<p><span style=\"color: #ffffff;\">Jeste\u015bmy zawsze otwarci na sugestie oraz pytania. Jeste\u015b zainteresowany wsp\u00f3\u0142pracuj\u0105 lub partnerstwem w projektach lub dystrybucji? Nie wahaj si\u0119, nawi\u0105\u017c z nami kontakt!<\/span><br \/>\n<div id=\"cmsmasters_divider_fash8q8fkb\" class=\"cl\"><\/div>\n<div class=\"wpcf7 no-js\" id=\"wpcf7-f5240-o1\" lang=\"en-US\" dir=\"ltr\" data-wpcf7-id=\"5240\">\n<div class=\"screen-reader-response\"><p role=\"status\" aria-live=\"polite\" aria-atomic=\"true\"><\/p> <ul><\/ul><\/div>\n<form action=\"\/pl\/wp-json\/wp\/v2\/pages\/4850#wpcf7-f5240-o1\" method=\"post\" class=\"wpcf7-form init\" aria-label=\"Contact form\" novalidate=\"novalidate\" data-status=\"init\">\n<div style=\"display: none;\">\n<input type=\"hidden\" name=\"_wpcf7\" value=\"5240\" \/>\n<input type=\"hidden\" name=\"_wpcf7_version\" value=\"6.0.5\" \/>\n<input type=\"hidden\" name=\"_wpcf7_locale\" value=\"en_US\" \/>\n<input type=\"hidden\" name=\"_wpcf7_unit_tag\" value=\"wpcf7-f5240-o1\" \/>\n<input type=\"hidden\" name=\"_wpcf7_container_post\" value=\"0\" \/>\n<input type=\"hidden\" name=\"_wpcf7_posted_data_hash\" value=\"\" \/>\n<\/div>\n<div class=\"cmsmasters-form-builder\">\n\t<div class=\"form_info one_first\">\n\t\t<p><span class=\"wpcf7-form-control-wrap\" data-name=\"your-name\"><input size=\"40\" maxlength=\"400\" class=\"wpcf7-form-control wpcf7-text wpcf7-validates-as-required\" aria-required=\"true\" aria-invalid=\"false\" placeholder=\"Twoje imi\u0119\" value=\"\" type=\"text\" name=\"your-name\" \/><\/span>\n\t\t<\/p>\n\t<\/div>\n\t<div class=\"form_info one_first\">\n\t\t<p><span class=\"wpcf7-form-control-wrap\" data-name=\"your-email\"><input size=\"40\" maxlength=\"400\" class=\"wpcf7-form-control wpcf7-email wpcf7-validates-as-required wpcf7-text wpcf7-validates-as-email\" aria-required=\"true\" aria-invalid=\"false\" placeholder=\"Tw\u00f3j email\" value=\"\" type=\"email\" name=\"your-email\" \/><\/span>\n\t\t<\/p>\n\t<\/div>\n\t<div class=\"form_info one_first\">\n\t\t<p><span class=\"wpcf7-form-control-wrap\" data-name=\"your-message\"><input size=\"40\" maxlength=\"400\" class=\"wpcf7-form-control wpcf7-text wpcf7-validates-as-required\" aria-required=\"true\" aria-invalid=\"false\" placeholder=\"Twoja wiadomo\u015b\u0107\" value=\"\" type=\"text\" name=\"your-message\" \/><\/span>\n\t\t<\/p>\n\t<\/div>\n\t<div class=\"form_info one_first\">\n\t\t<div class=\"cmsmasters_submit_wrap\">\n\t\t\t<p><input class=\"wpcf7-form-control wpcf7-submit has-spinner\" type=\"submit\" value=\"Wy\u015blij\" \/>\n\t\t\t<\/p>\n\t\t<\/div>\n\t<\/div>\n<\/div><div class=\"wpcf7-response-output\" aria-hidden=\"true\"><\/div>\n<\/form>\n<\/div>\n\n<\/div>\n<\/div>\n<\/div>\n<\/div><\/div>\n<\/div>\n<\/div>\n<\/div>\n<\/div>\n<\/div>\n<div id=\"cmsmasters_row_cfuzf5nglp\" class=\"cmsmasters_row cmsmasters_color_scheme_default cmsmasters_row_top_default cmsmasters_row_bot_default cmsmasters_row_boxed\">\n<div class=\"cmsmasters_row_outer_parent\">\n<div class=\"cmsmasters_row_outer\">\n<div class=\"cmsmasters_row_inner\">\n<div class=\"cmsmasters_row_margin\">\n<div id=\"cmsmasters_column_5ptf68d3o\" class=\"cmsmasters_column one_first\">\n<div class=\"cmsmasters_column_inner\">\n<div id=\"cmsmasters_divider_4yf3v210l\" class=\"cl\"><\/div>\n<\/div><\/div>\n<\/div>\n<\/div>\n<\/div>\n<\/div>\n<\/div>\n<div id=\"cmsmasters_row_m54gbj3t8e\" class=\"cmsmasters_row cmsmasters_color_scheme_default cmsmasters_row_top_default cmsmasters_row_bot_default cmsmasters_row_boxed\">\n<div class=\"cmsmasters_row_outer_parent\">\n<div class=\"cmsmasters_row_outer\">\n<div class=\"cmsmasters_row_inner\">\n<div class=\"cmsmasters_row_margin\">\n<div id=\"cmsmasters_column_2lclyvvxq\" class=\"cmsmasters_column one_first\">\n<div class=\"cmsmasters_column_inner\"><div class=\"cmsmasters_clients_grid_wrap\">\n<div id=\"cmsmasters_clients_qywuzwo6f\" class=\"cmsmasters_clients_grid clients_five\">\n<div class=\"cmsmasters_clients_items slides\">\n<\/div>\n<\/div>\n<\/div>\n<\/div><\/div>\n<\/div>\n<\/div>\n<\/div>\n<\/div>\n<\/div>\n\n","protected":false},"excerpt":{"rendered":"","protected":false},"author":1,"featured_media":0,"parent":0,"menu_order":0,"comment_status":"closed","ping_status":"closed","template":"","meta":{"footnotes":""},"class_list":["post-4850","page","type-page","status-publish","hentry"],"yoast_head":"<!-- This site is optimized with the Yoast SEO plugin v24.6 - https:\/\/yoast.com\/wordpress\/plugins\/seo\/ -->\n<title>Us\u0142ugi serwisowe - SatMARS<\/title>\n<meta name=\"robots\" content=\"index, follow, max-snippet:-1, max-image-preview:large, max-video-preview:-1\" \/>\n<link rel=\"canonical\" href=\"https:\/\/www.satmars.com\/pl\/dienstleistungen\/\" \/>\n<meta property=\"og:locale\" content=\"pl_PL\" \/>\n<meta property=\"og:type\" content=\"article\" \/>\n<meta property=\"og:title\" content=\"Us\u0142ugi serwisowe - SatMARS\" \/>\n<meta property=\"og:url\" content=\"https:\/\/www.satmars.com\/dienstleistungen\/\" \/>\n<meta property=\"og:site_name\" content=\"SatMARS\" \/>\n<meta property=\"article:modified_time\" content=\"2020-07-01T12:31:25+00:00\" \/>\n<meta property=\"og:image\" content=\"https:\/\/www.satmars.com\/wp-content\/uploads\/2020\/06\/Link-1.png\" \/>\n\t<meta property=\"og:image:width\" content=\"14\" \/>\n\t<meta property=\"og:image:height\" content=\"14\" \/>\n\t<meta property=\"og:image:type\" content=\"image\/png\" \/>\n<meta name=\"twitter:card\" content=\"summary_large_image\" \/>\n<meta name=\"twitter:label1\" content=\"Szacowany czas czytania\" \/>\n\t<meta name=\"twitter:data1\" content=\"13 minut\" \/>\n<script type=\"application\/ld+json\" class=\"yoast-schema-graph\">{\"@context\":\"https:\/\/schema.org\",\"@graph\":[{\"@type\":\"WebPage\",\"@id\":\"https:\/\/www.satmars.com\/dienstleistungen\/\",\"url\":\"https:\/\/www.satmars.com\/dienstleistungen\/\",\"name\":\"Us\u0142ugi serwisowe - SatMARS\",\"isPartOf\":{\"@id\":\"https:\/\/www.satmars.com\/#website\"},\"primaryImageOfPage\":{\"@id\":\"https:\/\/www.satmars.com\/dienstleistungen\/#primaryimage\"},\"image\":{\"@id\":\"https:\/\/www.satmars.com\/dienstleistungen\/#primaryimage\"},\"thumbnailUrl\":\"https:\/\/www.satmars.com\/wp-content\/uploads\/2020\/06\/Link-1.png\",\"datePublished\":\"2020-06-23T12:23:14+00:00\",\"dateModified\":\"2020-07-01T12:31:25+00:00\",\"breadcrumb\":{\"@id\":\"https:\/\/www.satmars.com\/dienstleistungen\/#breadcrumb\"},\"inLanguage\":\"pl-PL\",\"potentialAction\":[{\"@type\":\"ReadAction\",\"target\":[\"https:\/\/www.satmars.com\/dienstleistungen\/\"]}]},{\"@type\":\"ImageObject\",\"inLanguage\":\"pl-PL\",\"@id\":\"https:\/\/www.satmars.com\/dienstleistungen\/#primaryimage\",\"url\":\"https:\/\/www.satmars.com\/wp-content\/uploads\/2020\/06\/Link-1.png\",\"contentUrl\":\"https:\/\/www.satmars.com\/wp-content\/uploads\/2020\/06\/Link-1.png\"},{\"@type\":\"BreadcrumbList\",\"@id\":\"https:\/\/www.satmars.com\/dienstleistungen\/#breadcrumb\",\"itemListElement\":[{\"@type\":\"ListItem\",\"position\":1,\"name\":\"Startseite\",\"item\":\"https:\/\/www.satmars.com\/pl\/\"},{\"@type\":\"ListItem\",\"position\":2,\"name\":\"Us\u0142ugi serwisowe\"}]},{\"@type\":\"WebSite\",\"@id\":\"https:\/\/www.satmars.com\/#website\",\"url\":\"https:\/\/www.satmars.com\/\",\"name\":\"SatMARS\",\"description\":\"Navigations- &amp; Kommunikationssysteme GmbH\",\"potentialAction\":[{\"@type\":\"SearchAction\",\"target\":{\"@type\":\"EntryPoint\",\"urlTemplate\":\"https:\/\/www.satmars.com\/?s={search_term_string}\"},\"query-input\":{\"@type\":\"PropertyValueSpecification\",\"valueRequired\":true,\"valueName\":\"search_term_string\"}}],\"inLanguage\":\"pl-PL\"}]}<\/script>\n<!-- \/ Yoast SEO plugin. -->","yoast_head_json":{"title":"Us\u0142ugi serwisowe - SatMARS","robots":{"index":"index","follow":"follow","max-snippet":"max-snippet:-1","max-image-preview":"max-image-preview:large","max-video-preview":"max-video-preview:-1"},"canonical":"https:\/\/www.satmars.com\/pl\/dienstleistungen\/","og_locale":"pl_PL","og_type":"article","og_title":"Us\u0142ugi serwisowe - SatMARS","og_url":"https:\/\/www.satmars.com\/dienstleistungen\/","og_site_name":"SatMARS","article_modified_time":"2020-07-01T12:31:25+00:00","og_image":[{"width":14,"height":14,"url":"https:\/\/www.satmars.com\/wp-content\/uploads\/2020\/06\/Link-1.png","type":"image\/png"}],"twitter_card":"summary_large_image","twitter_misc":{"Szacowany czas czytania":"13 minut"},"schema":{"@context":"https:\/\/schema.org","@graph":[{"@type":"WebPage","@id":"https:\/\/www.satmars.com\/dienstleistungen\/","url":"https:\/\/www.satmars.com\/dienstleistungen\/","name":"Us\u0142ugi serwisowe - SatMARS","isPartOf":{"@id":"https:\/\/www.satmars.com\/#website"},"primaryImageOfPage":{"@id":"https:\/\/www.satmars.com\/dienstleistungen\/#primaryimage"},"image":{"@id":"https:\/\/www.satmars.com\/dienstleistungen\/#primaryimage"},"thumbnailUrl":"https:\/\/www.satmars.com\/wp-content\/uploads\/2020\/06\/Link-1.png","datePublished":"2020-06-23T12:23:14+00:00","dateModified":"2020-07-01T12:31:25+00:00","breadcrumb":{"@id":"https:\/\/www.satmars.com\/dienstleistungen\/#breadcrumb"},"inLanguage":"pl-PL","potentialAction":[{"@type":"ReadAction","target":["https:\/\/www.satmars.com\/dienstleistungen\/"]}]},{"@type":"ImageObject","inLanguage":"pl-PL","@id":"https:\/\/www.satmars.com\/dienstleistungen\/#primaryimage","url":"https:\/\/www.satmars.com\/wp-content\/uploads\/2020\/06\/Link-1.png","contentUrl":"https:\/\/www.satmars.com\/wp-content\/uploads\/2020\/06\/Link-1.png"},{"@type":"BreadcrumbList","@id":"https:\/\/www.satmars.com\/dienstleistungen\/#breadcrumb","itemListElement":[{"@type":"ListItem","position":1,"name":"Startseite","item":"https:\/\/www.satmars.com\/pl\/"},{"@type":"ListItem","position":2,"name":"Us\u0142ugi serwisowe"}]},{"@type":"WebSite","@id":"https:\/\/www.satmars.com\/#website","url":"https:\/\/www.satmars.com\/","name":"SatMARS","description":"Navigations- &amp; Kommunikationssysteme GmbH","potentialAction":[{"@type":"SearchAction","target":{"@type":"EntryPoint","urlTemplate":"https:\/\/www.satmars.com\/?s={search_term_string}"},"query-input":{"@type":"PropertyValueSpecification","valueRequired":true,"valueName":"search_term_string"}}],"inLanguage":"pl-PL"}]}},"_links":{"self":[{"href":"https:\/\/www.satmars.com\/pl\/wp-json\/wp\/v2\/pages\/4850","targetHints":{"allow":["GET"]}}],"collection":[{"href":"https:\/\/www.satmars.com\/pl\/wp-json\/wp\/v2\/pages"}],"about":[{"href":"https:\/\/www.satmars.com\/pl\/wp-json\/wp\/v2\/types\/page"}],"author":[{"embeddable":true,"href":"https:\/\/www.satmars.com\/pl\/wp-json\/wp\/v2\/users\/1"}],"replies":[{"embeddable":true,"href":"https:\/\/www.satmars.com\/pl\/wp-json\/wp\/v2\/comments?post=4850"}],"version-history":[{"count":6,"href":"https:\/\/www.satmars.com\/pl\/wp-json\/wp\/v2\/pages\/4850\/revisions"}],"predecessor-version":[{"id":5730,"href":"https:\/\/www.satmars.com\/pl\/wp-json\/wp\/v2\/pages\/4850\/revisions\/5730"}],"wp:attachment":[{"href":"https:\/\/www.satmars.com\/pl\/wp-json\/wp\/v2\/media?parent=4850"}],"curies":[{"name":"wp","href":"https:\/\/api.w.org\/{rel}","templated":true}]}}