{"id":4816,"date":"2020-06-23T14:20:12","date_gmt":"2020-06-23T12:20:12","guid":{"rendered":"https:\/\/www.satmars.com\/kontakt\/"},"modified":"2024-05-21T08:07:23","modified_gmt":"2024-05-21T06:07:23","slug":"kontakt","status":"publish","type":"page","link":"https:\/\/www.satmars.com\/pl\/kontakt\/","title":{"rendered":"Kontakt"},"content":{"rendered":"<div id=\"cmsmasters_row_6v39kly3t\" class=\"cmsmasters_row cmsmasters_color_scheme_default cmsmasters_row_top_default cmsmasters_row_bot_default cmsmasters_row_boxed\">\n<div class=\"cmsmasters_row_outer_parent\">\n<div class=\"cmsmasters_row_outer\">\n<div class=\"cmsmasters_row_inner\">\n<div class=\"cmsmasters_row_margin\">\n<div id=\"cmsmasters_column_w13m7caj9h\" class=\"cmsmasters_column one_first\">\n<div class=\"cmsmasters_column_inner\"><div class=\"cmsmasters_img  cmsmasters_image_n\"><img decoding=\"async\" src=\"https:\/\/www.satmars.com\/wp-content\/uploads\/2019\/01\/map.png\" alt=\"map\" \/><\/div>\n<\/div><\/div>\n<\/div>\n<\/div>\n<\/div>\n<\/div>\n<\/div>\n<div id=\"cmsmasters_row_9h4ay1cjl\" class=\"cmsmasters_row cmsmasters_color_scheme_default cmsmasters_row_top_default cmsmasters_row_bot_default cmsmasters_row_boxed\">\n<div class=\"cmsmasters_row_outer_parent\">\n<div class=\"cmsmasters_row_outer\">\n<div class=\"cmsmasters_row_inner\">\n<div class=\"cmsmasters_row_margin\">\n<div id=\"cmsmasters_column_5ijd6pj3k\" class=\"cmsmasters_column one_half\">\n<div class=\"cmsmasters_column_inner\"><div id=\"cmsmasters_heading_udka6x3qzm\" class=\"cmsmasters_heading_wrap cmsmasters_heading_align_left\">\n\t<h3 class=\"cmsmasters_heading\">Niemcy<\/h3>\n<\/div>\n<div id=\"cmsmasters_divider_erkc2i4py\" class=\"cmsmasters_divider cmsmasters_divider_width_long cmsmasters_divider_pos_center\"><\/div>\n<div class=\"cmsmasters_text\">\n<p>Heinrich-Hertz-Str. 28<br \/>\nD-41516 Grevenbroich<\/p>\n<p><span style=\"color: #bd0f0f;\"><a style=\"color: #bd0f0f;\" href=\"https:\/\/www.google.com\/maps\/place\/Heinrich-Hertz-Stra%C3%9Fe+28,+41516+Grevenbroich\/@51.1340312,6.6097821,17z\/data=!3m1!4b1!4m6!3m5!1s0x47bf4d22a0876505:0x938091cbfbcbbe58!8m2!3d51.1340279!4d6.612357!16s%2Fg%2F11v5ymvpgc?authuser=0&amp;entry=ttu\" target=\"_blank\" rel=\"noopener noreferrer\">Dojazd &gt;&gt;<\/a><\/span><\/p>\n<p><strong>Telefon<\/strong>: +49 (0) 2182 8150 523-1<\/p>\n<p><strong>E-Mail<\/strong>: vertrieb@satmars.de<\/p>\n<p><strong>Kontakt:<\/strong>\u00a0Marc Melzner<br \/>\n<strong>Wydzia\u0142y lokalne:<\/strong> produkcja + rozw\u00f3j, serwis + utrzymanie, sprzeda\u017c EU + globalna<\/p>\n<\/div>\n<\/div><\/div>\n<div id=\"cmsmasters_column_fprro8nvv\" class=\"cmsmasters_column one_half\">\n<div class=\"cmsmasters_column_inner\"><div id=\"cmsmasters_heading_aj1sq1wrgb\" class=\"cmsmasters_heading_wrap cmsmasters_heading_align_left\">\n\t<h3 class=\"cmsmasters_heading\">Holandia<\/h3>\n<\/div>\n<div id=\"cmsmasters_divider_74wp6wr2ve\" class=\"cmsmasters_divider cmsmasters_divider_width_long cmsmasters_divider_pos_center\"><\/div>\n<div class=\"cmsmasters_text\">\n<p><strong>SatMARS Netherlands BV<\/strong><br \/>\nSingelweg 17<br \/>\nNL &#8211; 9291 ML Kollum<br \/>\n<a href=\"https:\/\/goo.gl\/maps\/XyGhqgCSZfM2\" target=\"_blank\" rel=\"noopener noreferrer\">Dojazd &gt;&gt;<\/a><\/p>\n<p><strong>Telefon<\/strong>: +31 (0)85 743 04 05<\/p>\n<p><strong>E-Mail<\/strong>: jeroenbeukers@satmars.nl<\/p>\n<p><strong>Kontakt:<\/strong>\u00a0Jeroen Beukers<br \/>\n<strong>Wydzia\u0142y lokalne:<\/strong> produkcja \/ sprzeda\u017c elektromechaniczna NL &#8211; UE<\/p>\n<\/div>\n<\/div><\/div>\n<\/div>\n<\/div>\n<\/div>\n<\/div>\n<\/div>\n<div id=\"cmsmasters_row_rnpc49v866\" class=\"cmsmasters_row cmsmasters_color_scheme_default cmsmasters_row_top_default cmsmasters_row_bot_default cmsmasters_row_boxed\">\n<div class=\"cmsmasters_row_outer_parent\">\n<div class=\"cmsmasters_row_outer\">\n<div class=\"cmsmasters_row_inner\">\n<div class=\"cmsmasters_row_margin\">\n<div id=\"cmsmasters_column_o484h3g6fi\" class=\"cmsmasters_column one_first\">\n<div class=\"cmsmasters_column_inner\">\n<div id=\"cmsmasters_divider_ifcn0ngiqh\" class=\"cmsmasters_divider cmsmasters_dotted_row cmsmasters_divider_width_long cmsmasters_divider_pos_center\"><\/div>\n<\/div><\/div>\n<\/div>\n<\/div>\n<\/div>\n<\/div>\n<\/div>\n<div id=\"cmsmasters_row_vva877ifpe\" class=\"cmsmasters_row cmsmasters_color_scheme_default cmsmasters_row_top_default cmsmasters_row_bot_default cmsmasters_row_boxed\">\n<div class=\"cmsmasters_row_outer_parent\">\n<div class=\"cmsmasters_row_outer\">\n<div class=\"cmsmasters_row_inner\">\n<div class=\"cmsmasters_row_margin\">\n<div id=\"cmsmasters_column_z7872e3h0k\" class=\"cmsmasters_column one_first\">\n<div class=\"cmsmasters_column_inner\"><div class=\"cmsmasters_text\">\n<h3><span style=\"color: #ef3016;\">Skontaktuj si\u0119 z nami!<\/span><\/h3>\n<p>Cieszymy si\u0119, \u017ce odwiedzasz nas na naszej stronie internetowej i szukasz naszego kontaktu. Jeste\u015bmy zawsze otwarci na sugestie i pytania dotycz\u0105ce wsp\u00f3lnej wsp\u00f3\u0142pracy oraz partnerstwa na obszarze sprzeda\u017cy i projekt\u00f3w.<\/p>\n<p>Porozmawiaj o tym z nami, wype\u0142nij formularz, a my skontaktujemy si\u0119 z Tob\u0105 jak najszybciej.<\/p>\n<\/div>\n<div id=\"cmsmasters_divider_oe8dmqat1j\" class=\"cmsmasters_divider cmsmasters_divider_width_long cmsmasters_divider_pos_center\"><\/div>\n<div class=\"cmsmasters_contact_form contactform\">\n<div class=\"wpcf7 no-js\" id=\"wpcf7-f5242-o1\" lang=\"en-US\" dir=\"ltr\" data-wpcf7-id=\"5242\">\n<div class=\"screen-reader-response\"><p role=\"status\" aria-live=\"polite\" aria-atomic=\"true\"><\/p> <ul><\/ul><\/div>\n<form action=\"\/pl\/wp-json\/wp\/v2\/pages\/4816#wpcf7-f5242-o1\" method=\"post\" class=\"wpcf7-form init\" aria-label=\"Contact form\" novalidate=\"novalidate\" data-status=\"init\">\n<div style=\"display: none;\">\n<input type=\"hidden\" name=\"_wpcf7\" value=\"5242\" \/>\n<input type=\"hidden\" name=\"_wpcf7_version\" value=\"6.0.5\" \/>\n<input type=\"hidden\" name=\"_wpcf7_locale\" value=\"en_US\" \/>\n<input type=\"hidden\" name=\"_wpcf7_unit_tag\" value=\"wpcf7-f5242-o1\" \/>\n<input type=\"hidden\" name=\"_wpcf7_container_post\" value=\"0\" \/>\n<input type=\"hidden\" name=\"_wpcf7_posted_data_hash\" value=\"\" \/>\n<\/div>\n<div class=\"cmsmasters-form-builder\">\n\t<div class=\"form_info one_first\">\n\t\t<p><span class=\"wpcf7-form-control-wrap\" data-name=\"your-name\"><input size=\"40\" maxlength=\"400\" class=\"wpcf7-form-control wpcf7-text wpcf7-validates-as-required\" aria-required=\"true\" aria-invalid=\"false\" placeholder=\"Twoje imi\u0119\" value=\"\" type=\"text\" name=\"your-name\" \/><\/span>\n\t\t<\/p>\n\t<\/div>\n\t<div class=\"form_info one_first\">\n\t\t<p><span class=\"wpcf7-form-control-wrap\" data-name=\"company\"><input size=\"40\" maxlength=\"400\" class=\"wpcf7-form-control wpcf7-text\" aria-invalid=\"false\" placeholder=\"Firma\" value=\"\" type=\"text\" name=\"company\" \/><\/span>\n\t\t<\/p>\n\t<\/div>\n\t<div class=\"form_info one_first\">\n\t\t<p><span class=\"wpcf7-form-control-wrap\" data-name=\"email\"><input size=\"40\" maxlength=\"400\" class=\"wpcf7-form-control wpcf7-email wpcf7-validates-as-required wpcf7-text wpcf7-validates-as-email\" aria-required=\"true\" aria-invalid=\"false\" placeholder=\"Tw\u00f3j email\" value=\"\" type=\"email\" name=\"email\" \/><\/span>\n\t\t<\/p>\n\t<\/div>\n\t<div class=\"form_info one_first\">\n\t\t<p><span class=\"wpcf7-form-control-wrap\" data-name=\"phone\"><input size=\"40\" maxlength=\"400\" class=\"wpcf7-form-control wpcf7-tel wpcf7-validates-as-required wpcf7-text wpcf7-validates-as-tel\" aria-required=\"true\" aria-invalid=\"false\" placeholder=\"Tw\u00f3j numer telefonu\" value=\"\" type=\"tel\" name=\"phone\" \/><\/span>\n\t\t<\/p>\n\t<\/div>\n\t<div class=\"form_info one_first\">\n\t\t<p><span class=\"wpcf7-form-control-wrap\" data-name=\"subject\"><select class=\"wpcf7-form-control wpcf7-select\" aria-invalid=\"false\" name=\"subject\"><option value=\"Temat:\">Temat:<\/option><option value=\"Zainteresowanie produktami\">Zainteresowanie produktami<\/option><option value=\"Zapisz si\u0119 do newslettera\">Zapisz si\u0119 do newslettera<\/option><option value=\"Plusy i minusy\">Plusy i minusy<\/option><option value=\"Praca &amp; partnerstwo\">Praca &amp; partnerstwo<\/option><option value=\"Inne\">Inne<\/option><\/select><\/span>\n\t\t<\/p>\n\t<\/div>\n\t<div class=\"form_info one_first\">\n\t\t<p><span class=\"wpcf7-form-control-wrap\" data-name=\"your-message\"><textarea cols=\"40\" rows=\"10\" maxlength=\"2000\" class=\"wpcf7-form-control wpcf7-textarea wpcf7-validates-as-required\" aria-required=\"true\" aria-invalid=\"false\" placeholder=\"Twoja wiadomo\u015b\u0107\" name=\"your-message\"><\/textarea><\/span>\n\t\t<\/p>\n\t<\/div>\n\t<div class=\"form_info one_first\">\n\t\t<div class=\"cmsmasters_submit_wrap\">\n\t\t\t<p><input class=\"wpcf7-form-control wpcf7-submit has-spinner\" type=\"submit\" value=\"Zatwierd\u017a\" \/>\n\t\t\t<\/p>\n\t\t<\/div>\n\t<\/div>\n<\/div><div class=\"wpcf7-response-output\" aria-hidden=\"true\"><\/div>\n<\/form>\n<\/div>\n<\/div>\n<\/div><\/div>\n<\/div>\n<\/div>\n<\/div>\n<\/div>\n<\/div>\n<div id=\"cmsmasters_row_cfuzf5nglp\" class=\"cmsmasters_row cmsmasters_color_scheme_default cmsmasters_row_top_default cmsmasters_row_bot_default cmsmasters_row_boxed\">\n<div class=\"cmsmasters_row_outer_parent\">\n<div class=\"cmsmasters_row_outer\">\n<div class=\"cmsmasters_row_inner\">\n<div class=\"cmsmasters_row_margin\">\n<div id=\"cmsmasters_column_5ptf68d3o\" class=\"cmsmasters_column one_first\">\n<div class=\"cmsmasters_column_inner\">\n<div id=\"cmsmasters_divider_4yf3v210l\" class=\"cl\"><\/div>\n<\/div><\/div>\n<\/div>\n<\/div>\n<\/div>\n<\/div>\n<\/div>\n\n","protected":false},"excerpt":{"rendered":"","protected":false},"author":1,"featured_media":0,"parent":0,"menu_order":0,"comment_status":"closed","ping_status":"closed","template":"","meta":{"footnotes":""},"class_list":["post-4816","page","type-page","status-publish","hentry"],"yoast_head":"<!-- This site is optimized with the Yoast SEO plugin v24.6 - https:\/\/yoast.com\/wordpress\/plugins\/seo\/ -->\n<title>Kontakt - SatMARS<\/title>\n<meta name=\"robots\" content=\"index, follow, max-snippet:-1, max-image-preview:large, max-video-preview:-1\" \/>\n<link rel=\"canonical\" href=\"https:\/\/www.satmars.com\/pl\/kontakt\/\" \/>\n<meta property=\"og:locale\" content=\"pl_PL\" \/>\n<meta property=\"og:type\" content=\"article\" \/>\n<meta property=\"og:title\" content=\"Kontakt - SatMARS\" \/>\n<meta property=\"og:url\" content=\"https:\/\/www.satmars.com\/kontakt\/\" \/>\n<meta property=\"og:site_name\" content=\"SatMARS\" \/>\n<meta property=\"article:modified_time\" content=\"2024-05-21T06:07:23+00:00\" \/>\n<meta name=\"twitter:card\" content=\"summary_large_image\" \/>\n<meta name=\"twitter:label1\" content=\"Szacowany czas czytania\" \/>\n\t<meta name=\"twitter:data1\" content=\"4 minuty\" \/>\n<script type=\"application\/ld+json\" class=\"yoast-schema-graph\">{\"@context\":\"https:\/\/schema.org\",\"@graph\":[{\"@type\":\"WebPage\",\"@id\":\"https:\/\/www.satmars.com\/kontakt\/\",\"url\":\"https:\/\/www.satmars.com\/kontakt\/\",\"name\":\"Kontakt - SatMARS\",\"isPartOf\":{\"@id\":\"https:\/\/www.satmars.com\/#website\"},\"datePublished\":\"2020-06-23T12:20:12+00:00\",\"dateModified\":\"2024-05-21T06:07:23+00:00\",\"breadcrumb\":{\"@id\":\"https:\/\/www.satmars.com\/kontakt\/#breadcrumb\"},\"inLanguage\":\"pl-PL\",\"potentialAction\":[{\"@type\":\"ReadAction\",\"target\":[\"https:\/\/www.satmars.com\/kontakt\/\"]}]},{\"@type\":\"BreadcrumbList\",\"@id\":\"https:\/\/www.satmars.com\/kontakt\/#breadcrumb\",\"itemListElement\":[{\"@type\":\"ListItem\",\"position\":1,\"name\":\"Startseite\",\"item\":\"https:\/\/www.satmars.com\/pl\/\"},{\"@type\":\"ListItem\",\"position\":2,\"name\":\"Kontakt\"}]},{\"@type\":\"WebSite\",\"@id\":\"https:\/\/www.satmars.com\/#website\",\"url\":\"https:\/\/www.satmars.com\/\",\"name\":\"SatMARS\",\"description\":\"Navigations- &amp; Kommunikationssysteme GmbH\",\"potentialAction\":[{\"@type\":\"SearchAction\",\"target\":{\"@type\":\"EntryPoint\",\"urlTemplate\":\"https:\/\/www.satmars.com\/?s={search_term_string}\"},\"query-input\":{\"@type\":\"PropertyValueSpecification\",\"valueRequired\":true,\"valueName\":\"search_term_string\"}}],\"inLanguage\":\"pl-PL\"}]}<\/script>\n<!-- \/ Yoast SEO plugin. -->","yoast_head_json":{"title":"Kontakt - SatMARS","robots":{"index":"index","follow":"follow","max-snippet":"max-snippet:-1","max-image-preview":"max-image-preview:large","max-video-preview":"max-video-preview:-1"},"canonical":"https:\/\/www.satmars.com\/pl\/kontakt\/","og_locale":"pl_PL","og_type":"article","og_title":"Kontakt - SatMARS","og_url":"https:\/\/www.satmars.com\/kontakt\/","og_site_name":"SatMARS","article_modified_time":"2024-05-21T06:07:23+00:00","twitter_card":"summary_large_image","twitter_misc":{"Szacowany czas czytania":"4 minuty"},"schema":{"@context":"https:\/\/schema.org","@graph":[{"@type":"WebPage","@id":"https:\/\/www.satmars.com\/kontakt\/","url":"https:\/\/www.satmars.com\/kontakt\/","name":"Kontakt - SatMARS","isPartOf":{"@id":"https:\/\/www.satmars.com\/#website"},"datePublished":"2020-06-23T12:20:12+00:00","dateModified":"2024-05-21T06:07:23+00:00","breadcrumb":{"@id":"https:\/\/www.satmars.com\/kontakt\/#breadcrumb"},"inLanguage":"pl-PL","potentialAction":[{"@type":"ReadAction","target":["https:\/\/www.satmars.com\/kontakt\/"]}]},{"@type":"BreadcrumbList","@id":"https:\/\/www.satmars.com\/kontakt\/#breadcrumb","itemListElement":[{"@type":"ListItem","position":1,"name":"Startseite","item":"https:\/\/www.satmars.com\/pl\/"},{"@type":"ListItem","position":2,"name":"Kontakt"}]},{"@type":"WebSite","@id":"https:\/\/www.satmars.com\/#website","url":"https:\/\/www.satmars.com\/","name":"SatMARS","description":"Navigations- &amp; Kommunikationssysteme GmbH","potentialAction":[{"@type":"SearchAction","target":{"@type":"EntryPoint","urlTemplate":"https:\/\/www.satmars.com\/?s={search_term_string}"},"query-input":{"@type":"PropertyValueSpecification","valueRequired":true,"valueName":"search_term_string"}}],"inLanguage":"pl-PL"}]}},"_links":{"self":[{"href":"https:\/\/www.satmars.com\/pl\/wp-json\/wp\/v2\/pages\/4816","targetHints":{"allow":["GET"]}}],"collection":[{"href":"https:\/\/www.satmars.com\/pl\/wp-json\/wp\/v2\/pages"}],"about":[{"href":"https:\/\/www.satmars.com\/pl\/wp-json\/wp\/v2\/types\/page"}],"author":[{"embeddable":true,"href":"https:\/\/www.satmars.com\/pl\/wp-json\/wp\/v2\/users\/1"}],"replies":[{"embeddable":true,"href":"https:\/\/www.satmars.com\/pl\/wp-json\/wp\/v2\/comments?post=4816"}],"version-history":[{"count":9,"href":"https:\/\/www.satmars.com\/pl\/wp-json\/wp\/v2\/pages\/4816\/revisions"}],"predecessor-version":[{"id":9482,"href":"https:\/\/www.satmars.com\/pl\/wp-json\/wp\/v2\/pages\/4816\/revisions\/9482"}],"wp:attachment":[{"href":"https:\/\/www.satmars.com\/pl\/wp-json\/wp\/v2\/media?parent=4816"}],"curies":[{"name":"wp","href":"https:\/\/api.w.org\/{rel}","templated":true}]}}