{"id":4787,"date":"2019-07-18T12:13:25","date_gmt":"2019-07-18T10:13:25","guid":{"rendered":"https:\/\/www.satmars.com\/produkte\/"},"modified":"2025-03-06T12:51:28","modified_gmt":"2025-03-06T11:51:28","slug":"produkte","status":"publish","type":"page","link":"https:\/\/www.satmars.com\/pl\/produkte\/","title":{"rendered":"Produkty"},"content":{"rendered":"<div id=\"cmsmasters_row_\" class=\"cmsmasters_row cmsmasters_color_scheme_default cmsmasters_row_top_default cmsmasters_row_bot_default cmsmasters_row_boxed\">\n<div class=\"cmsmasters_row_outer_parent\">\n<div class=\"cmsmasters_row_outer\">\n<div class=\"cmsmasters_row_inner\">\n<div class=\"cmsmasters_row_margin\">\n<div id=\"cmsmasters_column_\" class=\"cmsmasters_column one_third\">\n<div class=\"cmsmasters_column_inner\"><div class=\"cmsmasters_img  cmsmasters_image_n\" data-animation=\"fadeIn\" data-delay=\"0\"><img decoding=\"async\" src=\"https:\/\/www.satmars.com\/wp-content\/uploads\/2019\/09\/angebot1.jpg\" \/><\/div>\n<\/div><\/div>\n<div id=\"cmsmasters_column_nk4pfbuvnk\" class=\"cmsmasters_column two_third\">\n<div class=\"cmsmasters_column_inner\"><div id=\"cmsmasters_heading_nbik277htb\" class=\"cmsmasters_heading_wrap cmsmasters_heading_align_left\">\n\t<h2 class=\"cmsmasters_heading\">Bezpiecze\u0144stwo pracownik\u00f3w samotnych<\/h2>\n<\/div><div class=\"cmsmasters_text\">\n<p>Ochrona ludzi jest dla nas bardzo wa\u017cna &#8211; szczeg\u00f3lnie je\u015bli chodzi o niebezpieczn\u0105 prac\u0119 lub zadania wykonywane samodzielnie.<\/p>\n<\/div>\n<div id=\"cmsmasters_button_beptbte7mz\" class=\"button_wrap\"><a href=\"\/https:\/\/www.satmars.com\/pl\/produkte\/ochrona-ludzi\/\" class=\"cmsmasters_button cmsmasters_but_clear_styles cmsmasters_but_icon cmsmasters-icon-custom-arrow-circled\"><span> WI\u0118CEJ<\/span><\/a><\/div>\n<\/div><\/div>\n<\/div>\n<\/div>\n<\/div>\n<\/div>\n<\/div>\n<div id=\"cmsmasters_row_dkzem1fctl\" class=\"cmsmasters_row cmsmasters_color_scheme_default cmsmasters_row_top_default cmsmasters_row_bot_default cmsmasters_row_boxed\">\n<div class=\"cmsmasters_row_outer_parent\">\n<div class=\"cmsmasters_row_outer\">\n<div class=\"cmsmasters_row_inner\">\n<div class=\"cmsmasters_row_margin\">\n<div id=\"cmsmasters_column_muz20whx4t\" class=\"cmsmasters_column one_first\">\n<div class=\"cmsmasters_column_inner\">\n<div id=\"cmsmasters_divider_4z6o4bh3e3\" class=\"cmsmasters_divider cmsmasters_dotted_row cmsmasters_divider_width_long cmsmasters_divider_pos_center\"><\/div>\n<\/div><\/div>\n<\/div>\n<\/div>\n<\/div>\n<\/div>\n<\/div>\n<div id=\"cmsmasters_row_k17ulbdkfg\" class=\"cmsmasters_row cmsmasters_color_scheme_default cmsmasters_row_top_default cmsmasters_row_bot_default cmsmasters_row_boxed\">\n<div class=\"cmsmasters_row_outer_parent\">\n<div class=\"cmsmasters_row_outer\">\n<div class=\"cmsmasters_row_inner\">\n<div class=\"cmsmasters_row_margin\">\n<div id=\"cmsmasters_column_6rvbny4rdp\" class=\"cmsmasters_column one_third\">\n<div class=\"cmsmasters_column_inner\"><div class=\"cmsmasters_img  cmsmasters_image_n\" data-animation=\"fadeIn\" data-delay=\"0\"><img decoding=\"async\" src=\"https:\/\/www.satmars.com\/wp-content\/uploads\/2019\/09\/angebot2.jpg\" \/><\/div>\n<\/div><\/div>\n<div id=\"cmsmasters_column_sl8wz08g7\" class=\"cmsmasters_column two_third\">\n<div class=\"cmsmasters_column_inner\"><div id=\"cmsmasters_heading_zltzz30mxk\" class=\"cmsmasters_heading_wrap cmsmasters_heading_align_left\">\n\t<h2 class=\"cmsmasters_heading\">\u015aledzenie pojazdu i bezpiecze\u0144stwo<\/h2>\n<\/div><div class=\"cmsmasters_text\">\n<p>Nawigacja i lokalizacja pojazdu s\u0105 w naszej krwi i od pocz\u0105tku stanowi\u0105 wa\u017cn\u0105 cz\u0119\u015bci\u0105 naszych ofert.<\/p>\n<\/div>\n<div id=\"cmsmasters_button_7enoo98nbb\" class=\"button_wrap\"><a href=\"https:\/\/www.satmars.com\/pl\/produkte\/lokalizacja-pojazdu\/\" class=\"cmsmasters_button cmsmasters_but_clear_styles cmsmasters_but_icon cmsmasters-icon-custom-arrow-circled\"><span> WI\u0118CEJ<\/span><\/a><\/div>\n<\/div><\/div>\n<\/div>\n<\/div>\n<\/div>\n<\/div>\n<\/div>\n<div id=\"cmsmasters_row_jt00hk6c1l\" class=\"cmsmasters_row cmsmasters_color_scheme_default cmsmasters_row_top_default cmsmasters_row_bot_default cmsmasters_row_boxed\">\n<div class=\"cmsmasters_row_outer_parent\">\n<div class=\"cmsmasters_row_outer\">\n<div class=\"cmsmasters_row_inner\">\n<div class=\"cmsmasters_row_margin\">\n<div id=\"cmsmasters_column_258d4rmgtb\" class=\"cmsmasters_column one_first\">\n<div class=\"cmsmasters_column_inner\">\n<div id=\"cmsmasters_divider_8cd4p8e0ip\" class=\"cmsmasters_divider cmsmasters_dotted_row cmsmasters_divider_width_long cmsmasters_divider_pos_center\"><\/div>\n<\/div><\/div>\n<\/div>\n<\/div>\n<\/div>\n<\/div>\n<\/div>\n<div id=\"cmsmasters_row_dy06nr03a\" class=\"cmsmasters_row cmsmasters_color_scheme_default cmsmasters_row_top_default cmsmasters_row_bot_default cmsmasters_row_boxed\">\n<div class=\"cmsmasters_row_outer_parent\">\n<div class=\"cmsmasters_row_outer\">\n<div class=\"cmsmasters_row_inner\">\n<div class=\"cmsmasters_row_margin\">\n<div id=\"cmsmasters_column_6si3h056d\" class=\"cmsmasters_column one_third\">\n<div class=\"cmsmasters_column_inner\"><div class=\"cmsmasters_img  cmsmasters_image_n\" data-animation=\"fadeIn\" data-delay=\"0\"><img decoding=\"async\" src=\"https:\/\/www.satmars.com\/wp-content\/uploads\/2019\/09\/angebot3.jpg\" \/><\/div>\n<\/div><\/div>\n<div id=\"cmsmasters_column_cxjxrc6jf\" class=\"cmsmasters_column two_third\">\n<div class=\"cmsmasters_column_inner\"><div id=\"cmsmasters_heading_78u5hscrp\" class=\"cmsmasters_heading_wrap cmsmasters_heading_align_left\">\n\t<h2 class=\"cmsmasters_heading\">Zabezpieczenie naczep<\/h2>\n<\/div><div class=\"cmsmasters_text\">\n<p>Mo\u017cesz dostrzec nasz\u0105 wysok\u0105 jako\u015b\u0107 podczas zabezpieczania i monitoringu naczep.<\/p>\n<\/div>\n<div id=\"cmsmasters_button_yrva3wl5o\" class=\"button_wrap\"><a href=\"https:\/\/www.satmars.com\/pl\/produkte\/zabezpieczenie-naczepy\/\" class=\"cmsmasters_button cmsmasters_but_clear_styles cmsmasters_but_icon cmsmasters-icon-custom-arrow-circled\"><span> WI\u0118CEJ<\/span><\/a><\/div>\n<\/div><\/div>\n<\/div>\n<\/div>\n<\/div>\n<\/div>\n<\/div>\n<div id=\"cmsmasters_row_0p4wagla2i\" class=\"cmsmasters_row cmsmasters_color_scheme_default cmsmasters_row_top_default cmsmasters_row_bot_default cmsmasters_row_boxed\">\n<div class=\"cmsmasters_row_outer_parent\">\n<div class=\"cmsmasters_row_outer\">\n<div class=\"cmsmasters_row_inner\">\n<div class=\"cmsmasters_row_margin\">\n<div id=\"cmsmasters_column_lbjel69gm\" class=\"cmsmasters_column one_first\">\n<div class=\"cmsmasters_column_inner\">\n<div id=\"cmsmasters_divider_du79zg70ze\" class=\"cmsmasters_divider cmsmasters_dotted_row cmsmasters_divider_width_long cmsmasters_divider_pos_center\"><\/div>\n<\/div><\/div>\n<\/div>\n<\/div>\n<\/div>\n<\/div>\n<\/div>\n<div id=\"cmsmasters_row_zys6fhji69\" class=\"cmsmasters_row cmsmasters_color_scheme_default cmsmasters_row_top_default cmsmasters_row_bot_default cmsmasters_row_boxed\">\n<div class=\"cmsmasters_row_outer_parent\">\n<div class=\"cmsmasters_row_outer\">\n<div class=\"cmsmasters_row_inner\">\n<div class=\"cmsmasters_row_margin\">\n<div id=\"cmsmasters_column_qqk9uwxyc4\" class=\"cmsmasters_column one_third\">\n<div class=\"cmsmasters_column_inner\"><div class=\"cmsmasters_img  cmsmasters_image_n\" data-animation=\"fadeIn\" data-delay=\"0\"><img decoding=\"async\" src=\"https:\/\/www.satmars.com\/wp-content\/uploads\/2019\/10\/angebot5n.jpg\" \/><\/div>\n<\/div><\/div>\n<div id=\"cmsmasters_column_rl4t83d1s\" class=\"cmsmasters_column two_third\">\n<div class=\"cmsmasters_column_inner\"><div id=\"cmsmasters_heading_4qw5sds46s\" class=\"cmsmasters_heading_wrap cmsmasters_heading_align_left\">\n\t<h2 class=\"cmsmasters_heading\">Czujniki oraz inne akcesoria<\/h2>\n<\/div><div class=\"cmsmasters_text\">\n<p>Zabezpieczenie oraz zdalne sterowanie mo\u017cna optymalnie uzupe\u0142ni\u0107 czujnikami lub innym akcesorium bezpiecze\u0144stwa.<\/p>\n<\/div>\n<div id=\"cmsmasters_button_j690huc1jo\" class=\"button_wrap\"><a href=\"https:\/\/www.satmars.com\/pl\/produkte\/czujniki-bezpieczenstwa\/\" class=\"cmsmasters_button cmsmasters_but_clear_styles cmsmasters_but_icon cmsmasters-icon-custom-arrow-circled\"><span> WI\u0118CEJ<\/span><\/a><\/div>\n<\/div><\/div>\n<\/div>\n<\/div>\n<\/div>\n<\/div>\n<\/div>\n<div id=\"cmsmasters_row_okaxidmxc9\" class=\"cmsmasters_row cmsmasters_color_scheme_default cmsmasters_row_top_default cmsmasters_row_bot_default cmsmasters_row_boxed\">\n<div class=\"cmsmasters_row_outer_parent\">\n<div class=\"cmsmasters_row_outer\">\n<div class=\"cmsmasters_row_inner\">\n<div class=\"cmsmasters_row_margin\">\n<div id=\"cmsmasters_column_jgdvcvqa4e\" class=\"cmsmasters_column one_first\">\n<div class=\"cmsmasters_column_inner\">\n<div id=\"cmsmasters_divider_va659a0fop\" class=\"cmsmasters_divider cmsmasters_dotted_row cmsmasters_divider_width_long cmsmasters_divider_pos_center\"><\/div>\n<\/div><\/div>\n<\/div>\n<\/div>\n<\/div>\n<\/div>\n<\/div>\n<div id=\"cmsmasters_row_kg6kvcsjti\" class=\"cmsmasters_row cmsmasters_color_scheme_default cmsmasters_row_top_default cmsmasters_row_bot_default cmsmasters_row_boxed\">\n<div class=\"cmsmasters_row_outer_parent\">\n<div class=\"cmsmasters_row_outer\">\n<div class=\"cmsmasters_row_inner\">\n<div class=\"cmsmasters_row_margin\">\n<div id=\"cmsmasters_column_2rbm2j9qm\" class=\"cmsmasters_column one_third\">\n<div class=\"cmsmasters_column_inner\"><div class=\"cmsmasters_img  cmsmasters_image_n\" data-animation=\"fadeIn\" data-delay=\"0\"><img decoding=\"async\" src=\"https:\/\/www.satmars.com\/wp-content\/uploads\/2019\/09\/angebot6.jpg\" \/><\/div>\n<\/div><\/div>\n<div id=\"cmsmasters_column_2f3k14nn8b\" class=\"cmsmasters_column two_third\">\n<div class=\"cmsmasters_column_inner\"><div id=\"cmsmasters_heading_utm8mzh64j\" class=\"cmsmasters_heading_wrap cmsmasters_heading_align_left\">\n\t<h2 class=\"cmsmasters_heading\">Rozwi\u0105zania programowe<\/h2>\n<\/div><div class=\"cmsmasters_text\">\n<p>Rozwi\u0105zanie optymalnego oprogramowania w biurze czy w trasie jest niezb\u0119dne.<\/p>\n<\/div>\n<div id=\"cmsmasters_button_0kymk0uf3l\" class=\"button_wrap\"><a href=\"https:\/\/www.satmars.com\/pl\/produkte\/rozwiazania-programowe\/\" class=\"cmsmasters_button cmsmasters_but_clear_styles cmsmasters_but_icon cmsmasters-icon-custom-arrow-circled\"><span> WI\u0118CEJ<\/span><\/a><\/div>\n<\/div><\/div>\n<\/div>\n<\/div>\n<\/div>\n<\/div>\n<\/div>\n\n","protected":false},"excerpt":{"rendered":"","protected":false},"author":1,"featured_media":0,"parent":0,"menu_order":0,"comment_status":"closed","ping_status":"closed","template":"","meta":{"footnotes":""},"class_list":["post-4787","page","type-page","status-publish","hentry"],"yoast_head":"<!-- This site is optimized with the Yoast SEO plugin v24.6 - https:\/\/yoast.com\/wordpress\/plugins\/seo\/ -->\n<title>Produkty - SatMARS<\/title>\n<meta name=\"robots\" content=\"index, follow, max-snippet:-1, max-image-preview:large, max-video-preview:-1\" \/>\n<link rel=\"canonical\" href=\"https:\/\/www.satmars.com\/pl\/produkte\/\" \/>\n<meta property=\"og:locale\" content=\"pl_PL\" \/>\n<meta property=\"og:type\" content=\"article\" \/>\n<meta property=\"og:title\" content=\"Produkty - SatMARS\" \/>\n<meta property=\"og:url\" content=\"https:\/\/www.satmars.com\/pl\/produkte\/\" \/>\n<meta property=\"og:site_name\" content=\"SatMARS\" \/>\n<meta property=\"article:modified_time\" content=\"2025-03-06T11:51:28+00:00\" \/>\n<meta name=\"twitter:card\" content=\"summary_large_image\" \/>\n<meta name=\"twitter:label1\" content=\"Szacowany czas czytania\" \/>\n\t<meta name=\"twitter:data1\" content=\"8 minut\" \/>\n<script type=\"application\/ld+json\" class=\"yoast-schema-graph\">{\"@context\":\"https:\/\/schema.org\",\"@graph\":[{\"@type\":\"WebPage\",\"@id\":\"https:\/\/www.satmars.com\/pl\/produkte\/\",\"url\":\"https:\/\/www.satmars.com\/pl\/produkte\/\",\"name\":\"Produkty - SatMARS\",\"isPartOf\":{\"@id\":\"https:\/\/www.satmars.com\/#website\"},\"datePublished\":\"2019-07-18T10:13:25+00:00\",\"dateModified\":\"2025-03-06T11:51:28+00:00\",\"breadcrumb\":{\"@id\":\"https:\/\/www.satmars.com\/pl\/produkte\/#breadcrumb\"},\"inLanguage\":\"pl-PL\",\"potentialAction\":[{\"@type\":\"ReadAction\",\"target\":[\"https:\/\/www.satmars.com\/pl\/produkte\/\"]}]},{\"@type\":\"BreadcrumbList\",\"@id\":\"https:\/\/www.satmars.com\/pl\/produkte\/#breadcrumb\",\"itemListElement\":[{\"@type\":\"ListItem\",\"position\":1,\"name\":\"Startseite\",\"item\":\"https:\/\/www.satmars.com\/pl\/\"},{\"@type\":\"ListItem\",\"position\":2,\"name\":\"Produkty\"}]},{\"@type\":\"WebSite\",\"@id\":\"https:\/\/www.satmars.com\/#website\",\"url\":\"https:\/\/www.satmars.com\/\",\"name\":\"SatMARS\",\"description\":\"Navigations- &amp; Kommunikationssysteme GmbH\",\"potentialAction\":[{\"@type\":\"SearchAction\",\"target\":{\"@type\":\"EntryPoint\",\"urlTemplate\":\"https:\/\/www.satmars.com\/?s={search_term_string}\"},\"query-input\":{\"@type\":\"PropertyValueSpecification\",\"valueRequired\":true,\"valueName\":\"search_term_string\"}}],\"inLanguage\":\"pl-PL\"}]}<\/script>\n<!-- \/ Yoast SEO plugin. -->","yoast_head_json":{"title":"Produkty - SatMARS","robots":{"index":"index","follow":"follow","max-snippet":"max-snippet:-1","max-image-preview":"max-image-preview:large","max-video-preview":"max-video-preview:-1"},"canonical":"https:\/\/www.satmars.com\/pl\/produkte\/","og_locale":"pl_PL","og_type":"article","og_title":"Produkty - SatMARS","og_url":"https:\/\/www.satmars.com\/pl\/produkte\/","og_site_name":"SatMARS","article_modified_time":"2025-03-06T11:51:28+00:00","twitter_card":"summary_large_image","twitter_misc":{"Szacowany czas czytania":"8 minut"},"schema":{"@context":"https:\/\/schema.org","@graph":[{"@type":"WebPage","@id":"https:\/\/www.satmars.com\/pl\/produkte\/","url":"https:\/\/www.satmars.com\/pl\/produkte\/","name":"Produkty - SatMARS","isPartOf":{"@id":"https:\/\/www.satmars.com\/#website"},"datePublished":"2019-07-18T10:13:25+00:00","dateModified":"2025-03-06T11:51:28+00:00","breadcrumb":{"@id":"https:\/\/www.satmars.com\/pl\/produkte\/#breadcrumb"},"inLanguage":"pl-PL","potentialAction":[{"@type":"ReadAction","target":["https:\/\/www.satmars.com\/pl\/produkte\/"]}]},{"@type":"BreadcrumbList","@id":"https:\/\/www.satmars.com\/pl\/produkte\/#breadcrumb","itemListElement":[{"@type":"ListItem","position":1,"name":"Startseite","item":"https:\/\/www.satmars.com\/pl\/"},{"@type":"ListItem","position":2,"name":"Produkty"}]},{"@type":"WebSite","@id":"https:\/\/www.satmars.com\/#website","url":"https:\/\/www.satmars.com\/","name":"SatMARS","description":"Navigations- &amp; Kommunikationssysteme GmbH","potentialAction":[{"@type":"SearchAction","target":{"@type":"EntryPoint","urlTemplate":"https:\/\/www.satmars.com\/?s={search_term_string}"},"query-input":{"@type":"PropertyValueSpecification","valueRequired":true,"valueName":"search_term_string"}}],"inLanguage":"pl-PL"}]}},"_links":{"self":[{"href":"https:\/\/www.satmars.com\/pl\/wp-json\/wp\/v2\/pages\/4787","targetHints":{"allow":["GET"]}}],"collection":[{"href":"https:\/\/www.satmars.com\/pl\/wp-json\/wp\/v2\/pages"}],"about":[{"href":"https:\/\/www.satmars.com\/pl\/wp-json\/wp\/v2\/types\/page"}],"author":[{"embeddable":true,"href":"https:\/\/www.satmars.com\/pl\/wp-json\/wp\/v2\/users\/1"}],"replies":[{"embeddable":true,"href":"https:\/\/www.satmars.com\/pl\/wp-json\/wp\/v2\/comments?post=4787"}],"version-history":[{"count":5,"href":"https:\/\/www.satmars.com\/pl\/wp-json\/wp\/v2\/pages\/4787\/revisions"}],"predecessor-version":[{"id":10645,"href":"https:\/\/www.satmars.com\/pl\/wp-json\/wp\/v2\/pages\/4787\/revisions\/10645"}],"wp:attachment":[{"href":"https:\/\/www.satmars.com\/pl\/wp-json\/wp\/v2\/media?parent=4787"}],"curies":[{"name":"wp","href":"https:\/\/api.w.org\/{rel}","templated":true}]}}