{"id":4777,"date":"2020-05-03T14:05:52","date_gmt":"2020-05-03T12:05:52","guid":{"rendered":"https:\/\/www.satmars.com\/impress\/"},"modified":"2024-06-19T12:54:44","modified_gmt":"2024-06-19T10:54:44","slug":"impress","status":"publish","type":"page","link":"https:\/\/www.satmars.com\/pl\/impress\/","title":{"rendered":"Odcisk"},"content":{"rendered":"<div id=\"cmsmasters_row_\" class=\"cmsmasters_row cmsmasters_color_scheme_default cmsmasters_row_top_default cmsmasters_row_bot_default cmsmasters_row_boxed\">\n<div class=\"cmsmasters_row_outer_parent\">\n<div class=\"cmsmasters_row_outer\">\n<div class=\"cmsmasters_row_inner\">\n<div class=\"cmsmasters_row_margin\">\n<div id=\"cmsmasters_column_\" class=\"cmsmasters_column one_first\">\n<div class=\"cmsmasters_column_inner\"><div class=\"cmsmasters_text\">\n<h2><\/h2>\n<h4><span style=\"color: #bd0f0f;\">SatMARS Navigations- und Kommunikationssysteme GmbH<\/span><\/h4>\n<h5>Biuro sprzeda\u017cy technicznej, serwis i zwroty:<\/h5>\n<p>Heinrich-Hertz-Str. 28<br \/>\nD-41516 Grevenbroich<br \/>\nNiemcy<\/p>\n<p><span style=\"font-size: 16px;\">Telefon: +49 (0) 2182 8150 523-1<\/span><\/p>\n<h5>Biuro g\u0142\u00f3wne i administracja \/ Rachunkowo\u015b\u0107:<\/h5>\n<p>Eichenallee 80<br \/>\nD-41469 Neuss<br \/>\nNiemcy<\/p>\n<p>Telefon: +49 &#8211; (0)2137 &#8211; 3836<br \/>\nFax: +49 &#8211; (0)2137 &#8211; 999757<br \/>\nEmail: <a href=\"mailto:info@satmars.de\">info@satmars.de<\/a><\/p>\n<h5>Wi\u0119cej szczeg\u00f3\u0142\u00f3w:<\/h5>\n<p>Dyrektor zarz\u0105dzaj\u0105cy: Marc Melzner<br \/>\nW\u0142a\u015bciwo\u015b\u0107 miejscowa: S\u0105d Rejonowy Neuss<br \/>\nNumer rejestru: HRB 9193<br \/>\nU.St. \/ Numer identyfikacyjny VAT: DE 192 329 106<br \/>\nWEEE Nr rejestracyjny: DE 86919119<\/p>\n<h5>Ograniczenie odpowiedzialno\u015bci:<\/h5>\n<p>Zawarto\u015b\u0107 tej strony jest tworzona z najwy\u017csz\u0105 staranno\u015bci\u0105. SatMARS GmbH nie gwarantuje dok\u0142adno\u015bci, kompletno\u015bci i aktualno\u015bci udost\u0119pnianej tre\u015bci. Korzystanie z zawarto\u015bci strony internetowej odbywa si\u0119 na w\u0142asne ryzyko. Sam u\u017cytek strony internetowej SatMARS GmbH nie tworzy \u017cadnego stosunku umownego mi\u0119dzy u\u017cytkownikiem a SatMARS GmbH.<\/p>\n<h5>Zewn\u0119trzne linki:<\/h5>\n<p>Ta strona zawiera linki do stron internetowych os\u00f3b trzecich (\u201elinki zewn\u0119trzne\u201d). Za te strony internetowe odpowiadaj\u0105 ich operatorzy. \u0141\u0105cz\u0105c linki zewn\u0119trzne po raz pierwszy, SatMARS GmbH sprawdzi\u0142a zawarto\u015b\u0107 stron trzecich pod k\u0105tem jakichkolwiek narusze\u0144 prawa. Podczaz werifikacji tych stron, \u017cadne naruszenie prawa nie by\u0142o widoczne. SatMARS GmbH nie ma wp\u0142ywu na bie\u017c\u0105cy i przysz\u0142y wygl\u0105d oraz na tre\u015b\u0107 po\u0142\u0105czonych stron. Ustawienie link\u00f3w zewn\u0119trznych nie oznacza, \u017ce \u200b\u200bSatMARS GmbH przyjmuje tre\u015bci za odno\u015bnikiem lub linkiem, jako w\u0142asne. Sta\u0142e nadzorowanie link\u00f3w zewn\u0119trznych nie jest uzasadnione dla SatMARS GmbH bez konkretnych podejrze\u0144.<\/p>\n<p>W zwi\u0105zku z tym, odpowiedzialno\u015b\u0107 za linki zewn\u0119trzne jest wyra\u017anie wykluczona. W przypadku naruszenia prawa, takie linki zostan\u0105 natychmiast usuni\u0119te.<\/p>\n<h5>Copyright:<\/h5>\n<p>Wszystkie u\u017cyte tu zdj\u0119cia i teksty podlegaj\u0105 prawu autorskiemu SatMARS GmbH. Kopiowanie tre\u015bci jest dozwolone tylko i wy\u0142\u0105cznie za wyra\u017an\u0105 pisemn\u0105 zgod\u0105 SatMARS GmbH. Obrazy i logo firm partnerskich i sprzedawc\u00f3w podlegaj\u0105 ich prawom autorskim i zosta\u0142y opublikowane za ich zgod\u0105.<\/p>\n<h5>EU-Next Generation<\/h5>\n<p><a href=\"https:\/\/www.satmars.com\/wp-content\/uploads\/2024\/06\/Info_NextGenerationEU.pdf\" target=\"_blank\" rel=\"noopener noreferrer\">Instrument na rzecz Odbudowy i Zwi\u0119kszania Odporno\u015bci (ARF)<\/a> jest instrumentem tymczasowym i centralnym elementem <a href=\"https:\/\/commission.europa.eu\/strategy-and-policy\/eu-budget\/eu-borrower-investor-relations\/nextgenerationeu_en?prefLang=de\" target=\"_blank\" rel=\"noopener noreferrer\">NextGenerationEU<\/a>. Ma on pom\u00f3c Europie wyj\u015b\u0107 z kryzysu silniejsz\u0105 i bardziej odporn\u0105.<\/p>\n<h5>Dalsze dokumenty:<\/h5>\n<ul>\n<li><a href=\"https:\/\/www.satmars.com\/wp-content\/uploads\/2024\/02\/AGB-EN.pdf\" target=\"_blank\" rel=\"noopener noreferrer\">Og\u00f3lne warunki<\/a><\/li>\n<li><a href=\"https:\/\/www.satmars.com\/wp-content\/uploads\/2024\/02\/Entsordungs-und-Umweltbestimmungen-EN.pdf\" target=\"_blank\" rel=\"noopener noreferrer\">Przepisy dotycz\u0105ce ochrony \u015brodowiska i \u015brodki bezpiecze\u0144stwa<\/a><\/li>\n<li><a href=\"https:\/\/www.satmars.com\/pl\/ochrona-danych\/\">Polityka Prywatno\u015bci<\/a><\/li>\n<\/ul>\n<\/div>\n<\/div><\/div>\n<\/div>\n<\/div>\n<\/div>\n<\/div>\n<\/div>\n\n","protected":false},"excerpt":{"rendered":"","protected":false},"author":1,"featured_media":0,"parent":0,"menu_order":0,"comment_status":"closed","ping_status":"closed","template":"","meta":{"footnotes":""},"class_list":["post-4777","page","type-page","status-publish","hentry"],"yoast_head":"<!-- This site is optimized with the Yoast SEO plugin v24.6 - https:\/\/yoast.com\/wordpress\/plugins\/seo\/ -->\n<title>Odcisk - SatMARS<\/title>\n<meta name=\"robots\" content=\"index, follow, max-snippet:-1, max-image-preview:large, max-video-preview:-1\" \/>\n<link rel=\"canonical\" href=\"https:\/\/www.satmars.com\/pl\/impressum\/\" \/>\n<meta property=\"og:locale\" content=\"pl_PL\" \/>\n<meta property=\"og:type\" content=\"article\" \/>\n<meta property=\"og:title\" content=\"Odcisk - SatMARS\" \/>\n<meta property=\"og:url\" content=\"https:\/\/www.satmars.com\/impressum\/\" \/>\n<meta property=\"og:site_name\" content=\"SatMARS\" \/>\n<meta property=\"article:modified_time\" content=\"2024-06-19T10:54:44+00:00\" \/>\n<meta name=\"twitter:card\" content=\"summary_large_image\" \/>\n<meta name=\"twitter:label1\" content=\"Szacowany czas czytania\" \/>\n\t<meta name=\"twitter:data1\" content=\"2 minuty\" \/>\n<script type=\"application\/ld+json\" class=\"yoast-schema-graph\">{\"@context\":\"https:\/\/schema.org\",\"@graph\":[{\"@type\":\"WebPage\",\"@id\":\"https:\/\/www.satmars.com\/impressum\/\",\"url\":\"https:\/\/www.satmars.com\/impressum\/\",\"name\":\"Odcisk - SatMARS\",\"isPartOf\":{\"@id\":\"https:\/\/www.satmars.com\/#website\"},\"datePublished\":\"2020-05-03T12:05:52+00:00\",\"dateModified\":\"2024-06-19T10:54:44+00:00\",\"breadcrumb\":{\"@id\":\"https:\/\/www.satmars.com\/impressum\/#breadcrumb\"},\"inLanguage\":\"pl-PL\",\"potentialAction\":[{\"@type\":\"ReadAction\",\"target\":[\"https:\/\/www.satmars.com\/impressum\/\"]}]},{\"@type\":\"BreadcrumbList\",\"@id\":\"https:\/\/www.satmars.com\/impressum\/#breadcrumb\",\"itemListElement\":[{\"@type\":\"ListItem\",\"position\":1,\"name\":\"Startseite\",\"item\":\"https:\/\/www.satmars.com\/pl\/\"},{\"@type\":\"ListItem\",\"position\":2,\"name\":\"Odcisk\"}]},{\"@type\":\"WebSite\",\"@id\":\"https:\/\/www.satmars.com\/#website\",\"url\":\"https:\/\/www.satmars.com\/\",\"name\":\"SatMARS\",\"description\":\"Navigations- &amp; Kommunikationssysteme GmbH\",\"potentialAction\":[{\"@type\":\"SearchAction\",\"target\":{\"@type\":\"EntryPoint\",\"urlTemplate\":\"https:\/\/www.satmars.com\/?s={search_term_string}\"},\"query-input\":{\"@type\":\"PropertyValueSpecification\",\"valueRequired\":true,\"valueName\":\"search_term_string\"}}],\"inLanguage\":\"pl-PL\"}]}<\/script>\n<!-- \/ Yoast SEO plugin. -->","yoast_head_json":{"title":"Odcisk - SatMARS","robots":{"index":"index","follow":"follow","max-snippet":"max-snippet:-1","max-image-preview":"max-image-preview:large","max-video-preview":"max-video-preview:-1"},"canonical":"https:\/\/www.satmars.com\/pl\/impressum\/","og_locale":"pl_PL","og_type":"article","og_title":"Odcisk - SatMARS","og_url":"https:\/\/www.satmars.com\/impressum\/","og_site_name":"SatMARS","article_modified_time":"2024-06-19T10:54:44+00:00","twitter_card":"summary_large_image","twitter_misc":{"Szacowany czas czytania":"2 minuty"},"schema":{"@context":"https:\/\/schema.org","@graph":[{"@type":"WebPage","@id":"https:\/\/www.satmars.com\/impressum\/","url":"https:\/\/www.satmars.com\/impressum\/","name":"Odcisk - SatMARS","isPartOf":{"@id":"https:\/\/www.satmars.com\/#website"},"datePublished":"2020-05-03T12:05:52+00:00","dateModified":"2024-06-19T10:54:44+00:00","breadcrumb":{"@id":"https:\/\/www.satmars.com\/impressum\/#breadcrumb"},"inLanguage":"pl-PL","potentialAction":[{"@type":"ReadAction","target":["https:\/\/www.satmars.com\/impressum\/"]}]},{"@type":"BreadcrumbList","@id":"https:\/\/www.satmars.com\/impressum\/#breadcrumb","itemListElement":[{"@type":"ListItem","position":1,"name":"Startseite","item":"https:\/\/www.satmars.com\/pl\/"},{"@type":"ListItem","position":2,"name":"Odcisk"}]},{"@type":"WebSite","@id":"https:\/\/www.satmars.com\/#website","url":"https:\/\/www.satmars.com\/","name":"SatMARS","description":"Navigations- &amp; Kommunikationssysteme GmbH","potentialAction":[{"@type":"SearchAction","target":{"@type":"EntryPoint","urlTemplate":"https:\/\/www.satmars.com\/?s={search_term_string}"},"query-input":{"@type":"PropertyValueSpecification","valueRequired":true,"valueName":"search_term_string"}}],"inLanguage":"pl-PL"}]}},"_links":{"self":[{"href":"https:\/\/www.satmars.com\/pl\/wp-json\/wp\/v2\/pages\/4777","targetHints":{"allow":["GET"]}}],"collection":[{"href":"https:\/\/www.satmars.com\/pl\/wp-json\/wp\/v2\/pages"}],"about":[{"href":"https:\/\/www.satmars.com\/pl\/wp-json\/wp\/v2\/types\/page"}],"author":[{"embeddable":true,"href":"https:\/\/www.satmars.com\/pl\/wp-json\/wp\/v2\/users\/1"}],"replies":[{"embeddable":true,"href":"https:\/\/www.satmars.com\/pl\/wp-json\/wp\/v2\/comments?post=4777"}],"version-history":[{"count":15,"href":"https:\/\/www.satmars.com\/pl\/wp-json\/wp\/v2\/pages\/4777\/revisions"}],"predecessor-version":[{"id":9558,"href":"https:\/\/www.satmars.com\/pl\/wp-json\/wp\/v2\/pages\/4777\/revisions\/9558"}],"wp:attachment":[{"href":"https:\/\/www.satmars.com\/pl\/wp-json\/wp\/v2\/media?parent=4777"}],"curies":[{"name":"wp","href":"https:\/\/api.w.org\/{rel}","templated":true}]}}